{"id":1114,"date":"2020-03-25T10:43:13","date_gmt":"2020-03-25T09:43:13","guid":{"rendered":"https:\/\/www.lauranovita.com\/lauranovita.com\/?page_id=1114"},"modified":"2022-06-28T15:19:01","modified_gmt":"2022-06-28T13:19:01","slug":"cours-dauto-maquillage-ordonnance-beaute","status":"publish","type":"page","link":"https:\/\/www.lauranovita.com\/lauranovita.com\/index.php\/cours-dauto-maquillage-ordonnance-beaute\/","title":{"rendered":"Cours d&rsquo;auto-maquillage &#038; Ordonnance beaut\u00e9"},"content":{"rendered":"\n<figure class=\"wp-block-gallery alignwide has-nested-images columns-default is-cropped\">\n<figure class=\"wp-block-image size-large\"><img loading=\"lazy\" width=\"1024\" height=\"683\" data-id=\"784\"  src=\"https:\/\/www.lauranovita.com\/lauranovita.com\/wp-content\/uploads\/2020\/03\/spa-supplies_4460x4460-1024x683.jpg\" alt=\"\" class=\"wp-image-784\" srcset=\"https:\/\/www.lauranovita.com\/lauranovita.com\/wp-content\/uploads\/2020\/03\/spa-supplies_4460x4460-1024x683.jpg 1024w, https:\/\/www.lauranovita.com\/lauranovita.com\/wp-content\/uploads\/2020\/03\/spa-supplies_4460x4460-300x200.jpg 300w, https:\/\/www.lauranovita.com\/lauranovita.com\/wp-content\/uploads\/2020\/03\/spa-supplies_4460x4460-768x512.jpg 768w, https:\/\/www.lauranovita.com\/lauranovita.com\/wp-content\/uploads\/2020\/03\/spa-supplies_4460x4460-830x554.jpg 830w, https:\/\/www.lauranovita.com\/lauranovita.com\/wp-content\/uploads\/2020\/03\/spa-supplies_4460x4460-230x153.jpg 230w, https:\/\/www.lauranovita.com\/lauranovita.com\/wp-content\/uploads\/2020\/03\/spa-supplies_4460x4460-350x233.jpg 350w, https:\/\/www.lauranovita.com\/lauranovita.com\/wp-content\/uploads\/2020\/03\/spa-supplies_4460x4460-480x320.jpg 480w\" sizes=\"(max-width: 1024px) 100vw, 1024px\" \/><\/figure>\n\n\n\n<figure class=\"wp-block-image size-large\"><img loading=\"lazy\" width=\"1024\" height=\"768\" data-id=\"1086\"  src=\"https:\/\/www.lauranovita.com\/lauranovita.com\/wp-content\/uploads\/2020\/03\/IMG-1061-2-1024x768.jpg\" alt=\"\" class=\"wp-image-1086\" srcset=\"https:\/\/www.lauranovita.com\/lauranovita.com\/wp-content\/uploads\/2020\/03\/IMG-1061-2-1024x768.jpg 1024w, https:\/\/www.lauranovita.com\/lauranovita.com\/wp-content\/uploads\/2020\/03\/IMG-1061-2-300x225.jpg 300w, https:\/\/www.lauranovita.com\/lauranovita.com\/wp-content\/uploads\/2020\/03\/IMG-1061-2-768x576.jpg 768w, https:\/\/www.lauranovita.com\/lauranovita.com\/wp-content\/uploads\/2020\/03\/IMG-1061-2-1536x1152.jpg 1536w, https:\/\/www.lauranovita.com\/lauranovita.com\/wp-content\/uploads\/2020\/03\/IMG-1061-2-2048x1536.jpg 2048w, https:\/\/www.lauranovita.com\/lauranovita.com\/wp-content\/uploads\/2020\/03\/IMG-1061-2-830x623.jpg 830w, https:\/\/www.lauranovita.com\/lauranovita.com\/wp-content\/uploads\/2020\/03\/IMG-1061-2-230x173.jpg 230w, https:\/\/www.lauranovita.com\/lauranovita.com\/wp-content\/uploads\/2020\/03\/IMG-1061-2-350x263.jpg 350w, https:\/\/www.lauranovita.com\/lauranovita.com\/wp-content\/uploads\/2020\/03\/IMG-1061-2-480x360.jpg 480w\" sizes=\"(max-width: 1024px) 100vw, 1024px\" \/><\/figure>\n<figcaption class=\"blocks-gallery-caption\"><em>Notre peau est une toile blanche, \u00e0 nous d&rsquo;en prendre soin pour qu&rsquo;elle puisse accueillir nos plus belles cr\u00e9ations.  <\/em><\/figcaption><\/figure>\n\n\n\n<p class=\"has-text-color\" style=\"color:#ffffff\">fdfs<\/p>\n\n\n\n<p class=\"has-medium-font-size\"><strong>Apprendre \u00e0 chouchouter votre peau, \u00e0 vous maquiller en 10 min, avoir une mine resplendissante ! <\/strong><\/p>\n\n\n\n<p class=\"has-text-color\" style=\"color:#ffffff;font-size:8px\">sds<\/p>\n\n\n\n<p class=\"has-text-color\" style=\"color:#10069f;font-size:24px\"> <strong>Au programme<\/strong>  <\/p>\n\n\n\n<p class=\"has-text-color\" style=\"color:#5d5d5d\">Diagnostic de peau et ordonnance beaut\u00e9 : comprendre votre peau et \u00eatre attentive \u00e0 ses besoins. Conseils personnalis\u00e9s en fonction de votre peau et de vos habitudes. <\/p>\n\n\n\n<p class=\"has-text-color\" style=\"color:#5d5d5d\">Une s\u00e9ance pour apprendre \u00e0 vous maquiller en fonction de vos contraintes, votre visage, votre type de peau et vos envies ! Laissez-vous guider, nous r\u00e9aliserons ensemble les bons gestes.<\/p>\n\n\n\n<div class=\"wp-block-image\"><figure class=\"alignright size-large is-resized\"><img loading=\"lazy\" src=\"https:\/\/www.lauranovita.com\/lauranovita.com\/wp-content\/uploads\/2019\/08\/charte-cosmebio.png\" alt=\"\" class=\"wp-image-271\" width=\"117\" height=\"59\" srcset=\"https:\/\/www.lauranovita.com\/lauranovita.com\/wp-content\/uploads\/2019\/08\/charte-cosmebio.png 687w, https:\/\/www.lauranovita.com\/lauranovita.com\/wp-content\/uploads\/2019\/08\/charte-cosmebio-300x152.png 300w, https:\/\/www.lauranovita.com\/lauranovita.com\/wp-content\/uploads\/2019\/08\/charte-cosmebio-230x116.png 230w, https:\/\/www.lauranovita.com\/lauranovita.com\/wp-content\/uploads\/2019\/08\/charte-cosmebio-350x177.png 350w, https:\/\/www.lauranovita.com\/lauranovita.com\/wp-content\/uploads\/2019\/08\/charte-cosmebio-480x242.png 480w\" sizes=\"(max-width: 117px) 100vw, 117px\" \/><\/figure><\/div>\n\n\n\n<p><\/p>\n\n\n\n<p>Nous utiliserons votre maquillage et les produits de la gamme Miss W, une marque fran\u00e7aise Bio et Pro.  <\/p>\n\n\n\n<p class=\"has-text-color\" style=\"color:#ffffff;font-size:8px\">DFDF<\/p>\n\n\n\n<p class=\"has-text-color\" style=\"color:#10069f;font-size:24px\"><strong>A l\u2019issue de cette s\u00e9ance<\/strong><\/p>\n\n\n\n<p>Vous repartirez avec votre pochette conseil en image et votre fiche de maquillage personnalis\u00e9e.<\/p>\n\n\n\n<p>Quelques jours apr\u00e8s la s\u00e9ance, vous recevrez dans votre boite mail un livret regroupant des conseils personnalis\u00e9s pour vous guider dans la r\u00e9alisation de votre routine de soin et votre maquillage chez vous.<\/p>\n\n\n\n<p class=\"has-text-color\" style=\"color:#ffffff\">sdsq<\/p>\n\n\n\n<p><strong>Dur\u00e9e \u2013 2h30<\/strong><\/p>\n\n\n\n<p><strong>Tarif : 170 euros<\/strong><br><\/p>\n\n\n\n<div class=\"wp-block-columns\">\n<div class=\"wp-block-column\" style=\"flex-basis:66.66%\">\n<p class=\"has-text-align-center has-text-color\" style=\"color:#10069f\"><strong>Vous habitez loin de Charleville-M\u00e9zi\u00e8res et vous souhaitez b\u00e9n\u00e9ficier de cette s\u00e9ance ? Nous pouvons l&rsquo;organiser en visio !<\/strong><\/p>\n<\/div>\n\n\n\n<div class=\"wp-block-column\" style=\"flex-basis:33.33%\"><a class=\"maxbutton-6 maxbutton maxbutton-vers-seances-individuelles-forfaits-et-a-la-carte\" href=\"http:\/\/www.lauranovita.com\/lauranovita.com\/?page_id=29\"><span class='mb-text'>Retour<\/span><\/a><\/div>\n<\/div>\n","protected":false},"excerpt":{"rendered":"<p>fdfs Apprendre \u00e0 chouchouter votre peau, \u00e0 vous maquiller en 10 min, avoir une mine resplendissante ! [&hellip;]<\/p>\n","protected":false},"author":1,"featured_media":0,"parent":0,"menu_order":0,"comment_status":"closed","ping_status":"closed","template":"","meta":[],"yoast_head":"<!-- This site is optimized with the Yoast SEO plugin v18.4.1 - https:\/\/yoast.com\/wordpress\/plugins\/seo\/ -->\n<title>Cours d&#039;auto-maquillage &amp; Ordonnance beaut\u00e9 - Laura Novita - Conseil en Image et Communication 08<\/title>\n<meta name=\"robots\" content=\"index, follow, max-snippet:-1, max-image-preview:large, max-video-preview:-1\" \/>\n<link rel=\"canonical\" href=\"https:\/\/www.lauranovita.com\/lauranovita.com\/index.php\/cours-dauto-maquillage-ordonnance-beaute\/\" \/>\n<meta property=\"og:locale\" content=\"fr_FR\" \/>\n<meta property=\"og:type\" content=\"article\" \/>\n<meta property=\"og:title\" content=\"Au cabinet ou en visio !\" \/>\n<meta property=\"og:description\" content=\"Des conseils personnalis\u00e9s, un moment rien que pour vous.\" \/>\n<meta property=\"og:url\" content=\"https:\/\/www.lauranovita.com\/lauranovita.com\/index.php\/cours-dauto-maquillage-ordonnance-beaute\/\" \/>\n<meta property=\"og:site_name\" content=\"Laura Novita - Conseil en Image et Communication 08\" \/>\n<meta property=\"article:modified_time\" content=\"2022-06-28T13:19:01+00:00\" \/>\n<meta property=\"og:image\" content=\"https:\/\/www.lauranovita.com\/lauranovita.com\/wp-content\/uploads\/2021\/09\/Pub-Jeudi-2.png\" \/>\n\t<meta property=\"og:image:width\" content=\"1080\" \/>\n\t<meta property=\"og:image:height\" content=\"1080\" \/>\n\t<meta property=\"og:image:type\" content=\"image\/png\" \/>\n<meta name=\"twitter:card\" content=\"summary_large_image\" \/>\n<meta name=\"twitter:label1\" content=\"Dur\u00e9e de lecture estim\u00e9e\" \/>\n\t<meta name=\"twitter:data1\" content=\"2 minutes\" \/>\n<script type=\"application\/ld+json\" class=\"yoast-schema-graph\">{\"@context\":\"https:\/\/schema.org\",\"@graph\":[{\"@type\":\"WebSite\",\"@id\":\"https:\/\/www.lauranovita.com\/lauranovita.com\/#website\",\"url\":\"https:\/\/www.lauranovita.com\/lauranovita.com\/\",\"name\":\"Laura Novita - Conseil en Image et Communication 08\",\"description\":\"Osez \u00eatre vous\",\"potentialAction\":[{\"@type\":\"SearchAction\",\"target\":{\"@type\":\"EntryPoint\",\"urlTemplate\":\"https:\/\/www.lauranovita.com\/lauranovita.com\/?s={search_term_string}\"},\"query-input\":\"required name=search_term_string\"}],\"inLanguage\":\"fr-FR\"},{\"@type\":\"ImageObject\",\"@id\":\"https:\/\/www.lauranovita.com\/lauranovita.com\/index.php\/cours-dauto-maquillage-ordonnance-beaute\/#primaryimage\",\"inLanguage\":\"fr-FR\",\"url\":\"https:\/\/www.lauranovita.com\/lauranovita.com\/wp-content\/uploads\/2021\/09\/Pub-Jeudi-2.png\",\"contentUrl\":\"https:\/\/www.lauranovita.com\/lauranovita.com\/wp-content\/uploads\/2021\/09\/Pub-Jeudi-2.png\",\"width\":1080,\"height\":1080},{\"@type\":\"WebPage\",\"@id\":\"https:\/\/www.lauranovita.com\/lauranovita.com\/index.php\/cours-dauto-maquillage-ordonnance-beaute\/#webpage\",\"url\":\"https:\/\/www.lauranovita.com\/lauranovita.com\/index.php\/cours-dauto-maquillage-ordonnance-beaute\/\",\"name\":\"Cours d'auto-maquillage & Ordonnance beaut\u00e9 - Laura Novita - Conseil en Image et Communication 08\",\"isPartOf\":{\"@id\":\"https:\/\/www.lauranovita.com\/lauranovita.com\/#website\"},\"primaryImageOfPage\":{\"@id\":\"https:\/\/www.lauranovita.com\/lauranovita.com\/index.php\/cours-dauto-maquillage-ordonnance-beaute\/#primaryimage\"},\"datePublished\":\"2020-03-25T09:43:13+00:00\",\"dateModified\":\"2022-06-28T13:19:01+00:00\",\"breadcrumb\":{\"@id\":\"https:\/\/www.lauranovita.com\/lauranovita.com\/index.php\/cours-dauto-maquillage-ordonnance-beaute\/#breadcrumb\"},\"inLanguage\":\"fr-FR\",\"potentialAction\":[{\"@type\":\"ReadAction\",\"target\":[\"https:\/\/www.lauranovita.com\/lauranovita.com\/index.php\/cours-dauto-maquillage-ordonnance-beaute\/\"]}]},{\"@type\":\"BreadcrumbList\",\"@id\":\"https:\/\/www.lauranovita.com\/lauranovita.com\/index.php\/cours-dauto-maquillage-ordonnance-beaute\/#breadcrumb\",\"itemListElement\":[{\"@type\":\"ListItem\",\"position\":1,\"name\":\"Accueil\",\"item\":\"https:\/\/www.lauranovita.com\/lauranovita.com\/\"},{\"@type\":\"ListItem\",\"position\":2,\"name\":\"Cours d&rsquo;auto-maquillage &#038; Ordonnance beaut\u00e9\"}]}]}<\/script>\n<!-- \/ Yoast SEO plugin. -->","yoast_head_json":{"title":"Cours d'auto-maquillage & Ordonnance beaut\u00e9 - Laura Novita - Conseil en Image et Communication 08","robots":{"index":"index","follow":"follow","max-snippet":"max-snippet:-1","max-image-preview":"max-image-preview:large","max-video-preview":"max-video-preview:-1"},"canonical":"https:\/\/www.lauranovita.com\/lauranovita.com\/index.php\/cours-dauto-maquillage-ordonnance-beaute\/","og_locale":"fr_FR","og_type":"article","og_title":"Au cabinet ou en visio !","og_description":"Des conseils personnalis\u00e9s, un moment rien que pour vous.","og_url":"https:\/\/www.lauranovita.com\/lauranovita.com\/index.php\/cours-dauto-maquillage-ordonnance-beaute\/","og_site_name":"Laura Novita - Conseil en Image et Communication 08","article_modified_time":"2022-06-28T13:19:01+00:00","og_image":[{"width":1080,"height":1080,"url":"https:\/\/www.lauranovita.com\/lauranovita.com\/wp-content\/uploads\/2021\/09\/Pub-Jeudi-2.png","type":"image\/png"}],"twitter_card":"summary_large_image","twitter_misc":{"Dur\u00e9e de lecture estim\u00e9e":"2 minutes"},"schema":{"@context":"https:\/\/schema.org","@graph":[{"@type":"WebSite","@id":"https:\/\/www.lauranovita.com\/lauranovita.com\/#website","url":"https:\/\/www.lauranovita.com\/lauranovita.com\/","name":"Laura Novita - Conseil en Image et Communication 08","description":"Osez \u00eatre vous","potentialAction":[{"@type":"SearchAction","target":{"@type":"EntryPoint","urlTemplate":"https:\/\/www.lauranovita.com\/lauranovita.com\/?s={search_term_string}"},"query-input":"required name=search_term_string"}],"inLanguage":"fr-FR"},{"@type":"ImageObject","@id":"https:\/\/www.lauranovita.com\/lauranovita.com\/index.php\/cours-dauto-maquillage-ordonnance-beaute\/#primaryimage","inLanguage":"fr-FR","url":"https:\/\/www.lauranovita.com\/lauranovita.com\/wp-content\/uploads\/2021\/09\/Pub-Jeudi-2.png","contentUrl":"https:\/\/www.lauranovita.com\/lauranovita.com\/wp-content\/uploads\/2021\/09\/Pub-Jeudi-2.png","width":1080,"height":1080},{"@type":"WebPage","@id":"https:\/\/www.lauranovita.com\/lauranovita.com\/index.php\/cours-dauto-maquillage-ordonnance-beaute\/#webpage","url":"https:\/\/www.lauranovita.com\/lauranovita.com\/index.php\/cours-dauto-maquillage-ordonnance-beaute\/","name":"Cours d'auto-maquillage & Ordonnance beaut\u00e9 - Laura Novita - Conseil en Image et Communication 08","isPartOf":{"@id":"https:\/\/www.lauranovita.com\/lauranovita.com\/#website"},"primaryImageOfPage":{"@id":"https:\/\/www.lauranovita.com\/lauranovita.com\/index.php\/cours-dauto-maquillage-ordonnance-beaute\/#primaryimage"},"datePublished":"2020-03-25T09:43:13+00:00","dateModified":"2022-06-28T13:19:01+00:00","breadcrumb":{"@id":"https:\/\/www.lauranovita.com\/lauranovita.com\/index.php\/cours-dauto-maquillage-ordonnance-beaute\/#breadcrumb"},"inLanguage":"fr-FR","potentialAction":[{"@type":"ReadAction","target":["https:\/\/www.lauranovita.com\/lauranovita.com\/index.php\/cours-dauto-maquillage-ordonnance-beaute\/"]}]},{"@type":"BreadcrumbList","@id":"https:\/\/www.lauranovita.com\/lauranovita.com\/index.php\/cours-dauto-maquillage-ordonnance-beaute\/#breadcrumb","itemListElement":[{"@type":"ListItem","position":1,"name":"Accueil","item":"https:\/\/www.lauranovita.com\/lauranovita.com\/"},{"@type":"ListItem","position":2,"name":"Cours d&rsquo;auto-maquillage &#038; Ordonnance beaut\u00e9"}]}]}},"_links":{"self":[{"href":"https:\/\/www.lauranovita.com\/lauranovita.com\/index.php\/wp-json\/wp\/v2\/pages\/1114"}],"collection":[{"href":"https:\/\/www.lauranovita.com\/lauranovita.com\/index.php\/wp-json\/wp\/v2\/pages"}],"about":[{"href":"https:\/\/www.lauranovita.com\/lauranovita.com\/index.php\/wp-json\/wp\/v2\/types\/page"}],"author":[{"embeddable":true,"href":"https:\/\/www.lauranovita.com\/lauranovita.com\/index.php\/wp-json\/wp\/v2\/users\/1"}],"replies":[{"embeddable":true,"href":"https:\/\/www.lauranovita.com\/lauranovita.com\/index.php\/wp-json\/wp\/v2\/comments?post=1114"}],"version-history":[{"count":29,"href":"https:\/\/www.lauranovita.com\/lauranovita.com\/index.php\/wp-json\/wp\/v2\/pages\/1114\/revisions"}],"predecessor-version":[{"id":5159,"href":"https:\/\/www.lauranovita.com\/lauranovita.com\/index.php\/wp-json\/wp\/v2\/pages\/1114\/revisions\/5159"}],"wp:attachment":[{"href":"https:\/\/www.lauranovita.com\/lauranovita.com\/index.php\/wp-json\/wp\/v2\/media?parent=1114"}],"curies":[{"name":"wp","href":"https:\/\/api.w.org\/{rel}","templated":true}]}}