{"id":1155,"date":"2020-03-26T11:11:23","date_gmt":"2020-03-26T10:11:23","guid":{"rendered":"https:\/\/www.lauranovita.com\/lauranovita.com\/?page_id=1155"},"modified":"2022-05-23T15:06:06","modified_gmt":"2022-05-23T13:06:06","slug":"e-conseil-en-image-en-ligne","status":"publish","type":"page","link":"https:\/\/www.lauranovita.com\/lauranovita.com\/index.php\/e-conseil-en-image-en-ligne\/","title":{"rendered":"E-conseil en image"},"content":{"rendered":"<div class=\"yoast-breadcrumbs\"><span><span><a href=\"https:\/\/www.lauranovita.com\/lauranovita.com\/\">Accueil<\/a> &raquo; <span class=\"breadcrumb_last\" aria-current=\"page\">E-conseil en image<\/span><\/span><\/span><\/div>\n\n\n<p class=\"has-text-align-center has-text-color has-medium-font-size\" style=\"color:#10069f\">Le E-conseil en image est une s\u00e9ance en visioconf\u00e9rence. Vous obtiendrez la <strong>r\u00e9ponse \u00e0 un besoin ponctuel sur <strong>votre mani\u00e8re de communiquer<\/strong><\/strong> <strong>et sur votre image<\/strong>. Vous avez une probl\u00e9matique bien sp\u00e9cifique ? Je vous guide dans le choix de vos mots et je vous donne des astuces pour am\u00e9liorer votre image. <\/p>\n\n\n\n<div style=\"height:10px\" aria-hidden=\"true\" class=\"wp-block-spacer\"><\/div>\n\n\n\n<div class=\"wp-block-columns\">\n<div class=\"wp-block-column\" style=\"flex-basis:100%\">\n<div class=\"wp-block-columns\">\n<div class=\"wp-block-column\" style=\"flex-basis:33.34%\">\n<div class=\"wp-block-cover is-light\" style=\"min-height:250px\"><span aria-hidden=\"true\" class=\"has-white-background-color has-background-dim-80 wp-block-cover__gradient-background has-background-dim\"><\/span><img loading=\"lazy\" width=\"1024\" height=\"1024\" class=\"wp-block-cover__image-background wp-image-4175\" alt=\"Vous avez un rendez-vous client et vous avez besoin de soigner votre image ?\" src=\"https:\/\/www.lauranovita.com\/lauranovita.com\/wp-content\/uploads\/2022\/04\/10.png\" style=\"object-position:50% 50%\" data-object-fit=\"cover\" data-object-position=\"50% 50%\" srcset=\"https:\/\/www.lauranovita.com\/lauranovita.com\/wp-content\/uploads\/2022\/04\/10.png 1024w, https:\/\/www.lauranovita.com\/lauranovita.com\/wp-content\/uploads\/2022\/04\/10-300x300.png 300w, https:\/\/www.lauranovita.com\/lauranovita.com\/wp-content\/uploads\/2022\/04\/10-150x150.png 150w, https:\/\/www.lauranovita.com\/lauranovita.com\/wp-content\/uploads\/2022\/04\/10-768x768.png 768w, https:\/\/www.lauranovita.com\/lauranovita.com\/wp-content\/uploads\/2022\/04\/10-830x830.png 830w, https:\/\/www.lauranovita.com\/lauranovita.com\/wp-content\/uploads\/2022\/04\/10-230x230.png 230w, https:\/\/www.lauranovita.com\/lauranovita.com\/wp-content\/uploads\/2022\/04\/10-350x350.png 350w, https:\/\/www.lauranovita.com\/lauranovita.com\/wp-content\/uploads\/2022\/04\/10-480x480.png 480w\" sizes=\"(max-width: 1024px) 100vw, 1024px\" \/><div class=\"wp-block-cover__inner-container\">\n<p class=\"has-text-align-center has-normal-font-size\"><strong><a href=\"https:\/\/www.lauranovita.com\/lauranovita.com\/index.php\/2021\/03\/05\/image-professionnelle-vs-image-personnelle#construction-image-pro\" target=\"_blank\" rel=\"noreferrer noopener\">Vous avez un rendez-vous client et vous avez besoin de soigner votre image ?<\/a><\/strong><\/p>\n<\/div><\/div>\n<\/div>\n\n\n\n<div class=\"wp-block-column\" style=\"flex-basis:33.34%\">\n<div class=\"wp-container-1 wp-block-group\"><div class=\"wp-block-group__inner-container\">\n<div class=\"wp-block-cover is-light\" style=\"min-height:250px\"><span aria-hidden=\"true\" class=\"has-white-background-color has-background-dim-80 wp-block-cover__gradient-background has-background-dim\"><\/span><img loading=\"lazy\" width=\"5600\" height=\"3837\" class=\"wp-block-cover__image-background wp-image-795\" alt=\"Vous \u00eates en situation de conflit et vous ne savez pas comment aborder votre interlocuteur ?\" src=\"https:\/\/www.lauranovita.com\/lauranovita.com\/wp-content\/uploads\/2020\/03\/rawpixel-423663-unsplash-2.jpg\" style=\"object-position:50% 53%\" data-object-fit=\"cover\" data-object-position=\"50% 53%\" srcset=\"https:\/\/www.lauranovita.com\/lauranovita.com\/wp-content\/uploads\/2020\/03\/rawpixel-423663-unsplash-2.jpg 5600w, https:\/\/www.lauranovita.com\/lauranovita.com\/wp-content\/uploads\/2020\/03\/rawpixel-423663-unsplash-2-300x206.jpg 300w, https:\/\/www.lauranovita.com\/lauranovita.com\/wp-content\/uploads\/2020\/03\/rawpixel-423663-unsplash-2-768x526.jpg 768w, https:\/\/www.lauranovita.com\/lauranovita.com\/wp-content\/uploads\/2020\/03\/rawpixel-423663-unsplash-2-1024x702.jpg 1024w, https:\/\/www.lauranovita.com\/lauranovita.com\/wp-content\/uploads\/2020\/03\/rawpixel-423663-unsplash-2-830x569.jpg 830w, https:\/\/www.lauranovita.com\/lauranovita.com\/wp-content\/uploads\/2020\/03\/rawpixel-423663-unsplash-2-230x158.jpg 230w, https:\/\/www.lauranovita.com\/lauranovita.com\/wp-content\/uploads\/2020\/03\/rawpixel-423663-unsplash-2-350x240.jpg 350w, https:\/\/www.lauranovita.com\/lauranovita.com\/wp-content\/uploads\/2020\/03\/rawpixel-423663-unsplash-2-480x329.jpg 480w\" sizes=\"(max-width: 5600px) 100vw, 5600px\" \/><div class=\"wp-block-cover__inner-container\">\n<p class=\"has-text-align-center has-white-color has-text-color has-normal-font-size\"><strong><a href=\"https:\/\/www.lauranovita.com\/lauranovita.com\/index.php\/2021\/09\/16\/le-pourvoir-des-mots\/\" target=\"_blank\" rel=\"noreferrer noopener\">Vous \u00eates en situation de conflit et vous ne savez pas comment aborder votre interlocuteur ? <\/a><\/strong><\/p>\n<\/div><\/div>\n<\/div><\/div>\n<\/div>\n\n\n\n<div class=\"wp-block-column\" style=\"flex-basis:33.33%\">\n<div class=\"wp-block-cover is-light\" style=\"min-height:250px\"><span aria-hidden=\"true\" class=\"has-white-background-color has-background-dim-80 wp-block-cover__gradient-background has-background-dim\"><\/span><img loading=\"lazy\" width=\"1024\" height=\"1024\" class=\"wp-block-cover__image-background wp-image-4181\" alt=\"Vous avez un entretien d'embauche et vous souhaitez un avis professionnel pour choisir votre tenue ?\" src=\"https:\/\/www.lauranovita.com\/lauranovita.com\/wp-content\/uploads\/2022\/04\/photo-site-internet-5-2.png\" style=\"object-position:73% 19%\" data-object-fit=\"cover\" data-object-position=\"73% 19%\" srcset=\"https:\/\/www.lauranovita.com\/lauranovita.com\/wp-content\/uploads\/2022\/04\/photo-site-internet-5-2.png 1024w, https:\/\/www.lauranovita.com\/lauranovita.com\/wp-content\/uploads\/2022\/04\/photo-site-internet-5-2-300x300.png 300w, https:\/\/www.lauranovita.com\/lauranovita.com\/wp-content\/uploads\/2022\/04\/photo-site-internet-5-2-150x150.png 150w, https:\/\/www.lauranovita.com\/lauranovita.com\/wp-content\/uploads\/2022\/04\/photo-site-internet-5-2-768x768.png 768w, https:\/\/www.lauranovita.com\/lauranovita.com\/wp-content\/uploads\/2022\/04\/photo-site-internet-5-2-830x830.png 830w, https:\/\/www.lauranovita.com\/lauranovita.com\/wp-content\/uploads\/2022\/04\/photo-site-internet-5-2-230x230.png 230w, https:\/\/www.lauranovita.com\/lauranovita.com\/wp-content\/uploads\/2022\/04\/photo-site-internet-5-2-350x350.png 350w, https:\/\/www.lauranovita.com\/lauranovita.com\/wp-content\/uploads\/2022\/04\/photo-site-internet-5-2-480x480.png 480w\" sizes=\"(max-width: 1024px) 100vw, 1024px\" \/><div class=\"wp-block-cover__inner-container\">\n<p class=\"has-text-align-center has-white-color has-text-color has-normal-font-size\"><br><strong><a href=\"https:\/\/www.lauranovita.com\/lauranovita.com\/index.php\/2021\/03\/05\/image-professionnelle-vs-image-personnelle\/#imagepro-vs-imageperso\" target=\"_blank\" rel=\"noreferrer noopener\">Vous avez un entretien d&#8217;embauche et vous souhaitez un avis professionnel pour choisir votre tenue ?<\/a><\/strong><\/p>\n<\/div><\/div>\n<\/div>\n<\/div>\n<\/div>\n<\/div>\n\n\n\n<div class=\"wp-block-columns\">\n<div class=\"wp-block-column\"><\/div>\n\n\n\n<div class=\"wp-block-column\" style=\"flex-basis:33.34%\">\n<div class=\"wp-block-cover is-light\" style=\"min-height:250px\"><span aria-hidden=\"true\" class=\"has-white-background-color has-background-dim-70 wp-block-cover__gradient-background has-background-dim\"><\/span><img loading=\"lazy\" width=\"1024\" height=\"1024\" class=\"wp-block-cover__image-background wp-image-4182\" alt=\"Vous \u00eates int\u00e9ress\u00e9-e par le conseil en image et vous n'osez pas vous lancer ?\" src=\"https:\/\/www.lauranovita.com\/lauranovita.com\/wp-content\/uploads\/2022\/04\/13-2.png\" data-object-fit=\"cover\" srcset=\"https:\/\/www.lauranovita.com\/lauranovita.com\/wp-content\/uploads\/2022\/04\/13-2.png 1024w, https:\/\/www.lauranovita.com\/lauranovita.com\/wp-content\/uploads\/2022\/04\/13-2-300x300.png 300w, https:\/\/www.lauranovita.com\/lauranovita.com\/wp-content\/uploads\/2022\/04\/13-2-150x150.png 150w, https:\/\/www.lauranovita.com\/lauranovita.com\/wp-content\/uploads\/2022\/04\/13-2-768x768.png 768w, https:\/\/www.lauranovita.com\/lauranovita.com\/wp-content\/uploads\/2022\/04\/13-2-830x830.png 830w, https:\/\/www.lauranovita.com\/lauranovita.com\/wp-content\/uploads\/2022\/04\/13-2-230x230.png 230w, https:\/\/www.lauranovita.com\/lauranovita.com\/wp-content\/uploads\/2022\/04\/13-2-350x350.png 350w, https:\/\/www.lauranovita.com\/lauranovita.com\/wp-content\/uploads\/2022\/04\/13-2-480x480.png 480w\" sizes=\"(max-width: 1024px) 100vw, 1024px\" \/><div class=\"wp-block-cover__inner-container\">\n<p class=\"has-text-align-center has-white-color has-text-color has-normal-font-size\"><strong><a href=\"https:\/\/www.lauranovita.com\/lauranovita.com\/index.php\/2020\/04\/30\/les-basiques-pour-une-garde-robe-efficace-et-durable\/\" target=\"_blank\" rel=\"noreferrer noopener\">Vous \u00eates int\u00e9ress\u00e9-e par le conseil en image et vous n&rsquo;osez pas vous lancer ?<\/a><\/strong><\/p>\n<\/div><\/div>\n<\/div>\n\n\n\n<div class=\"wp-block-column\" style=\"flex-basis:33.34%\">\n<div class=\"wp-block-cover is-light\" style=\"min-height:250px\"><span aria-hidden=\"true\" class=\"has-white-background-color has-background-dim-70 wp-block-cover__gradient-background has-background-dim\"><\/span><img loading=\"lazy\" width=\"1024\" height=\"1024\" class=\"wp-block-cover__image-background wp-image-4179\" alt=\"vous aimeriez recevoir des astuces pour associer vos v\u00eatements et accessoires ?\" src=\"https:\/\/www.lauranovita.com\/lauranovita.com\/wp-content\/uploads\/2022\/04\/11.png\" data-object-fit=\"cover\" srcset=\"https:\/\/www.lauranovita.com\/lauranovita.com\/wp-content\/uploads\/2022\/04\/11.png 1024w, https:\/\/www.lauranovita.com\/lauranovita.com\/wp-content\/uploads\/2022\/04\/11-300x300.png 300w, https:\/\/www.lauranovita.com\/lauranovita.com\/wp-content\/uploads\/2022\/04\/11-150x150.png 150w, https:\/\/www.lauranovita.com\/lauranovita.com\/wp-content\/uploads\/2022\/04\/11-768x768.png 768w, https:\/\/www.lauranovita.com\/lauranovita.com\/wp-content\/uploads\/2022\/04\/11-830x830.png 830w, https:\/\/www.lauranovita.com\/lauranovita.com\/wp-content\/uploads\/2022\/04\/11-230x230.png 230w, https:\/\/www.lauranovita.com\/lauranovita.com\/wp-content\/uploads\/2022\/04\/11-350x350.png 350w, https:\/\/www.lauranovita.com\/lauranovita.com\/wp-content\/uploads\/2022\/04\/11-480x480.png 480w\" sizes=\"(max-width: 1024px) 100vw, 1024px\" \/><div class=\"wp-block-cover__inner-container\">\n<p class=\"has-text-align-center has-white-color has-text-color has-normal-font-size\"><strong><a href=\"https:\/\/www.lauranovita.com\/lauranovita.com\/index.php\/2022\/05\/13\/la-petite-robe-noire\/\" target=\"_blank\" rel=\"noreferrer noopener\">Pragmatique, vous aimeriez recevoir 2-3 astuces pour associer vos v\u00eatements et accessoires ?<\/a><\/strong><\/p>\n<\/div><\/div>\n<\/div>\n\n\n\n<div class=\"wp-block-column\"><\/div>\n<\/div>\n\n\n\n<div style=\"height:30px\" aria-hidden=\"true\" class=\"wp-block-spacer\"><\/div>\n\n\n\n<hr class=\"wp-block-separator\"\/>\n\n\n\n<div class=\"wp-container-5 wp-block-group\"><div class=\"wp-block-group__inner-container\">\n<div style=\"height:20px\" aria-hidden=\"true\" class=\"wp-block-spacer\"><\/div>\n\n\n\n<div class=\"wp-block-columns\">\n<div class=\"wp-block-column is-vertically-aligned-top\" style=\"flex-basis:66.66%\">\n<div class=\"wp-container-2 wp-block-group\"><div class=\"wp-block-group__inner-container\"><\/div><\/div>\n\n\n\n<p class=\"has-text-align-center\" style=\"font-size:18px\"><strong>Dur\u00e9e : entre 1h et 2h<\/strong><\/p>\n\n\n\n<p class=\"has-text-align-center\" style=\"font-size:18px\"><strong>Tarif : 60 \u20ac\/h<\/strong><\/p>\n<\/div>\n\n\n\n<div class=\"wp-block-column\" style=\"flex-basis:33.33%\">\n<div class=\"wp-container-4 wp-block-group\"><div class=\"wp-block-group__inner-container\">\n<div class=\"wp-container-3 wp-block-buttons\">\n<div class=\"wp-block-button\"><a class=\"wp-block-button__link has-background\" href=\"https:\/\/www.lauranovita.com\/lauranovita.com\/index.php\/contact\/\" style=\"background-color:#10069f\">prendre rendez-vous ?<\/a><\/div>\n<\/div>\n<\/div><\/div>\n\n\n\n<div style=\"height:44px\" aria-hidden=\"true\" class=\"wp-block-spacer\"><\/div>\n<\/div>\n<\/div>\n<\/div><\/div>\n\n\n\n<p><\/p>\n","protected":false},"excerpt":{"rendered":"<p>Le E-conseil en image est une s\u00e9ance en visioconf\u00e9rence. Vous obtiendrez la r\u00e9ponse \u00e0 un besoin ponctuel [&hellip;]<\/p>\n","protected":false},"author":1,"featured_media":4188,"parent":0,"menu_order":0,"comment_status":"closed","ping_status":"closed","template":"","meta":[],"yoast_head":"<!-- This site is optimized with the Yoast SEO plugin v18.4.1 - https:\/\/yoast.com\/wordpress\/plugins\/seo\/ -->\n<title>E-conseil en image<\/title>\n<meta name=\"description\" content=\"Gr\u00e2ce au e-conseil en image, je vous guide dans vos choix et je vous donne des astuces pour am\u00e9liorer votre image !\" \/>\n<meta name=\"robots\" content=\"index, follow, max-snippet:-1, max-image-preview:large, max-video-preview:-1\" \/>\n<link rel=\"canonical\" href=\"https:\/\/www.lauranovita.com\/lauranovita.com\/index.php\/e-conseil-en-image-en-ligne\/\" \/>\n<meta property=\"og:locale\" content=\"fr_FR\" \/>\n<meta property=\"og:type\" content=\"article\" \/>\n<meta property=\"og:title\" content=\"S\u00e9ance de E-relooking\" \/>\n<meta property=\"og:description\" content=\"Le E-relooking est une s\u00e9ance en visioconf\u00e9rence pour recevoir une r\u00e9ponse \u00e0 un besoin sp\u00e9cifique et ponctuel sur votre mani\u00e8re de communiquer et sur votre image.\" \/>\n<meta property=\"og:url\" content=\"https:\/\/www.lauranovita.com\/lauranovita.com\/index.php\/e-conseil-en-image-en-ligne\/\" \/>\n<meta property=\"og:site_name\" content=\"Laura Novita - Conseil en Image et Communication 08\" \/>\n<meta property=\"article:modified_time\" content=\"2022-05-23T13:06:06+00:00\" \/>\n<meta property=\"og:image\" content=\"https:\/\/www.lauranovita.com\/lauranovita.com\/wp-content\/uploads\/2022\/04\/9-2.png\" \/>\n\t<meta property=\"og:image:width\" content=\"1024\" \/>\n\t<meta property=\"og:image:height\" content=\"1024\" \/>\n\t<meta property=\"og:image:type\" content=\"image\/png\" \/>\n<meta name=\"twitter:card\" content=\"summary_large_image\" \/>\n<meta name=\"twitter:label1\" content=\"Dur\u00e9e de lecture estim\u00e9e\" \/>\n\t<meta name=\"twitter:data1\" content=\"2 minutes\" \/>\n<script type=\"application\/ld+json\" class=\"yoast-schema-graph\">{\"@context\":\"https:\/\/schema.org\",\"@graph\":[{\"@type\":\"WebSite\",\"@id\":\"https:\/\/www.lauranovita.com\/lauranovita.com\/#website\",\"url\":\"https:\/\/www.lauranovita.com\/lauranovita.com\/\",\"name\":\"Laura Novita - Conseil en Image et Communication 08\",\"description\":\"Osez \u00eatre vous\",\"potentialAction\":[{\"@type\":\"SearchAction\",\"target\":{\"@type\":\"EntryPoint\",\"urlTemplate\":\"https:\/\/www.lauranovita.com\/lauranovita.com\/?s={search_term_string}\"},\"query-input\":\"required name=search_term_string\"}],\"inLanguage\":\"fr-FR\"},{\"@type\":\"ImageObject\",\"@id\":\"https:\/\/www.lauranovita.com\/lauranovita.com\/index.php\/e-conseil-en-image-en-ligne\/#primaryimage\",\"inLanguage\":\"fr-FR\",\"url\":\"https:\/\/www.lauranovita.com\/lauranovita.com\/wp-content\/uploads\/2022\/04\/9-2.png\",\"contentUrl\":\"https:\/\/www.lauranovita.com\/lauranovita.com\/wp-content\/uploads\/2022\/04\/9-2.png\",\"width\":1024,\"height\":1024},{\"@type\":\"WebPage\",\"@id\":\"https:\/\/www.lauranovita.com\/lauranovita.com\/index.php\/e-conseil-en-image-en-ligne\/#webpage\",\"url\":\"https:\/\/www.lauranovita.com\/lauranovita.com\/index.php\/e-conseil-en-image-en-ligne\/\",\"name\":\"E-conseil en image\",\"isPartOf\":{\"@id\":\"https:\/\/www.lauranovita.com\/lauranovita.com\/#website\"},\"primaryImageOfPage\":{\"@id\":\"https:\/\/www.lauranovita.com\/lauranovita.com\/index.php\/e-conseil-en-image-en-ligne\/#primaryimage\"},\"datePublished\":\"2020-03-26T10:11:23+00:00\",\"dateModified\":\"2022-05-23T13:06:06+00:00\",\"description\":\"Gr\u00e2ce au e-conseil en image, je vous guide dans vos choix et je vous donne des astuces pour am\u00e9liorer votre image !\",\"breadcrumb\":{\"@id\":\"https:\/\/www.lauranovita.com\/lauranovita.com\/index.php\/e-conseil-en-image-en-ligne\/#breadcrumb\"},\"inLanguage\":\"fr-FR\",\"potentialAction\":[{\"@type\":\"ReadAction\",\"target\":[\"https:\/\/www.lauranovita.com\/lauranovita.com\/index.php\/e-conseil-en-image-en-ligne\/\"]}]},{\"@type\":\"BreadcrumbList\",\"@id\":\"https:\/\/www.lauranovita.com\/lauranovita.com\/index.php\/e-conseil-en-image-en-ligne\/#breadcrumb\",\"itemListElement\":[{\"@type\":\"ListItem\",\"position\":1,\"name\":\"Accueil\",\"item\":\"https:\/\/www.lauranovita.com\/lauranovita.com\/\"},{\"@type\":\"ListItem\",\"position\":2,\"name\":\"E-conseil en image\"}]}]}<\/script>\n<!-- \/ Yoast SEO plugin. -->","yoast_head_json":{"title":"E-conseil en image","description":"Gr\u00e2ce au e-conseil en image, je vous guide dans vos choix et je vous donne des astuces pour am\u00e9liorer votre image !","robots":{"index":"index","follow":"follow","max-snippet":"max-snippet:-1","max-image-preview":"max-image-preview:large","max-video-preview":"max-video-preview:-1"},"canonical":"https:\/\/www.lauranovita.com\/lauranovita.com\/index.php\/e-conseil-en-image-en-ligne\/","og_locale":"fr_FR","og_type":"article","og_title":"S\u00e9ance de E-relooking","og_description":"Le E-relooking est une s\u00e9ance en visioconf\u00e9rence pour recevoir une r\u00e9ponse \u00e0 un besoin sp\u00e9cifique et ponctuel sur votre mani\u00e8re de communiquer et sur votre image.","og_url":"https:\/\/www.lauranovita.com\/lauranovita.com\/index.php\/e-conseil-en-image-en-ligne\/","og_site_name":"Laura Novita - Conseil en Image et Communication 08","article_modified_time":"2022-05-23T13:06:06+00:00","og_image":[{"width":1024,"height":1024,"url":"https:\/\/www.lauranovita.com\/lauranovita.com\/wp-content\/uploads\/2022\/04\/9-2.png","type":"image\/png"}],"twitter_card":"summary_large_image","twitter_misc":{"Dur\u00e9e de lecture estim\u00e9e":"2 minutes"},"schema":{"@context":"https:\/\/schema.org","@graph":[{"@type":"WebSite","@id":"https:\/\/www.lauranovita.com\/lauranovita.com\/#website","url":"https:\/\/www.lauranovita.com\/lauranovita.com\/","name":"Laura Novita - Conseil en Image et Communication 08","description":"Osez \u00eatre vous","potentialAction":[{"@type":"SearchAction","target":{"@type":"EntryPoint","urlTemplate":"https:\/\/www.lauranovita.com\/lauranovita.com\/?s={search_term_string}"},"query-input":"required name=search_term_string"}],"inLanguage":"fr-FR"},{"@type":"ImageObject","@id":"https:\/\/www.lauranovita.com\/lauranovita.com\/index.php\/e-conseil-en-image-en-ligne\/#primaryimage","inLanguage":"fr-FR","url":"https:\/\/www.lauranovita.com\/lauranovita.com\/wp-content\/uploads\/2022\/04\/9-2.png","contentUrl":"https:\/\/www.lauranovita.com\/lauranovita.com\/wp-content\/uploads\/2022\/04\/9-2.png","width":1024,"height":1024},{"@type":"WebPage","@id":"https:\/\/www.lauranovita.com\/lauranovita.com\/index.php\/e-conseil-en-image-en-ligne\/#webpage","url":"https:\/\/www.lauranovita.com\/lauranovita.com\/index.php\/e-conseil-en-image-en-ligne\/","name":"E-conseil en image","isPartOf":{"@id":"https:\/\/www.lauranovita.com\/lauranovita.com\/#website"},"primaryImageOfPage":{"@id":"https:\/\/www.lauranovita.com\/lauranovita.com\/index.php\/e-conseil-en-image-en-ligne\/#primaryimage"},"datePublished":"2020-03-26T10:11:23+00:00","dateModified":"2022-05-23T13:06:06+00:00","description":"Gr\u00e2ce au e-conseil en image, je vous guide dans vos choix et je vous donne des astuces pour am\u00e9liorer votre image !","breadcrumb":{"@id":"https:\/\/www.lauranovita.com\/lauranovita.com\/index.php\/e-conseil-en-image-en-ligne\/#breadcrumb"},"inLanguage":"fr-FR","potentialAction":[{"@type":"ReadAction","target":["https:\/\/www.lauranovita.com\/lauranovita.com\/index.php\/e-conseil-en-image-en-ligne\/"]}]},{"@type":"BreadcrumbList","@id":"https:\/\/www.lauranovita.com\/lauranovita.com\/index.php\/e-conseil-en-image-en-ligne\/#breadcrumb","itemListElement":[{"@type":"ListItem","position":1,"name":"Accueil","item":"https:\/\/www.lauranovita.com\/lauranovita.com\/"},{"@type":"ListItem","position":2,"name":"E-conseil en image"}]}]}},"_links":{"self":[{"href":"https:\/\/www.lauranovita.com\/lauranovita.com\/index.php\/wp-json\/wp\/v2\/pages\/1155"}],"collection":[{"href":"https:\/\/www.lauranovita.com\/lauranovita.com\/index.php\/wp-json\/wp\/v2\/pages"}],"about":[{"href":"https:\/\/www.lauranovita.com\/lauranovita.com\/index.php\/wp-json\/wp\/v2\/types\/page"}],"author":[{"embeddable":true,"href":"https:\/\/www.lauranovita.com\/lauranovita.com\/index.php\/wp-json\/wp\/v2\/users\/1"}],"replies":[{"embeddable":true,"href":"https:\/\/www.lauranovita.com\/lauranovita.com\/index.php\/wp-json\/wp\/v2\/comments?post=1155"}],"version-history":[{"count":146,"href":"https:\/\/www.lauranovita.com\/lauranovita.com\/index.php\/wp-json\/wp\/v2\/pages\/1155\/revisions"}],"predecessor-version":[{"id":4905,"href":"https:\/\/www.lauranovita.com\/lauranovita.com\/index.php\/wp-json\/wp\/v2\/pages\/1155\/revisions\/4905"}],"wp:featuredmedia":[{"embeddable":true,"href":"https:\/\/www.lauranovita.com\/lauranovita.com\/index.php\/wp-json\/wp\/v2\/media\/4188"}],"wp:attachment":[{"href":"https:\/\/www.lauranovita.com\/lauranovita.com\/index.php\/wp-json\/wp\/v2\/media?parent=1155"}],"curies":[{"name":"wp","href":"https:\/\/api.w.org\/{rel}","templated":true}]}}