{"id":1277,"date":"2022-06-21T19:14:42","date_gmt":"2022-06-21T17:14:42","guid":{"rendered":"https:\/\/www.lauranovita.com\/lauranovita.com\/?page_id=1277"},"modified":"2023-07-24T20:45:25","modified_gmt":"2023-07-24T18:45:25","slug":"manager-avec-assurance","status":"publish","type":"page","link":"https:\/\/www.lauranovita.com\/lauranovita.com\/index.php\/manager-avec-assurance\/","title":{"rendered":"Manager avec assurance"},"content":{"rendered":"\n<div class=\"wp-block-cover alignfull is-light has-custom-content-position is-position-top-left\"><span aria-hidden=\"true\" class=\"has-background-dim-20 wp-block-cover__gradient-background has-background-dim\" style=\"background-color:#10069f\"><\/span><img loading=\"lazy\" width=\"2560\" height=\"1713\" class=\"wp-block-cover__image-background wp-image-5232\" alt=\"Programme n\u00b02 : Manager avec assurance \nLeadership assum\u00e9 \/ Confiance \/ authenticit\u00e9\n\" src=\"https:\/\/www.lauranovita.com\/lauranovita.com\/wp-content\/uploads\/2023\/07\/business-meeting-1643746-scaled.jpg\" style=\"object-position:52% 27%\" data-object-fit=\"cover\" data-object-position=\"52% 27%\" srcset=\"https:\/\/www.lauranovita.com\/lauranovita.com\/wp-content\/uploads\/2023\/07\/business-meeting-1643746-scaled.jpg 2560w, https:\/\/www.lauranovita.com\/lauranovita.com\/wp-content\/uploads\/2023\/07\/business-meeting-1643746-300x201.jpg 300w, https:\/\/www.lauranovita.com\/lauranovita.com\/wp-content\/uploads\/2023\/07\/business-meeting-1643746-1024x685.jpg 1024w, https:\/\/www.lauranovita.com\/lauranovita.com\/wp-content\/uploads\/2023\/07\/business-meeting-1643746-768x514.jpg 768w, https:\/\/www.lauranovita.com\/lauranovita.com\/wp-content\/uploads\/2023\/07\/business-meeting-1643746-1536x1028.jpg 1536w, https:\/\/www.lauranovita.com\/lauranovita.com\/wp-content\/uploads\/2023\/07\/business-meeting-1643746-2048x1371.jpg 2048w, https:\/\/www.lauranovita.com\/lauranovita.com\/wp-content\/uploads\/2023\/07\/business-meeting-1643746-920x616.jpg 920w, https:\/\/www.lauranovita.com\/lauranovita.com\/wp-content\/uploads\/2023\/07\/business-meeting-1643746-230x154.jpg 230w, https:\/\/www.lauranovita.com\/lauranovita.com\/wp-content\/uploads\/2023\/07\/business-meeting-1643746-350x234.jpg 350w, https:\/\/www.lauranovita.com\/lauranovita.com\/wp-content\/uploads\/2023\/07\/business-meeting-1643746-480x321.jpg 480w\" sizes=\"(max-width: 2560px) 100vw, 2560px\" \/><div class=\"wp-block-cover__inner-container\">\n<h2 class=\"has-white-color has-text-color\" style=\"font-size:30px\"><em><mark style=\"background-color:rgba(0, 0, 0, 0);color:#1204fd\" class=\"has-inline-color\">P<\/mark>rogramme n\u00b02 : Manager avec assurance<\/em> <\/h2>\n\n\n\n<p class=\"has-white-color has-text-color\"><strong>Leadership assum\u00e9 \/ Confiance \/ authenticit\u00e9<\/strong><\/p>\n<\/div><\/div>\n\n\n\n<div style=\"height:40px\" aria-hidden=\"true\" class=\"wp-block-spacer\"><\/div>\n\n\n\n<hr class=\"wp-block-separator\"\/>\n\n\n\n<p class=\"has-text-align-center\">Pour manager avec assurance, vous devrez cultiver l&rsquo;art de communiquer et de comprendre les besoins de vos collaborateurs. Manager une \u00e9quipe c&rsquo;est r\u00e9ussir \u00e0 motiver ses collaborateurs  pour atteindre les objectifs fix\u00e9s. Et c&rsquo;est aussi les accompagner dans le d\u00e9veloppement de leur carri\u00e8re. Puisque&nbsp;manager est avant tout une question de relation humaine, il existe donc autant de mani\u00e8res de manager qu\u2019il existe de managers. <a href=\"https:\/\/www.lauranovita.com\/lauranovita.com\/index.php\/2021\/05\/13\/quest-ce-que-la-bienveillance-au-travail\/\">cf. article du 13 mai 2021<\/a><\/p>\n\n\n\n<hr class=\"wp-block-separator\"\/>\n\n\n\n<div style=\"height:60px\" aria-hidden=\"true\" class=\"wp-block-spacer\"><\/div>\n\n\n\n<div class=\"wp-block-columns\">\n<div class=\"wp-block-column\">\n<div class=\"wp-block-cover has-custom-content-position is-position-bottom-center\"><span aria-hidden=\"true\" class=\"has-black-background-color wp-block-cover__gradient-background has-background-dim\"><\/span><img loading=\"lazy\" width=\"5048\" height=\"3370\" class=\"wp-block-cover__image-background wp-image-794\" alt=\"Vous cherchez \u00e0 d\u00e9velopper vos capacit\u00e9s de leader pour manager avec assurance ? \" src=\"https:\/\/www.lauranovita.com\/lauranovita.com\/wp-content\/uploads\/2020\/03\/ben-rosett-10614-unsplash-2.jpg\" style=\"object-position:47% 43%\" data-object-fit=\"cover\" data-object-position=\"47% 43%\" srcset=\"https:\/\/www.lauranovita.com\/lauranovita.com\/wp-content\/uploads\/2020\/03\/ben-rosett-10614-unsplash-2.jpg 5048w, https:\/\/www.lauranovita.com\/lauranovita.com\/wp-content\/uploads\/2020\/03\/ben-rosett-10614-unsplash-2-300x200.jpg 300w, https:\/\/www.lauranovita.com\/lauranovita.com\/wp-content\/uploads\/2020\/03\/ben-rosett-10614-unsplash-2-768x513.jpg 768w, https:\/\/www.lauranovita.com\/lauranovita.com\/wp-content\/uploads\/2020\/03\/ben-rosett-10614-unsplash-2-1024x684.jpg 1024w, https:\/\/www.lauranovita.com\/lauranovita.com\/wp-content\/uploads\/2020\/03\/ben-rosett-10614-unsplash-2-830x554.jpg 830w, https:\/\/www.lauranovita.com\/lauranovita.com\/wp-content\/uploads\/2020\/03\/ben-rosett-10614-unsplash-2-230x154.jpg 230w, https:\/\/www.lauranovita.com\/lauranovita.com\/wp-content\/uploads\/2020\/03\/ben-rosett-10614-unsplash-2-350x234.jpg 350w, https:\/\/www.lauranovita.com\/lauranovita.com\/wp-content\/uploads\/2020\/03\/ben-rosett-10614-unsplash-2-480x320.jpg 480w\" sizes=\"(max-width: 5048px) 100vw, 5048px\" \/><div class=\"wp-block-cover__inner-container\">\n<p class=\"has-text-align-center has-medium-font-size\">Vous cherchez \u00e0 d\u00e9velopper vos capacit\u00e9s de leader et prendre de l&rsquo;assurance ? <\/p>\n<\/div><\/div>\n<\/div>\n\n\n\n<div class=\"wp-block-column\">\n<div class=\"wp-block-cover has-custom-content-position is-position-bottom-center\"><span aria-hidden=\"true\" class=\"has-black-background-color wp-block-cover__gradient-background has-background-dim\"><\/span><img loading=\"lazy\" width=\"2560\" height=\"2560\" class=\"wp-block-cover__image-background wp-image-4006\" alt=\"D\u00e9bord\u00e9-e par les t\u00e2ches qui vous incombent, parfois \u00e9puis\u00e9-e, vous cherchez \u00e0 regagner de l'assurance ?\" src=\"https:\/\/www.lauranovita.com\/lauranovita.com\/wp-content\/uploads\/2022\/04\/pexels-august-de-richelieu-4427497-3-scaled.jpg\" data-object-fit=\"cover\" srcset=\"https:\/\/www.lauranovita.com\/lauranovita.com\/wp-content\/uploads\/2022\/04\/pexels-august-de-richelieu-4427497-3-scaled.jpg 2560w, https:\/\/www.lauranovita.com\/lauranovita.com\/wp-content\/uploads\/2022\/04\/pexels-august-de-richelieu-4427497-3-300x300.jpg 300w, https:\/\/www.lauranovita.com\/lauranovita.com\/wp-content\/uploads\/2022\/04\/pexels-august-de-richelieu-4427497-3-1024x1024.jpg 1024w, https:\/\/www.lauranovita.com\/lauranovita.com\/wp-content\/uploads\/2022\/04\/pexels-august-de-richelieu-4427497-3-150x150.jpg 150w, https:\/\/www.lauranovita.com\/lauranovita.com\/wp-content\/uploads\/2022\/04\/pexels-august-de-richelieu-4427497-3-768x768.jpg 768w, https:\/\/www.lauranovita.com\/lauranovita.com\/wp-content\/uploads\/2022\/04\/pexels-august-de-richelieu-4427497-3-1536x1536.jpg 1536w, https:\/\/www.lauranovita.com\/lauranovita.com\/wp-content\/uploads\/2022\/04\/pexels-august-de-richelieu-4427497-3-2048x2048.jpg 2048w, https:\/\/www.lauranovita.com\/lauranovita.com\/wp-content\/uploads\/2022\/04\/pexels-august-de-richelieu-4427497-3-830x830.jpg 830w, https:\/\/www.lauranovita.com\/lauranovita.com\/wp-content\/uploads\/2022\/04\/pexels-august-de-richelieu-4427497-3-230x230.jpg 230w, https:\/\/www.lauranovita.com\/lauranovita.com\/wp-content\/uploads\/2022\/04\/pexels-august-de-richelieu-4427497-3-350x350.jpg 350w, https:\/\/www.lauranovita.com\/lauranovita.com\/wp-content\/uploads\/2022\/04\/pexels-august-de-richelieu-4427497-3-480x480.jpg 480w\" sizes=\"(max-width: 2560px) 100vw, 2560px\" \/><div class=\"wp-block-cover__inner-container\">\n<p class=\"has-text-align-center has-medium-font-size\"><mark style=\"background-color:rgba(0, 0, 0, 0)\" class=\"has-inline-color has-white-color\">D\u00e9bord\u00e9-e par les t\u00e2ches qui vous incombent, parfois \u00e9puis\u00e9-e, vous cherchez \u00e0 retourver de l&rsquo;assurance ?<\/mark><\/p>\n<\/div><\/div>\n<\/div>\n\n\n\n<div class=\"wp-block-column\">\n<div class=\"wp-block-cover is-light has-custom-content-position is-position-bottom-center\"><span aria-hidden=\"true\" class=\"has-black-background-color wp-block-cover__gradient-background has-background-dim\"><\/span><img loading=\"lazy\" width=\"1080\" height=\"1080\" class=\"wp-block-cover__image-background wp-image-3956\" alt=\"Vous faites face \u00e0 des conflits et vous souhaitez instaurer un climat plus coop\u00e9ratif ?\" src=\"https:\/\/www.lauranovita.com\/lauranovita.com\/wp-content\/uploads\/2022\/03\/13.png\" style=\"object-position:48% 50%\" data-object-fit=\"cover\" data-object-position=\"48% 50%\" srcset=\"https:\/\/www.lauranovita.com\/lauranovita.com\/wp-content\/uploads\/2022\/03\/13.png 1080w, https:\/\/www.lauranovita.com\/lauranovita.com\/wp-content\/uploads\/2022\/03\/13-300x300.png 300w, https:\/\/www.lauranovita.com\/lauranovita.com\/wp-content\/uploads\/2022\/03\/13-1024x1024.png 1024w, https:\/\/www.lauranovita.com\/lauranovita.com\/wp-content\/uploads\/2022\/03\/13-150x150.png 150w, https:\/\/www.lauranovita.com\/lauranovita.com\/wp-content\/uploads\/2022\/03\/13-768x768.png 768w, https:\/\/www.lauranovita.com\/lauranovita.com\/wp-content\/uploads\/2022\/03\/13-830x830.png 830w, https:\/\/www.lauranovita.com\/lauranovita.com\/wp-content\/uploads\/2022\/03\/13-230x230.png 230w, https:\/\/www.lauranovita.com\/lauranovita.com\/wp-content\/uploads\/2022\/03\/13-350x350.png 350w, https:\/\/www.lauranovita.com\/lauranovita.com\/wp-content\/uploads\/2022\/03\/13-480x480.png 480w\" sizes=\"(max-width: 1080px) 100vw, 1080px\" \/><div class=\"wp-block-cover__inner-container\">\n<p class=\"has-text-align-center has-white-color has-text-color has-medium-font-size\">Vous faites face \u00e0 des conflits et vous souhaitez instaurer un climat plus coop\u00e9ratif ?<\/p>\n<\/div><\/div>\n<\/div>\n<\/div>\n\n\n\n<div style=\"height:60px\" aria-hidden=\"true\" class=\"wp-block-spacer\"><\/div>\n\n\n\n<p class=\"has-text-color has-medium-font-size\" style=\"color:#10069f\">Ce programme d\u2019accompagnement&nbsp;<strong>est destin\u00e9 \u00e0 d\u00e9velopper vos capacit\u00e9s de leader \u00e0 partir de votre personnalit\u00e9<\/strong> <strong>et de vos aspirations<\/strong>. Il a \u00e9t\u00e9 \u00e9labor\u00e9 pour vous permettre&nbsp;<strong>en 2 \u00e0 3 mois<\/strong>&nbsp;de&nbsp;<strong>d\u00e9passer vos limites actuelles <\/strong>et vous garantir un <strong>management bas\u00e9 sur l&rsquo;\u00e9coute et la confiance de vos collaborateurs<\/strong>. <\/p>\n\n\n\n<div style=\"height:30px\" aria-hidden=\"true\" class=\"wp-block-spacer\"><\/div>\n\n\n\n<div class=\"wp-block-columns\">\n<div class=\"wp-block-column\">\n<div style=\"height:62px\" aria-hidden=\"true\" class=\"wp-block-spacer\"><\/div>\n\n\n\n<p class=\"has-text-align-center has-text-color\" style=\"color:#10069f;font-size:19px\"><strong>Suivre un programme d&rsquo;accompagnement en management c\u2019est s\u2019offrir un moment pour prendre conscience de ses qualit\u00e9s et c\u2019est aussi s\u2019autoriser \u00e0 assumer pleinement qui on est.<\/strong><\/p>\n\n\n\n<div style=\"height:50px\" aria-hidden=\"true\" class=\"wp-block-spacer\"><\/div>\n\n\n\n<p>Chaque \u00e9tape de l&rsquo;accompagnement est un cheminement vers un leadership positif. Pas \u00e0 pas, <strong>vous allez vous<\/strong> <strong>perfectionner <\/strong>dans vos \u00e9changes avec vos collaborateurs. Vous <strong>cultiverez l\u2019art du relationnel <\/strong>pour cr\u00e9er un <strong>climat de confiance <\/strong>au sein de votre \u00e9quipe et mobiliser vos collaborateurs. <\/p>\n\n\n\n<p><strong>Chaque accompagnement est enti\u00e8rement personnalis\u00e9<\/strong>. Pour r\u00e9pondre \u00e0 vos attentes, \u00e0 la suite de l&rsquo;entretient exploratoire, je vous propose un nombre de s\u00e9ances et des th\u00e9matiques sp\u00e9cifiques \u00e0 aborder.<\/p>\n<\/div>\n\n\n\n<div class=\"wp-block-column\" style=\"flex-basis:50%\">\n<figure class=\"wp-block-image size-large\"><img loading=\"lazy\" width=\"724\" height=\"1024\" src=\"https:\/\/www.lauranovita.com\/lauranovita.com\/wp-content\/uploads\/2022\/06\/Un-programme-n\u00b02-724x1024.png\" alt=\"D\u00e9roulement de l'accompagnement pour manager avec assurance\n\" class=\"wp-image-5127\" srcset=\"https:\/\/www.lauranovita.com\/lauranovita.com\/wp-content\/uploads\/2022\/06\/Un-programme-n\u00b02-724x1024.png 724w, https:\/\/www.lauranovita.com\/lauranovita.com\/wp-content\/uploads\/2022\/06\/Un-programme-n\u00b02-212x300.png 212w, https:\/\/www.lauranovita.com\/lauranovita.com\/wp-content\/uploads\/2022\/06\/Un-programme-n\u00b02-768x1086.png 768w, https:\/\/www.lauranovita.com\/lauranovita.com\/wp-content\/uploads\/2022\/06\/Un-programme-n\u00b02-1086x1536.png 1086w, https:\/\/www.lauranovita.com\/lauranovita.com\/wp-content\/uploads\/2022\/06\/Un-programme-n\u00b02-920x1301.png 920w, https:\/\/www.lauranovita.com\/lauranovita.com\/wp-content\/uploads\/2022\/06\/Un-programme-n\u00b02-230x325.png 230w, https:\/\/www.lauranovita.com\/lauranovita.com\/wp-content\/uploads\/2022\/06\/Un-programme-n\u00b02-350x495.png 350w, https:\/\/www.lauranovita.com\/lauranovita.com\/wp-content\/uploads\/2022\/06\/Un-programme-n\u00b02-480x679.png 480w, https:\/\/www.lauranovita.com\/lauranovita.com\/wp-content\/uploads\/2022\/06\/Un-programme-n\u00b02.png 1414w\" sizes=\"(max-width: 724px) 100vw, 724px\" \/><\/figure>\n<\/div>\n<\/div>\n\n\n\n<div style=\"height:10px\" aria-hidden=\"true\" class=\"wp-block-spacer\"><\/div>\n\n\n\n<hr class=\"wp-block-separator is-style-default\"\/>\n\n\n\n<div style=\"height:10px\" aria-hidden=\"true\" class=\"wp-block-spacer\"><\/div>\n\n\n<div class=\"wpforms-container wpforms-container-full wpforms-block\" id=\"wpforms-4494\"><form id=\"wpforms-form-4494\" class=\"wpforms-validate wpforms-form wpforms-ajax-form\" data-formid=\"4494\" method=\"post\" enctype=\"multipart\/form-data\" action=\"\/lauranovita.com\/index.php\/wp-json\/wp\/v2\/pages\/1277\" data-token=\"b96565286abf5b85e7152bd6049af6b1\"><noscript class=\"wpforms-error-noscript\">Veuillez activer JavaScript dans votre navigateur pour remplir ce formulaire.<\/noscript><div class=\"wpforms-field-container\"><div id=\"wpforms-4494-field_0-container\" class=\"wpforms-field wpforms-field-name\" data-field-id=\"0\"><label class=\"wpforms-field-label\" for=\"wpforms-4494-field_0\">Vous avez une question sur ce programme d&#039;accompagnement, ou vous souhaitez vous lancer ? Envoyez-moi un message <\/label><input type=\"text\" id=\"wpforms-4494-field_0\" class=\"wpforms-field-medium\" name=\"wpforms[fields][0]\" placeholder=\"Pr\u00e9nom et Nom\" ><\/div><div id=\"wpforms-4494-field_1-container\" class=\"wpforms-field wpforms-field-email\" data-field-id=\"1\"><label class=\"wpforms-field-label wpforms-label-hide\" for=\"wpforms-4494-field_1\">Email <span class=\"wpforms-required-label\">*<\/span><\/label><input type=\"email\" id=\"wpforms-4494-field_1\" class=\"wpforms-field-medium wpforms-field-required\" name=\"wpforms[fields][1]\" placeholder=\"Adresse e-mail\" spellcheck=\"false\" required><\/div><div id=\"wpforms-4494-field_2-container\" class=\"wpforms-field wpforms-field-textarea\" data-field-id=\"2\"><label class=\"wpforms-field-label wpforms-label-hide\" for=\"wpforms-4494-field_2\">Message <span class=\"wpforms-required-label\">*<\/span><\/label><textarea id=\"wpforms-4494-field_2\" class=\"wpforms-field-medium wpforms-field-required\" name=\"wpforms[fields][2]\" placeholder=\"Ecrivez votre message ici...\" required><\/textarea><\/div><div id=\"wpforms-4494-field_5-container\" class=\"wpforms-field wpforms-field-gdpr-checkbox\" data-field-id=\"5\"><label class=\"wpforms-field-label\" for=\"wpforms-4494-field_5\">Accord RGPD <span class=\"wpforms-required-label\">*<\/span><\/label><ul id=\"wpforms-4494-field_5\" class=\"wpforms-field-required\"><li class=\"choice-1\"><input type=\"checkbox\" id=\"wpforms-4494-field_5_1\" name=\"wpforms[fields][5][]\" value=\"Je consens \u00e0 ce que Laura Novita conserve mes informations envoy\u00e9es afin qu\u2019elle puisse r\u00e9pondre \u00e0 ma requ\u00eate.\" required ><label class=\"wpforms-field-label-inline\" for=\"wpforms-4494-field_5_1\">Je consens \u00e0 ce que Laura Novita conserve mes informations envoy\u00e9es afin qu\u2019elle puisse r\u00e9pondre \u00e0 ma requ\u00eate.<\/label><\/li><\/ul><\/div><\/div><!-- .wpforms-field-container --><div class=\"wpforms-recaptcha-container wpforms-is-recaptcha\" ><div class=\"g-recaptcha\" data-sitekey=\"6Lcdk1IgAAAAAHGV3lgl8_4gwz5_pbJSibg27bU5\" data-size=\"invisible\"><\/div><\/div><div class=\"wpforms-submit-container\" ><input type=\"hidden\" name=\"wpforms[id]\" value=\"4494\"><input type=\"hidden\" name=\"wpforms[author]\" value=\"1\"><button type=\"submit\" name=\"wpforms[submit]\" id=\"wpforms-submit-4494\" class=\"wpforms-submit\" data-alt-text=\"En cours d&#039;envoie...\" data-submit-text=\"Envoyer\" aria-live=\"assertive\" value=\"wpforms-submit\">Envoyer<\/button><img loading=\"lazy\" src=\"https:\/\/www.lauranovita.com\/lauranovita.com\/wp-content\/plugins\/wpforms-lite\/assets\/images\/submit-spin.svg\" class=\"wpforms-submit-spinner\" style=\"display: none;\" width=\"26\" height=\"26\" alt=\"Chargement en cours\"><\/div><\/form><\/div>  <!-- .wpforms-container -->\n\n\n<div style=\"height:28px\" aria-hidden=\"true\" class=\"wp-block-spacer\"><\/div>\n\n\n<div class=\"yoast-breadcrumbs\"><span><span><a href=\"https:\/\/www.lauranovita.com\/lauranovita.com\/\">Accueil<\/a> &raquo; <span class=\"breadcrumb_last\" aria-current=\"page\">Manager avec assurance<\/span><\/span><\/span><\/div>\n\n\n<div class=\"wp-container-1 wp-block-group\"><div class=\"wp-block-group__inner-container\">\n<hr class=\"wp-block-separator has-text-color has-background has-luminous-vivid-orange-background-color has-luminous-vivid-orange-color is-style-dots\"\/>\n\n\n\n<p><\/p>\n<\/div><\/div>\n","protected":false},"excerpt":{"rendered":"<p>Pour manager avec assurance, vous devrez cultiver l&rsquo;art de communiquer et de comprendre les besoins de vos [&hellip;]<\/p>\n","protected":false},"author":1,"featured_media":0,"parent":0,"menu_order":0,"comment_status":"closed","ping_status":"closed","template":"page-templates\/page_fullwidth.php","meta":[],"yoast_head":"<!-- This site is optimized with the Yoast SEO plugin v18.4.1 - https:\/\/yoast.com\/wordpress\/plugins\/seo\/ -->\n<title>coaching en management<\/title>\n<meta name=\"description\" content=\"Un accompagnement en face \u00e0 face ou \u00e0 distance d\u00e9velopper vos capacit\u00e9s de leader et vous permettre de manager avec assurance.\" \/>\n<meta name=\"robots\" content=\"index, follow, max-snippet:-1, max-image-preview:large, max-video-preview:-1\" \/>\n<link rel=\"canonical\" href=\"https:\/\/www.lauranovita.com\/lauranovita.com\/index.php\/manager-avec-assurance\/\" \/>\n<meta property=\"og:locale\" content=\"fr_FR\" \/>\n<meta property=\"og:type\" content=\"article\" \/>\n<meta property=\"og:title\" content=\"coaching en management\" \/>\n<meta property=\"og:description\" content=\"Un accompagnement en face \u00e0 face ou \u00e0 distance d\u00e9velopper vos capacit\u00e9s de leader et vous permettre de manager avec assurance.\" \/>\n<meta property=\"og:url\" content=\"https:\/\/www.lauranovita.com\/lauranovita.com\/index.php\/manager-avec-assurance\/\" \/>\n<meta property=\"og:site_name\" content=\"Laura Novita - Conseil en Image et Communication 08\" \/>\n<meta property=\"article:modified_time\" content=\"2023-07-24T18:45:25+00:00\" \/>\n<meta property=\"og:image\" content=\"https:\/\/www.lauranovita.com\/lauranovita.com\/wp-content\/uploads\/2023\/07\/business-meeting-1643746-scaled.jpg\" \/>\n<meta name=\"twitter:card\" content=\"summary_large_image\" \/>\n<meta name=\"twitter:label1\" content=\"Dur\u00e9e de lecture estim\u00e9e\" \/>\n\t<meta name=\"twitter:data1\" content=\"3 minutes\" \/>\n<script type=\"application\/ld+json\" class=\"yoast-schema-graph\">{\"@context\":\"https:\/\/schema.org\",\"@graph\":[{\"@type\":\"WebSite\",\"@id\":\"https:\/\/www.lauranovita.com\/lauranovita.com\/#website\",\"url\":\"https:\/\/www.lauranovita.com\/lauranovita.com\/\",\"name\":\"Laura Novita - Conseil en Image et Communication 08\",\"description\":\"Osez \u00eatre vous\",\"potentialAction\":[{\"@type\":\"SearchAction\",\"target\":{\"@type\":\"EntryPoint\",\"urlTemplate\":\"https:\/\/www.lauranovita.com\/lauranovita.com\/?s={search_term_string}\"},\"query-input\":\"required name=search_term_string\"}],\"inLanguage\":\"fr-FR\"},{\"@type\":\"ImageObject\",\"@id\":\"https:\/\/www.lauranovita.com\/lauranovita.com\/index.php\/manager-avec-assurance\/#primaryimage\",\"inLanguage\":\"fr-FR\",\"url\":\"https:\/\/www.lauranovita.com\/lauranovita.com\/wp-content\/uploads\/2023\/07\/business-meeting-1643746-scaled.jpg\",\"contentUrl\":\"https:\/\/www.lauranovita.com\/lauranovita.com\/wp-content\/uploads\/2023\/07\/business-meeting-1643746-scaled.jpg\",\"width\":2560,\"height\":1713},{\"@type\":\"WebPage\",\"@id\":\"https:\/\/www.lauranovita.com\/lauranovita.com\/index.php\/manager-avec-assurance\/#webpage\",\"url\":\"https:\/\/www.lauranovita.com\/lauranovita.com\/index.php\/manager-avec-assurance\/\",\"name\":\"coaching en management\",\"isPartOf\":{\"@id\":\"https:\/\/www.lauranovita.com\/lauranovita.com\/#website\"},\"primaryImageOfPage\":{\"@id\":\"https:\/\/www.lauranovita.com\/lauranovita.com\/index.php\/manager-avec-assurance\/#primaryimage\"},\"datePublished\":\"2022-06-21T17:14:42+00:00\",\"dateModified\":\"2023-07-24T18:45:25+00:00\",\"description\":\"Un accompagnement en face \u00e0 face ou \u00e0 distance d\u00e9velopper vos capacit\u00e9s de leader et vous permettre de manager avec assurance.\",\"breadcrumb\":{\"@id\":\"https:\/\/www.lauranovita.com\/lauranovita.com\/index.php\/manager-avec-assurance\/#breadcrumb\"},\"inLanguage\":\"fr-FR\",\"potentialAction\":[{\"@type\":\"ReadAction\",\"target\":[\"https:\/\/www.lauranovita.com\/lauranovita.com\/index.php\/manager-avec-assurance\/\"]}]},{\"@type\":\"BreadcrumbList\",\"@id\":\"https:\/\/www.lauranovita.com\/lauranovita.com\/index.php\/manager-avec-assurance\/#breadcrumb\",\"itemListElement\":[{\"@type\":\"ListItem\",\"position\":1,\"name\":\"Accueil\",\"item\":\"https:\/\/www.lauranovita.com\/lauranovita.com\/\"},{\"@type\":\"ListItem\",\"position\":2,\"name\":\"Manager avec assurance\"}]}]}<\/script>\n<!-- \/ Yoast SEO plugin. -->","yoast_head_json":{"title":"coaching en management","description":"Un accompagnement en face \u00e0 face ou \u00e0 distance d\u00e9velopper vos capacit\u00e9s de leader et vous permettre de manager avec assurance.","robots":{"index":"index","follow":"follow","max-snippet":"max-snippet:-1","max-image-preview":"max-image-preview:large","max-video-preview":"max-video-preview:-1"},"canonical":"https:\/\/www.lauranovita.com\/lauranovita.com\/index.php\/manager-avec-assurance\/","og_locale":"fr_FR","og_type":"article","og_title":"coaching en management","og_description":"Un accompagnement en face \u00e0 face ou \u00e0 distance d\u00e9velopper vos capacit\u00e9s de leader et vous permettre de manager avec assurance.","og_url":"https:\/\/www.lauranovita.com\/lauranovita.com\/index.php\/manager-avec-assurance\/","og_site_name":"Laura Novita - Conseil en Image et Communication 08","article_modified_time":"2023-07-24T18:45:25+00:00","og_image":[{"url":"https:\/\/www.lauranovita.com\/lauranovita.com\/wp-content\/uploads\/2023\/07\/business-meeting-1643746-scaled.jpg"}],"twitter_card":"summary_large_image","twitter_misc":{"Dur\u00e9e de lecture estim\u00e9e":"3 minutes"},"schema":{"@context":"https:\/\/schema.org","@graph":[{"@type":"WebSite","@id":"https:\/\/www.lauranovita.com\/lauranovita.com\/#website","url":"https:\/\/www.lauranovita.com\/lauranovita.com\/","name":"Laura Novita - Conseil en Image et Communication 08","description":"Osez \u00eatre vous","potentialAction":[{"@type":"SearchAction","target":{"@type":"EntryPoint","urlTemplate":"https:\/\/www.lauranovita.com\/lauranovita.com\/?s={search_term_string}"},"query-input":"required name=search_term_string"}],"inLanguage":"fr-FR"},{"@type":"ImageObject","@id":"https:\/\/www.lauranovita.com\/lauranovita.com\/index.php\/manager-avec-assurance\/#primaryimage","inLanguage":"fr-FR","url":"https:\/\/www.lauranovita.com\/lauranovita.com\/wp-content\/uploads\/2023\/07\/business-meeting-1643746-scaled.jpg","contentUrl":"https:\/\/www.lauranovita.com\/lauranovita.com\/wp-content\/uploads\/2023\/07\/business-meeting-1643746-scaled.jpg","width":2560,"height":1713},{"@type":"WebPage","@id":"https:\/\/www.lauranovita.com\/lauranovita.com\/index.php\/manager-avec-assurance\/#webpage","url":"https:\/\/www.lauranovita.com\/lauranovita.com\/index.php\/manager-avec-assurance\/","name":"coaching en management","isPartOf":{"@id":"https:\/\/www.lauranovita.com\/lauranovita.com\/#website"},"primaryImageOfPage":{"@id":"https:\/\/www.lauranovita.com\/lauranovita.com\/index.php\/manager-avec-assurance\/#primaryimage"},"datePublished":"2022-06-21T17:14:42+00:00","dateModified":"2023-07-24T18:45:25+00:00","description":"Un accompagnement en face \u00e0 face ou \u00e0 distance d\u00e9velopper vos capacit\u00e9s de leader et vous permettre de manager avec assurance.","breadcrumb":{"@id":"https:\/\/www.lauranovita.com\/lauranovita.com\/index.php\/manager-avec-assurance\/#breadcrumb"},"inLanguage":"fr-FR","potentialAction":[{"@type":"ReadAction","target":["https:\/\/www.lauranovita.com\/lauranovita.com\/index.php\/manager-avec-assurance\/"]}]},{"@type":"BreadcrumbList","@id":"https:\/\/www.lauranovita.com\/lauranovita.com\/index.php\/manager-avec-assurance\/#breadcrumb","itemListElement":[{"@type":"ListItem","position":1,"name":"Accueil","item":"https:\/\/www.lauranovita.com\/lauranovita.com\/"},{"@type":"ListItem","position":2,"name":"Manager avec assurance"}]}]}},"_links":{"self":[{"href":"https:\/\/www.lauranovita.com\/lauranovita.com\/index.php\/wp-json\/wp\/v2\/pages\/1277"}],"collection":[{"href":"https:\/\/www.lauranovita.com\/lauranovita.com\/index.php\/wp-json\/wp\/v2\/pages"}],"about":[{"href":"https:\/\/www.lauranovita.com\/lauranovita.com\/index.php\/wp-json\/wp\/v2\/types\/page"}],"author":[{"embeddable":true,"href":"https:\/\/www.lauranovita.com\/lauranovita.com\/index.php\/wp-json\/wp\/v2\/users\/1"}],"replies":[{"embeddable":true,"href":"https:\/\/www.lauranovita.com\/lauranovita.com\/index.php\/wp-json\/wp\/v2\/comments?post=1277"}],"version-history":[{"count":75,"href":"https:\/\/www.lauranovita.com\/lauranovita.com\/index.php\/wp-json\/wp\/v2\/pages\/1277\/revisions"}],"predecessor-version":[{"id":5251,"href":"https:\/\/www.lauranovita.com\/lauranovita.com\/index.php\/wp-json\/wp\/v2\/pages\/1277\/revisions\/5251"}],"wp:attachment":[{"href":"https:\/\/www.lauranovita.com\/lauranovita.com\/index.php\/wp-json\/wp\/v2\/media?parent=1277"}],"curies":[{"name":"wp","href":"https:\/\/api.w.org\/{rel}","templated":true}]}}