{"id":175,"date":"2019-07-26T16:28:11","date_gmt":"2019-07-26T14:28:11","guid":{"rendered":"http:\/\/www.lauranovita.com\/lauranovita.com\/?page_id=175"},"modified":"2022-11-11T09:39:02","modified_gmt":"2022-11-11T08:39:02","slug":"prestation-conseil-en-image-personnelle","status":"publish","type":"page","link":"https:\/\/www.lauranovita.com\/lauranovita.com\/index.php\/prestation-conseil-en-image-personnelle\/","title":{"rendered":"Cadeau"},"content":{"rendered":"\n<h2 class=\"has-medium-font-size\">Les prestations conseil en image personnelle<\/h2>\n\n\n\n<div class=\"wp-block-media-text alignwide is-image-fill\" style=\"grid-template-columns:31% auto\"><figure class=\"wp-block-media-text__media\" style=\"background-image:url(https:\/\/www.lauranovita.com\/lauranovita.com\/wp-content\/uploads\/2019\/08\/IMG-0636-924x1024.jpg);background-position:50% 50%\"><img loading=\"lazy\" width=\"924\" height=\"1024\" src=\"https:\/\/www.lauranovita.com\/lauranovita.com\/wp-content\/uploads\/2019\/08\/IMG-0636-924x1024.jpg\" alt=\"Photo d'illustration : ch\u00e8ques cadeaux\nPrestation conseil en image personnelle\" class=\"wp-image-223 size-full\" srcset=\"https:\/\/www.lauranovita.com\/lauranovita.com\/wp-content\/uploads\/2019\/08\/IMG-0636-924x1024.jpg 924w, https:\/\/www.lauranovita.com\/lauranovita.com\/wp-content\/uploads\/2019\/08\/IMG-0636-271x300.jpg 271w, https:\/\/www.lauranovita.com\/lauranovita.com\/wp-content\/uploads\/2019\/08\/IMG-0636-768x851.jpg 768w, https:\/\/www.lauranovita.com\/lauranovita.com\/wp-content\/uploads\/2019\/08\/IMG-0636-830x919.jpg 830w, https:\/\/www.lauranovita.com\/lauranovita.com\/wp-content\/uploads\/2019\/08\/IMG-0636-230x255.jpg 230w, https:\/\/www.lauranovita.com\/lauranovita.com\/wp-content\/uploads\/2019\/08\/IMG-0636-350x388.jpg 350w, https:\/\/www.lauranovita.com\/lauranovita.com\/wp-content\/uploads\/2019\/08\/IMG-0636-480x532.jpg 480w\" sizes=\"(max-width: 924px) 100vw, 924px\" \/><\/figure><div class=\"wp-block-media-text__content\">\n<p class=\"has-text-color has-medium-font-size\" style=\"color:#10069f\"><strong>Ch\u00e8que cadeau valable sur toutes les prestations Conseil en Image en formule ou \u00e0 la carte<\/strong>  &#8211; <em>A partir de 80 euros.<\/em>  <\/p>\n<\/div><\/div>\n\n\n\n<p class=\"has-text-color\" style=\"color:#ffffff\">fdgd<\/p>\n\n\n\n<h2 class=\"has-medium-font-size\">Les coffrets maquillages personnalis\u00e9s sp\u00e9ciale f\u00eates 2022<\/h2>\n\n\n\n<div class=\"wp-block-media-text alignwide\" style=\"grid-template-columns:54% auto\"><figure class=\"wp-block-media-text__media\"><img loading=\"lazy\" width=\"940\" height=\"788\" src=\"https:\/\/www.lauranovita.com\/lauranovita.com\/wp-content\/uploads\/2022\/11\/flyer-vf.png\" alt=\"\" class=\"wp-image-5216 size-full\" srcset=\"https:\/\/www.lauranovita.com\/lauranovita.com\/wp-content\/uploads\/2022\/11\/flyer-vf.png 940w, https:\/\/www.lauranovita.com\/lauranovita.com\/wp-content\/uploads\/2022\/11\/flyer-vf-300x251.png 300w, https:\/\/www.lauranovita.com\/lauranovita.com\/wp-content\/uploads\/2022\/11\/flyer-vf-768x644.png 768w, https:\/\/www.lauranovita.com\/lauranovita.com\/wp-content\/uploads\/2022\/11\/flyer-vf-920x771.png 920w, https:\/\/www.lauranovita.com\/lauranovita.com\/wp-content\/uploads\/2022\/11\/flyer-vf-230x193.png 230w, https:\/\/www.lauranovita.com\/lauranovita.com\/wp-content\/uploads\/2022\/11\/flyer-vf-350x293.png 350w, https:\/\/www.lauranovita.com\/lauranovita.com\/wp-content\/uploads\/2022\/11\/flyer-vf-480x402.png 480w\" sizes=\"(max-width: 940px) 100vw, 940px\" \/><\/figure><div class=\"wp-block-media-text__content\">\n<p class=\"has-text-color\" style=\"color:#10069f;font-size:16px\">Du maquillage pro et bio  qui prend soin de votre peau et de la plan\u00e8te  !<\/p>\n\n\n\n<p class=\"has-text-color\" style=\"color:#10069f;font-size:16px\">Une fiche pour vous accompagner dans la r\u00e9alisation du maquillage<\/p>\n\n\n\n<p class=\"has-text-color\" style=\"color:#10069f;font-size:16px\">3 looks pour un maquillage de f\u00eates pour tous les niveaux, pour toutes les personnalit\u00e9s<\/p>\n\n\n\n<div class=\"wp-container-1 wp-block-group\"><div class=\"wp-block-group__inner-container\">\n<p><a href=\"https:\/\/www.lauranovita.com\/lauranovita.com\/index.php\/conseil-en-image-ardennes\/maquillage-bio-et-naturel-de-qualite\/\">Pour en savoir plus sur la gamme de maquillage<\/a><\/p>\n\n\n\n<p><a href=\"https:\/\/www.lauranovita.com\/lauranovita.com\/index.php\/2020\/04\/10\/miss-w-pro-bio-quest-ce-que-cest-au-juste\/\">Article du 4 avril 2020 <\/a><\/p>\n\n\n\n<p><a rel=\"noreferrer noopener\" aria-label=\" (s\u2019ouvre dans un nouvel onglet)\" href=\"https:\/\/www.facebook.com\/lsemaquilleenbio\/?modal=admin_todo_tour\" target=\"_blank\">Page Facebook : <span style=\"text-decoration: underline;\">L se maquille en Bio <\/span><\/a><\/p>\n<\/div><\/div>\n\n\n\n<p><\/p>\n<\/div><\/div>\n\n\n\n<p><\/p>\n\n\n\n<div class=\"wp-container-2 wp-block-buttons\">\n<div class=\"wp-block-button\"><a class=\"wp-block-button__link\" href=\"https:\/\/www.lauranovita.com\/lauranovita.com\/index.php\/conseil-en-image-professionnelle-et-leadership\/\">Me contacter<\/a><\/div>\n<\/div>\n","protected":false},"excerpt":{"rendered":"<p>Les prestations conseil en image personnelle Ch\u00e8que cadeau valable sur toutes les prestations Conseil en Image en [&hellip;]<\/p>\n","protected":false},"author":1,"featured_media":0,"parent":0,"menu_order":0,"comment_status":"closed","ping_status":"closed","template":"","meta":[],"yoast_head":"<!-- This site is optimized with the Yoast SEO plugin v18.4.1 - https:\/\/yoast.com\/wordpress\/plugins\/seo\/ -->\n<title>Prestation conseil en image personnelle<\/title>\n<meta name=\"description\" content=\"Id\u00e9e cadeau. Prestation conseil en image personnelle, cours d&#039;auto maquillage en pr\u00e9sentiel ou \u00e0 distance, coffret maquillage personnalis\u00e9.\" \/>\n<meta name=\"robots\" content=\"index, follow, max-snippet:-1, max-image-preview:large, max-video-preview:-1\" \/>\n<link rel=\"canonical\" href=\"https:\/\/www.lauranovita.com\/lauranovita.com\/index.php\/prestation-conseil-en-image-personnelle\/\" \/>\n<meta property=\"og:locale\" content=\"fr_FR\" \/>\n<meta property=\"og:type\" content=\"article\" \/>\n<meta property=\"og:title\" content=\"Prestation conseil en image personnelle\" \/>\n<meta property=\"og:description\" content=\"Id\u00e9e cadeau. Prestation conseil en image personnelle, cours d&#039;auto maquillage en pr\u00e9sentiel ou \u00e0 distance, coffret maquillage personnalis\u00e9.\" \/>\n<meta property=\"og:url\" content=\"https:\/\/www.lauranovita.com\/lauranovita.com\/index.php\/prestation-conseil-en-image-personnelle\/\" \/>\n<meta property=\"og:site_name\" content=\"Laura Novita - Conseil en Image et Communication 08\" \/>\n<meta property=\"article:modified_time\" content=\"2022-11-11T08:39:02+00:00\" \/>\n<meta property=\"og:image\" content=\"https:\/\/www.lauranovita.com\/lauranovita.com\/wp-content\/uploads\/2019\/08\/IMG-0636-924x1024.jpg\" \/>\n<meta name=\"twitter:card\" content=\"summary_large_image\" \/>\n<meta name=\"twitter:label1\" content=\"Dur\u00e9e de lecture estim\u00e9e\" \/>\n\t<meta name=\"twitter:data1\" content=\"1 minute\" \/>\n<script type=\"application\/ld+json\" class=\"yoast-schema-graph\">{\"@context\":\"https:\/\/schema.org\",\"@graph\":[{\"@type\":\"WebSite\",\"@id\":\"https:\/\/www.lauranovita.com\/lauranovita.com\/#website\",\"url\":\"https:\/\/www.lauranovita.com\/lauranovita.com\/\",\"name\":\"Laura Novita - Conseil en Image et Communication 08\",\"description\":\"Osez \u00eatre vous\",\"potentialAction\":[{\"@type\":\"SearchAction\",\"target\":{\"@type\":\"EntryPoint\",\"urlTemplate\":\"https:\/\/www.lauranovita.com\/lauranovita.com\/?s={search_term_string}\"},\"query-input\":\"required name=search_term_string\"}],\"inLanguage\":\"fr-FR\"},{\"@type\":\"ImageObject\",\"@id\":\"https:\/\/www.lauranovita.com\/lauranovita.com\/index.php\/prestation-conseil-en-image-personnelle\/#primaryimage\",\"inLanguage\":\"fr-FR\",\"url\":\"https:\/\/www.lauranovita.com\/lauranovita.com\/wp-content\/uploads\/2019\/08\/IMG-0636.jpg\",\"contentUrl\":\"https:\/\/www.lauranovita.com\/lauranovita.com\/wp-content\/uploads\/2019\/08\/IMG-0636.jpg\",\"width\":3024,\"height\":3350},{\"@type\":\"WebPage\",\"@id\":\"https:\/\/www.lauranovita.com\/lauranovita.com\/index.php\/prestation-conseil-en-image-personnelle\/#webpage\",\"url\":\"https:\/\/www.lauranovita.com\/lauranovita.com\/index.php\/prestation-conseil-en-image-personnelle\/\",\"name\":\"Prestation conseil en image personnelle\",\"isPartOf\":{\"@id\":\"https:\/\/www.lauranovita.com\/lauranovita.com\/#website\"},\"primaryImageOfPage\":{\"@id\":\"https:\/\/www.lauranovita.com\/lauranovita.com\/index.php\/prestation-conseil-en-image-personnelle\/#primaryimage\"},\"datePublished\":\"2019-07-26T14:28:11+00:00\",\"dateModified\":\"2022-11-11T08:39:02+00:00\",\"description\":\"Id\u00e9e cadeau. Prestation conseil en image personnelle, cours d'auto maquillage en pr\u00e9sentiel ou \u00e0 distance, coffret maquillage personnalis\u00e9.\",\"breadcrumb\":{\"@id\":\"https:\/\/www.lauranovita.com\/lauranovita.com\/index.php\/prestation-conseil-en-image-personnelle\/#breadcrumb\"},\"inLanguage\":\"fr-FR\",\"potentialAction\":[{\"@type\":\"ReadAction\",\"target\":[\"https:\/\/www.lauranovita.com\/lauranovita.com\/index.php\/prestation-conseil-en-image-personnelle\/\"]}]},{\"@type\":\"BreadcrumbList\",\"@id\":\"https:\/\/www.lauranovita.com\/lauranovita.com\/index.php\/prestation-conseil-en-image-personnelle\/#breadcrumb\",\"itemListElement\":[{\"@type\":\"ListItem\",\"position\":1,\"name\":\"Accueil\",\"item\":\"https:\/\/www.lauranovita.com\/lauranovita.com\/\"},{\"@type\":\"ListItem\",\"position\":2,\"name\":\"Cadeau\"}]}]}<\/script>\n<!-- \/ Yoast SEO plugin. -->","yoast_head_json":{"title":"Prestation conseil en image personnelle","description":"Id\u00e9e cadeau. Prestation conseil en image personnelle, cours d'auto maquillage en pr\u00e9sentiel ou \u00e0 distance, coffret maquillage personnalis\u00e9.","robots":{"index":"index","follow":"follow","max-snippet":"max-snippet:-1","max-image-preview":"max-image-preview:large","max-video-preview":"max-video-preview:-1"},"canonical":"https:\/\/www.lauranovita.com\/lauranovita.com\/index.php\/prestation-conseil-en-image-personnelle\/","og_locale":"fr_FR","og_type":"article","og_title":"Prestation conseil en image personnelle","og_description":"Id\u00e9e cadeau. Prestation conseil en image personnelle, cours d'auto maquillage en pr\u00e9sentiel ou \u00e0 distance, coffret maquillage personnalis\u00e9.","og_url":"https:\/\/www.lauranovita.com\/lauranovita.com\/index.php\/prestation-conseil-en-image-personnelle\/","og_site_name":"Laura Novita - Conseil en Image et Communication 08","article_modified_time":"2022-11-11T08:39:02+00:00","og_image":[{"url":"https:\/\/www.lauranovita.com\/lauranovita.com\/wp-content\/uploads\/2019\/08\/IMG-0636-924x1024.jpg"}],"twitter_card":"summary_large_image","twitter_misc":{"Dur\u00e9e de lecture estim\u00e9e":"1 minute"},"schema":{"@context":"https:\/\/schema.org","@graph":[{"@type":"WebSite","@id":"https:\/\/www.lauranovita.com\/lauranovita.com\/#website","url":"https:\/\/www.lauranovita.com\/lauranovita.com\/","name":"Laura Novita - Conseil en Image et Communication 08","description":"Osez \u00eatre vous","potentialAction":[{"@type":"SearchAction","target":{"@type":"EntryPoint","urlTemplate":"https:\/\/www.lauranovita.com\/lauranovita.com\/?s={search_term_string}"},"query-input":"required name=search_term_string"}],"inLanguage":"fr-FR"},{"@type":"ImageObject","@id":"https:\/\/www.lauranovita.com\/lauranovita.com\/index.php\/prestation-conseil-en-image-personnelle\/#primaryimage","inLanguage":"fr-FR","url":"https:\/\/www.lauranovita.com\/lauranovita.com\/wp-content\/uploads\/2019\/08\/IMG-0636.jpg","contentUrl":"https:\/\/www.lauranovita.com\/lauranovita.com\/wp-content\/uploads\/2019\/08\/IMG-0636.jpg","width":3024,"height":3350},{"@type":"WebPage","@id":"https:\/\/www.lauranovita.com\/lauranovita.com\/index.php\/prestation-conseil-en-image-personnelle\/#webpage","url":"https:\/\/www.lauranovita.com\/lauranovita.com\/index.php\/prestation-conseil-en-image-personnelle\/","name":"Prestation conseil en image personnelle","isPartOf":{"@id":"https:\/\/www.lauranovita.com\/lauranovita.com\/#website"},"primaryImageOfPage":{"@id":"https:\/\/www.lauranovita.com\/lauranovita.com\/index.php\/prestation-conseil-en-image-personnelle\/#primaryimage"},"datePublished":"2019-07-26T14:28:11+00:00","dateModified":"2022-11-11T08:39:02+00:00","description":"Id\u00e9e cadeau. Prestation conseil en image personnelle, cours d'auto maquillage en pr\u00e9sentiel ou \u00e0 distance, coffret maquillage personnalis\u00e9.","breadcrumb":{"@id":"https:\/\/www.lauranovita.com\/lauranovita.com\/index.php\/prestation-conseil-en-image-personnelle\/#breadcrumb"},"inLanguage":"fr-FR","potentialAction":[{"@type":"ReadAction","target":["https:\/\/www.lauranovita.com\/lauranovita.com\/index.php\/prestation-conseil-en-image-personnelle\/"]}]},{"@type":"BreadcrumbList","@id":"https:\/\/www.lauranovita.com\/lauranovita.com\/index.php\/prestation-conseil-en-image-personnelle\/#breadcrumb","itemListElement":[{"@type":"ListItem","position":1,"name":"Accueil","item":"https:\/\/www.lauranovita.com\/lauranovita.com\/"},{"@type":"ListItem","position":2,"name":"Cadeau"}]}]}},"_links":{"self":[{"href":"https:\/\/www.lauranovita.com\/lauranovita.com\/index.php\/wp-json\/wp\/v2\/pages\/175"}],"collection":[{"href":"https:\/\/www.lauranovita.com\/lauranovita.com\/index.php\/wp-json\/wp\/v2\/pages"}],"about":[{"href":"https:\/\/www.lauranovita.com\/lauranovita.com\/index.php\/wp-json\/wp\/v2\/types\/page"}],"author":[{"embeddable":true,"href":"https:\/\/www.lauranovita.com\/lauranovita.com\/index.php\/wp-json\/wp\/v2\/users\/1"}],"replies":[{"embeddable":true,"href":"https:\/\/www.lauranovita.com\/lauranovita.com\/index.php\/wp-json\/wp\/v2\/comments?post=175"}],"version-history":[{"count":46,"href":"https:\/\/www.lauranovita.com\/lauranovita.com\/index.php\/wp-json\/wp\/v2\/pages\/175\/revisions"}],"predecessor-version":[{"id":5218,"href":"https:\/\/www.lauranovita.com\/lauranovita.com\/index.php\/wp-json\/wp\/v2\/pages\/175\/revisions\/5218"}],"wp:attachment":[{"href":"https:\/\/www.lauranovita.com\/lauranovita.com\/index.php\/wp-json\/wp\/v2\/media?parent=175"}],"curies":[{"name":"wp","href":"https:\/\/api.w.org\/{rel}","templated":true}]}}