{"id":26,"date":"2019-07-24T20:34:43","date_gmt":"2019-07-24T18:34:43","guid":{"rendered":"http:\/\/www.lauranovita.com\/lauranovita.com\/?page_id=26"},"modified":"2021-08-30T09:46:46","modified_gmt":"2021-08-30T07:46:46","slug":"professionnel","status":"publish","type":"page","link":"https:\/\/www.lauranovita.com\/lauranovita.com\/index.php\/professionnel\/","title":{"rendered":"Accompagnement Professionnel"},"content":{"rendered":"\n<div class=\"wp-block-image\"><figure class=\"alignleft size-large is-resized\"><img loading=\"lazy\" src=\"https:\/\/www.lauranovita.com\/lauranovita.com\/wp-content\/uploads\/2021\/07\/cafe-philo-2-edited.png\" alt=\"\" class=\"wp-image-3258\" width=\"359\" height=\"300.9489361702128\" title=\"Conseil en communication ardennes, formation professionnelle, image professionnelle, management, charisme, leadership, coaching professionnel\" srcset=\"https:\/\/www.lauranovita.com\/lauranovita.com\/wp-content\/uploads\/2021\/07\/cafe-philo-2-edited.png 937w, https:\/\/www.lauranovita.com\/lauranovita.com\/wp-content\/uploads\/2021\/07\/cafe-philo-2-edited-300x252.png 300w, https:\/\/www.lauranovita.com\/lauranovita.com\/wp-content\/uploads\/2021\/07\/cafe-philo-2-edited-768x646.png 768w, https:\/\/www.lauranovita.com\/lauranovita.com\/wp-content\/uploads\/2021\/07\/cafe-philo-2-edited-830x698.png 830w, https:\/\/www.lauranovita.com\/lauranovita.com\/wp-content\/uploads\/2021\/07\/cafe-philo-2-edited-230x193.png 230w, https:\/\/www.lauranovita.com\/lauranovita.com\/wp-content\/uploads\/2021\/07\/cafe-philo-2-edited-350x294.png 350w, https:\/\/www.lauranovita.com\/lauranovita.com\/wp-content\/uploads\/2021\/07\/cafe-philo-2-edited-480x404.png 480w\" sizes=\"(max-width: 937px) 100vw, 937px\" \/><figcaption> <\/figcaption><\/figure><\/div>\n\n\n\n<p class=\"has-text-align-center has-text-color has-normal-font-size\" style=\"color:#5d5d5d\"> Parce que notre image est \u00e9troitement li\u00e9e \u00e0 notre r\u00e9ussite. Parce que le charisme s\u2019acqui\u00e8re et se d\u00e9veloppe. Parce que la performance d&rsquo;une entreprise passe par le bien-\u00eatre de ses employ\u00e9s. Parce que la confiance en soi passe par l&rsquo;image de soi et la mani\u00e8re de communiquer avec son entourage. Parce que la p\u00e9rennit\u00e9 d&rsquo;une entreprise passe par une bonne communication interpersonnelle. <strong>Le Conseil en Image &amp; Communication est un outil d\u00e9di\u00e9 aux entreprises d\u00e9sireuses de d\u00e9velopper ses employ\u00e9s dans le but d&rsquo;am\u00e9liorer ses performances.  <\/strong> <\/p>\n\n\n\n<p class=\"has-text-color\" style=\"color:#ffffff\">qsq<\/p>\n\n\n\n<p style=\"font-size:24px\"><strong><a href=\"https:\/\/www.lauranovita.com\/lauranovita.com\/index.php\/image-professionnelle\/\">Ma\u00eetriser son image professionnelle<\/a><\/strong> <br><a href=\"https:\/\/www.lauranovita.com\/lauranovita.com\/index.php\/conseil-en-communication\/\"><strong>Am\u00e9liorer sa communication <\/strong><\/a><br> <\/p>\n\n\n\n<p class=\"has-text-color\" style=\"color:#ffffff\">dgdf<\/p>\n\n\n\n<p class=\"has-text-color\" style=\"color:#10069f\"><strong>Les prestations propos\u00e9es sont uniques et adapt\u00e9es aux besoins de chaque entreprise et de chaque client. L&rsquo;accompagnement propos\u00e9 se d\u00e9roule sous forme d&rsquo;atelier, de formation, ou de s\u00e9ance individuelle. <\/strong><\/p>\n\n\n\n<p class=\"has-text-color\" style=\"color:#ffffff\">fg<\/p>\n","protected":false},"excerpt":{"rendered":"<p>Parce que notre image est \u00e9troitement li\u00e9e \u00e0 notre r\u00e9ussite. Parce que le charisme s\u2019acqui\u00e8re et se [&hellip;]<\/p>\n","protected":false},"author":1,"featured_media":0,"parent":0,"menu_order":0,"comment_status":"closed","ping_status":"closed","template":"","meta":[],"yoast_head":"<!-- This site is optimized with the Yoast SEO plugin v18.4.1 - https:\/\/yoast.com\/wordpress\/plugins\/seo\/ -->\n<title>Accompagnement Professionnel - Laura Novita - Conseil en Image et Communication 08<\/title>\n<meta name=\"description\" content=\"Parce que la confiance en soi passe par l&#039;image de soi. La p\u00e9rennit\u00e9 d&#039;une entreprise passe par une bonne communication interpersonnelle.\" \/>\n<meta name=\"robots\" content=\"index, follow, max-snippet:-1, max-image-preview:large, max-video-preview:-1\" \/>\n<link rel=\"canonical\" href=\"https:\/\/www.lauranovita.com\/lauranovita.com\/index.php\/professionnel\/\" \/>\n<meta property=\"og:locale\" content=\"fr_FR\" \/>\n<meta property=\"og:type\" content=\"article\" \/>\n<meta property=\"og:title\" content=\"Accompagnement Professionnel - Laura Novita - Conseil en Image et Communication 08\" \/>\n<meta property=\"og:description\" content=\"Parce que la confiance en soi passe par l&#039;image de soi. La p\u00e9rennit\u00e9 d&#039;une entreprise passe par une bonne communication interpersonnelle.\" \/>\n<meta property=\"og:url\" content=\"https:\/\/www.lauranovita.com\/lauranovita.com\/index.php\/professionnel\/\" \/>\n<meta property=\"og:site_name\" content=\"Laura Novita - Conseil en Image et Communication 08\" \/>\n<meta property=\"article:modified_time\" content=\"2021-08-30T07:46:46+00:00\" \/>\n<meta property=\"og:image\" content=\"https:\/\/www.lauranovita.com\/lauranovita.com\/wp-content\/uploads\/2021\/07\/cafe-philo-2-edited.png\" \/>\n<meta name=\"twitter:card\" content=\"summary_large_image\" \/>\n<meta name=\"twitter:label1\" content=\"Dur\u00e9e de lecture estim\u00e9e\" \/>\n\t<meta name=\"twitter:data1\" content=\"1 minute\" \/>\n<script type=\"application\/ld+json\" class=\"yoast-schema-graph\">{\"@context\":\"https:\/\/schema.org\",\"@graph\":[{\"@type\":\"WebSite\",\"@id\":\"https:\/\/www.lauranovita.com\/lauranovita.com\/#website\",\"url\":\"https:\/\/www.lauranovita.com\/lauranovita.com\/\",\"name\":\"Laura Novita - Conseil en Image et Communication 08\",\"description\":\"Osez \u00eatre vous\",\"potentialAction\":[{\"@type\":\"SearchAction\",\"target\":{\"@type\":\"EntryPoint\",\"urlTemplate\":\"https:\/\/www.lauranovita.com\/lauranovita.com\/?s={search_term_string}\"},\"query-input\":\"required name=search_term_string\"}],\"inLanguage\":\"fr-FR\"},{\"@type\":\"ImageObject\",\"@id\":\"https:\/\/www.lauranovita.com\/lauranovita.com\/index.php\/professionnel\/#primaryimage\",\"inLanguage\":\"fr-FR\",\"url\":\"https:\/\/www.lauranovita.com\/lauranovita.com\/wp-content\/uploads\/2021\/07\/cafe-philo-2-edited.png\",\"contentUrl\":\"https:\/\/www.lauranovita.com\/lauranovita.com\/wp-content\/uploads\/2021\/07\/cafe-philo-2-edited.png\",\"width\":937,\"height\":788},{\"@type\":\"WebPage\",\"@id\":\"https:\/\/www.lauranovita.com\/lauranovita.com\/index.php\/professionnel\/#webpage\",\"url\":\"https:\/\/www.lauranovita.com\/lauranovita.com\/index.php\/professionnel\/\",\"name\":\"Accompagnement Professionnel - Laura Novita - Conseil en Image et Communication 08\",\"isPartOf\":{\"@id\":\"https:\/\/www.lauranovita.com\/lauranovita.com\/#website\"},\"primaryImageOfPage\":{\"@id\":\"https:\/\/www.lauranovita.com\/lauranovita.com\/index.php\/professionnel\/#primaryimage\"},\"datePublished\":\"2019-07-24T18:34:43+00:00\",\"dateModified\":\"2021-08-30T07:46:46+00:00\",\"description\":\"Parce que la confiance en soi passe par l'image de soi. La p\u00e9rennit\u00e9 d'une entreprise passe par une bonne communication interpersonnelle.\",\"breadcrumb\":{\"@id\":\"https:\/\/www.lauranovita.com\/lauranovita.com\/index.php\/professionnel\/#breadcrumb\"},\"inLanguage\":\"fr-FR\",\"potentialAction\":[{\"@type\":\"ReadAction\",\"target\":[\"https:\/\/www.lauranovita.com\/lauranovita.com\/index.php\/professionnel\/\"]}]},{\"@type\":\"BreadcrumbList\",\"@id\":\"https:\/\/www.lauranovita.com\/lauranovita.com\/index.php\/professionnel\/#breadcrumb\",\"itemListElement\":[{\"@type\":\"ListItem\",\"position\":1,\"name\":\"Accueil\",\"item\":\"https:\/\/www.lauranovita.com\/lauranovita.com\/\"},{\"@type\":\"ListItem\",\"position\":2,\"name\":\"Accompagnement Professionnel\"}]}]}<\/script>\n<!-- \/ Yoast SEO plugin. -->","yoast_head_json":{"title":"Accompagnement Professionnel - Laura Novita - Conseil en Image et Communication 08","description":"Parce que la confiance en soi passe par l'image de soi. La p\u00e9rennit\u00e9 d'une entreprise passe par une bonne communication interpersonnelle.","robots":{"index":"index","follow":"follow","max-snippet":"max-snippet:-1","max-image-preview":"max-image-preview:large","max-video-preview":"max-video-preview:-1"},"canonical":"https:\/\/www.lauranovita.com\/lauranovita.com\/index.php\/professionnel\/","og_locale":"fr_FR","og_type":"article","og_title":"Accompagnement Professionnel - Laura Novita - Conseil en Image et Communication 08","og_description":"Parce que la confiance en soi passe par l'image de soi. La p\u00e9rennit\u00e9 d'une entreprise passe par une bonne communication interpersonnelle.","og_url":"https:\/\/www.lauranovita.com\/lauranovita.com\/index.php\/professionnel\/","og_site_name":"Laura Novita - Conseil en Image et Communication 08","article_modified_time":"2021-08-30T07:46:46+00:00","og_image":[{"url":"https:\/\/www.lauranovita.com\/lauranovita.com\/wp-content\/uploads\/2021\/07\/cafe-philo-2-edited.png"}],"twitter_card":"summary_large_image","twitter_misc":{"Dur\u00e9e de lecture estim\u00e9e":"1 minute"},"schema":{"@context":"https:\/\/schema.org","@graph":[{"@type":"WebSite","@id":"https:\/\/www.lauranovita.com\/lauranovita.com\/#website","url":"https:\/\/www.lauranovita.com\/lauranovita.com\/","name":"Laura Novita - Conseil en Image et Communication 08","description":"Osez \u00eatre vous","potentialAction":[{"@type":"SearchAction","target":{"@type":"EntryPoint","urlTemplate":"https:\/\/www.lauranovita.com\/lauranovita.com\/?s={search_term_string}"},"query-input":"required name=search_term_string"}],"inLanguage":"fr-FR"},{"@type":"ImageObject","@id":"https:\/\/www.lauranovita.com\/lauranovita.com\/index.php\/professionnel\/#primaryimage","inLanguage":"fr-FR","url":"https:\/\/www.lauranovita.com\/lauranovita.com\/wp-content\/uploads\/2021\/07\/cafe-philo-2-edited.png","contentUrl":"https:\/\/www.lauranovita.com\/lauranovita.com\/wp-content\/uploads\/2021\/07\/cafe-philo-2-edited.png","width":937,"height":788},{"@type":"WebPage","@id":"https:\/\/www.lauranovita.com\/lauranovita.com\/index.php\/professionnel\/#webpage","url":"https:\/\/www.lauranovita.com\/lauranovita.com\/index.php\/professionnel\/","name":"Accompagnement Professionnel - Laura Novita - Conseil en Image et Communication 08","isPartOf":{"@id":"https:\/\/www.lauranovita.com\/lauranovita.com\/#website"},"primaryImageOfPage":{"@id":"https:\/\/www.lauranovita.com\/lauranovita.com\/index.php\/professionnel\/#primaryimage"},"datePublished":"2019-07-24T18:34:43+00:00","dateModified":"2021-08-30T07:46:46+00:00","description":"Parce que la confiance en soi passe par l'image de soi. La p\u00e9rennit\u00e9 d'une entreprise passe par une bonne communication interpersonnelle.","breadcrumb":{"@id":"https:\/\/www.lauranovita.com\/lauranovita.com\/index.php\/professionnel\/#breadcrumb"},"inLanguage":"fr-FR","potentialAction":[{"@type":"ReadAction","target":["https:\/\/www.lauranovita.com\/lauranovita.com\/index.php\/professionnel\/"]}]},{"@type":"BreadcrumbList","@id":"https:\/\/www.lauranovita.com\/lauranovita.com\/index.php\/professionnel\/#breadcrumb","itemListElement":[{"@type":"ListItem","position":1,"name":"Accueil","item":"https:\/\/www.lauranovita.com\/lauranovita.com\/"},{"@type":"ListItem","position":2,"name":"Accompagnement Professionnel"}]}]}},"_links":{"self":[{"href":"https:\/\/www.lauranovita.com\/lauranovita.com\/index.php\/wp-json\/wp\/v2\/pages\/26"}],"collection":[{"href":"https:\/\/www.lauranovita.com\/lauranovita.com\/index.php\/wp-json\/wp\/v2\/pages"}],"about":[{"href":"https:\/\/www.lauranovita.com\/lauranovita.com\/index.php\/wp-json\/wp\/v2\/types\/page"}],"author":[{"embeddable":true,"href":"https:\/\/www.lauranovita.com\/lauranovita.com\/index.php\/wp-json\/wp\/v2\/users\/1"}],"replies":[{"embeddable":true,"href":"https:\/\/www.lauranovita.com\/lauranovita.com\/index.php\/wp-json\/wp\/v2\/comments?post=26"}],"version-history":[{"count":70,"href":"https:\/\/www.lauranovita.com\/lauranovita.com\/index.php\/wp-json\/wp\/v2\/pages\/26\/revisions"}],"predecessor-version":[{"id":3369,"href":"https:\/\/www.lauranovita.com\/lauranovita.com\/index.php\/wp-json\/wp\/v2\/pages\/26\/revisions\/3369"}],"wp:attachment":[{"href":"https:\/\/www.lauranovita.com\/lauranovita.com\/index.php\/wp-json\/wp\/v2\/media?parent=26"}],"curies":[{"name":"wp","href":"https:\/\/api.w.org\/{rel}","templated":true}]}}