{"id":27,"date":"2019-07-24T20:34:43","date_gmt":"2019-07-24T18:34:43","guid":{"rendered":"http:\/\/www.lauranovita.com\/lauranovita.com\/?page_id=27"},"modified":"2022-06-08T14:38:56","modified_gmt":"2022-06-08T12:38:56","slug":"conseil-en-image-professionnelle-et-leadership","status":"publish","type":"page","link":"https:\/\/www.lauranovita.com\/lauranovita.com\/index.php\/conseil-en-image-professionnelle-et-leadership\/","title":{"rendered":"Contact"},"content":{"rendered":"\n<div class=\"wp-block-image\"><figure class=\"alignleft size-large is-resized\"><img loading=\"lazy\" src=\"https:\/\/www.lauranovita.com\/lauranovita.com\/wp-content\/uploads\/2020\/03\/Laura-Consulting-1-819x1024.jpg\" alt=\"coaching en  image professionnelle et leadership \" class=\"wp-image-1230\" width=\"272\" height=\"339\" title=\"consultante en image et communication Charleville-M\u00e9zi\u00e8res, image de soi, formatrice, image professionnelle, relooking, accompagnement management, estime de soi, confiance en soi, bien-\u00eatre, Laura Novita\" srcset=\"https:\/\/www.lauranovita.com\/lauranovita.com\/wp-content\/uploads\/2020\/03\/Laura-Consulting-1-819x1024.jpg 819w, https:\/\/www.lauranovita.com\/lauranovita.com\/wp-content\/uploads\/2020\/03\/Laura-Consulting-1-240x300.jpg 240w, https:\/\/www.lauranovita.com\/lauranovita.com\/wp-content\/uploads\/2020\/03\/Laura-Consulting-1-768x960.jpg 768w, https:\/\/www.lauranovita.com\/lauranovita.com\/wp-content\/uploads\/2020\/03\/Laura-Consulting-1-1229x1536.jpg 1229w, https:\/\/www.lauranovita.com\/lauranovita.com\/wp-content\/uploads\/2020\/03\/Laura-Consulting-1-1639x2048.jpg 1639w, https:\/\/www.lauranovita.com\/lauranovita.com\/wp-content\/uploads\/2020\/03\/Laura-Consulting-1-830x1037.jpg 830w, https:\/\/www.lauranovita.com\/lauranovita.com\/wp-content\/uploads\/2020\/03\/Laura-Consulting-1-230x287.jpg 230w, https:\/\/www.lauranovita.com\/lauranovita.com\/wp-content\/uploads\/2020\/03\/Laura-Consulting-1-350x437.jpg 350w, https:\/\/www.lauranovita.com\/lauranovita.com\/wp-content\/uploads\/2020\/03\/Laura-Consulting-1-480x600.jpg 480w, https:\/\/www.lauranovita.com\/lauranovita.com\/wp-content\/uploads\/2020\/03\/Laura-Consulting-1-scaled.jpg 2048w\" sizes=\"(max-width: 272px) 100vw, 272px\" \/><\/figure><\/div>\n\n\n\n<p class=\"has-text-color\" style=\"color:#5d5d5d\"><strong>Envie de changement, une question, une demande sp\u00e9cifique ? Envie d&rsquo;un coaching en image professionnelle et leadership<\/strong> <strong>? Envie se s&rsquo;offrir un temps pour soi, un temps de re-connexion avec son corps ?<\/strong> <\/p>\n\n\n\n<p class=\"has-text-color\" style=\"color:#5d5d5d\"><strong>Contactez-moi, je me ferai un plaisir de vous r\u00e9pondre. <\/strong><\/p>\n\n\n\n<p class=\"has-text-color\" style=\"color:#f4f4f4;font-size:3px\">DFS<\/p>\n\n\n\n<p class=\"has-text-color\" style=\"color:#10069f\">Laura Novita <br>06.76.35.75.91<br>contact@lauranovita.com                <\/p>\n\n\n\n<p class=\"has-text-color\" style=\"color:#10069f\">11 rue des rosiers, 08000 Charleville-M\u00e9zi\u00e8res<\/p>\n\n\n\n<p class=\"has-text-color\" style=\"color:#ffffff;font-size:10px\">FD<\/p>\n\n\n\n<div class=\"wp-block-columns alignwide has-2-columns\">\n<div class=\"wp-block-column\">\n<div class=\"wp-block-columns has-2-columns\">\n<div class=\"wp-block-column\"><\/div>\n\n\n\n<div class=\"wp-block-column\"><\/div>\n<\/div>\n\n\n\n<p><\/p>\n<\/div>\n\n\n\n<div class=\"wp-block-column\">\n<div class=\"wp-block-columns has-2-columns\">\n<div class=\"wp-block-column\">\n<p><\/p>\n<\/div>\n\n\n\n<div class=\"wp-block-column\">\n<p><\/p>\n<\/div>\n<\/div>\n\n\n\n<p><\/p>\n<\/div>\n<\/div>\n\n\n\n<div class=\"wpforms-container wpforms-container-full\" id=\"wpforms-4433\"><form id=\"wpforms-form-4433\" class=\"wpforms-validate wpforms-form wpforms-ajax-form\" data-formid=\"4433\" method=\"post\" enctype=\"multipart\/form-data\" action=\"\/lauranovita.com\/index.php\/wp-json\/wp\/v2\/pages\/27\" data-token=\"7677fcd0da033847cc280ac426481d00\"><noscript class=\"wpforms-error-noscript\">Veuillez activer JavaScript dans votre navigateur pour remplir ce formulaire.<\/noscript><div class=\"wpforms-field-container\"><div id=\"wpforms-4433-field_0-container\" class=\"wpforms-field wpforms-field-name\" data-field-id=\"0\"><label class=\"wpforms-field-label wpforms-label-hide\" for=\"wpforms-4433-field_0\">Nom et pr\u00e9nom <span class=\"wpforms-required-label\">*<\/span><\/label><input type=\"text\" id=\"wpforms-4433-field_0\" class=\"wpforms-field-medium wpforms-field-required\" name=\"wpforms[fields][0]\" placeholder=\"Nom et Pr\u00e9nom\" required><\/div><div id=\"wpforms-4433-field_1-container\" class=\"wpforms-field wpforms-field-email\" data-field-id=\"1\"><label class=\"wpforms-field-label wpforms-label-hide\" for=\"wpforms-4433-field_1\">Email <span class=\"wpforms-required-label\">*<\/span><\/label><input type=\"email\" id=\"wpforms-4433-field_1\" class=\"wpforms-field-medium wpforms-field-required\" name=\"wpforms[fields][1]\" placeholder=\"adresse e-mail\" spellcheck=\"false\" required><\/div><div id=\"wpforms-4433-field_2-container\" class=\"wpforms-field wpforms-field-textarea\" data-field-id=\"2\"><label class=\"wpforms-field-label\" for=\"wpforms-4433-field_2\">Message <span class=\"wpforms-required-label\">*<\/span><\/label><textarea id=\"wpforms-4433-field_2\" class=\"wpforms-field-medium wpforms-field-required\" name=\"wpforms[fields][2]\" placeholder=\"Que puis-je faire pour vous ?\" required><\/textarea><\/div><div id=\"wpforms-4433-field_4-container\" class=\"wpforms-field wpforms-field-gdpr-checkbox\" data-field-id=\"4\"><label class=\"wpforms-field-label\" for=\"wpforms-4433-field_4\">Accord RGPD <span class=\"wpforms-required-label\">*<\/span><\/label><ul id=\"wpforms-4433-field_4\" class=\"wpforms-field-required\"><li class=\"choice-1\"><input type=\"checkbox\" id=\"wpforms-4433-field_4_1\" name=\"wpforms[fields][4][]\" value=\"Je consens \u00e0 ce que Laura Novita conserve mes informations envoy\u00e9es afin qu\u2019elle puisse r\u00e9pondre \u00e0 ma requ\u00eate.\" required ><label class=\"wpforms-field-label-inline\" for=\"wpforms-4433-field_4_1\">Je consens \u00e0 ce que Laura Novita conserve mes informations envoy\u00e9es afin qu\u2019elle puisse r\u00e9pondre \u00e0 ma requ\u00eate.<\/label><\/li><\/ul><\/div><\/div><!-- .wpforms-field-container --><div class=\"wpforms-recaptcha-container wpforms-is-recaptcha\" ><div class=\"g-recaptcha\" data-sitekey=\"6Lcdk1IgAAAAAHGV3lgl8_4gwz5_pbJSibg27bU5\" data-size=\"invisible\"><\/div><\/div><div class=\"wpforms-submit-container\" ><input type=\"hidden\" name=\"wpforms[id]\" value=\"4433\"><input type=\"hidden\" name=\"wpforms[author]\" value=\"1\"><button type=\"submit\" name=\"wpforms[submit]\" id=\"wpforms-submit-4433\" class=\"wpforms-submit\" data-alt-text=\"En cours d&#039;envoi...\" data-submit-text=\"Envoyez\" aria-live=\"assertive\" value=\"wpforms-submit\">Envoyez<\/button><img src=\"https:\/\/www.lauranovita.com\/lauranovita.com\/wp-content\/plugins\/wpforms-lite\/assets\/images\/submit-spin.svg\" class=\"wpforms-submit-spinner\" style=\"display: none;\" width=\"26\" height=\"26\" alt=\"Chargement en cours\"><\/div><\/form><\/div>  <!-- .wpforms-container -->\n","protected":false},"excerpt":{"rendered":"<p>Envie de changement, une question, une demande sp\u00e9cifique ? Envie d&rsquo;un coaching en image professionnelle et leadership [&hellip;]<\/p>\n","protected":false},"author":1,"featured_media":0,"parent":0,"menu_order":0,"comment_status":"closed","ping_status":"closed","template":"","meta":[],"yoast_head":"<!-- This site is optimized with the Yoast SEO plugin v18.4.1 - https:\/\/yoast.com\/wordpress\/plugins\/seo\/ -->\n<title>coaching en image professionnelle et leadership<\/title>\n<meta name=\"description\" content=\"Coaching et formation en image image, communication et management, 11 rue des rosiers \u00e0 Charleville-M\u00e9zi\u00e8res\" \/>\n<meta name=\"robots\" content=\"index, follow, max-snippet:-1, max-image-preview:large, max-video-preview:-1\" \/>\n<link rel=\"canonical\" href=\"https:\/\/www.lauranovita.com\/lauranovita.com\/index.php\/conseil-en-image-professionnelle-et-leadership\/\" \/>\n<meta property=\"og:locale\" content=\"fr_FR\" \/>\n<meta property=\"og:type\" content=\"article\" \/>\n<meta property=\"og:title\" content=\"coaching en image professionnelle et leadership\" \/>\n<meta property=\"og:description\" content=\"Coaching et formation en image image, communication et management, 11 rue des rosiers \u00e0 Charleville-M\u00e9zi\u00e8res\" \/>\n<meta property=\"og:url\" content=\"https:\/\/www.lauranovita.com\/lauranovita.com\/index.php\/conseil-en-image-professionnelle-et-leadership\/\" \/>\n<meta property=\"og:site_name\" content=\"Laura Novita - Conseil en Image et Communication 08\" \/>\n<meta property=\"article:modified_time\" content=\"2022-06-08T12:38:56+00:00\" \/>\n<meta property=\"og:image\" content=\"https:\/\/www.lauranovita.com\/lauranovita.com\/wp-content\/uploads\/2020\/03\/Laura-Consulting-1-819x1024.jpg\" \/>\n<meta name=\"twitter:card\" content=\"summary_large_image\" \/>\n<meta name=\"twitter:label1\" content=\"Dur\u00e9e de lecture estim\u00e9e\" \/>\n\t<meta name=\"twitter:data1\" content=\"1 minute\" \/>\n<script type=\"application\/ld+json\" class=\"yoast-schema-graph\">{\"@context\":\"https:\/\/schema.org\",\"@graph\":[{\"@type\":\"WebSite\",\"@id\":\"https:\/\/www.lauranovita.com\/lauranovita.com\/#website\",\"url\":\"https:\/\/www.lauranovita.com\/lauranovita.com\/\",\"name\":\"Laura Novita - Conseil en Image et Communication 08\",\"description\":\"Osez \u00eatre vous\",\"potentialAction\":[{\"@type\":\"SearchAction\",\"target\":{\"@type\":\"EntryPoint\",\"urlTemplate\":\"https:\/\/www.lauranovita.com\/lauranovita.com\/?s={search_term_string}\"},\"query-input\":\"required name=search_term_string\"}],\"inLanguage\":\"fr-FR\"},{\"@type\":\"ImageObject\",\"@id\":\"https:\/\/www.lauranovita.com\/lauranovita.com\/index.php\/conseil-en-image-professionnelle-et-leadership\/#primaryimage\",\"inLanguage\":\"fr-FR\",\"url\":\"https:\/\/www.lauranovita.com\/lauranovita.com\/wp-content\/uploads\/2020\/03\/Laura-Consulting-1-819x1024.jpg\",\"contentUrl\":\"https:\/\/www.lauranovita.com\/lauranovita.com\/wp-content\/uploads\/2020\/03\/Laura-Consulting-1-819x1024.jpg\"},{\"@type\":[\"WebPage\",\"ContactPage\"],\"@id\":\"https:\/\/www.lauranovita.com\/lauranovita.com\/index.php\/conseil-en-image-professionnelle-et-leadership\/#webpage\",\"url\":\"https:\/\/www.lauranovita.com\/lauranovita.com\/index.php\/conseil-en-image-professionnelle-et-leadership\/\",\"name\":\"coaching en image professionnelle et leadership\",\"isPartOf\":{\"@id\":\"https:\/\/www.lauranovita.com\/lauranovita.com\/#website\"},\"primaryImageOfPage\":{\"@id\":\"https:\/\/www.lauranovita.com\/lauranovita.com\/index.php\/conseil-en-image-professionnelle-et-leadership\/#primaryimage\"},\"datePublished\":\"2019-07-24T18:34:43+00:00\",\"dateModified\":\"2022-06-08T12:38:56+00:00\",\"description\":\"Coaching et formation en image image, communication et management, 11 rue des rosiers \u00e0 Charleville-M\u00e9zi\u00e8res\",\"breadcrumb\":{\"@id\":\"https:\/\/www.lauranovita.com\/lauranovita.com\/index.php\/conseil-en-image-professionnelle-et-leadership\/#breadcrumb\"},\"inLanguage\":\"fr-FR\",\"potentialAction\":[{\"@type\":\"ReadAction\",\"target\":[\"https:\/\/www.lauranovita.com\/lauranovita.com\/index.php\/conseil-en-image-professionnelle-et-leadership\/\"]}]},{\"@type\":\"BreadcrumbList\",\"@id\":\"https:\/\/www.lauranovita.com\/lauranovita.com\/index.php\/conseil-en-image-professionnelle-et-leadership\/#breadcrumb\",\"itemListElement\":[{\"@type\":\"ListItem\",\"position\":1,\"name\":\"Accueil\",\"item\":\"https:\/\/www.lauranovita.com\/lauranovita.com\/\"},{\"@type\":\"ListItem\",\"position\":2,\"name\":\"Contact\"}]}]}<\/script>\n<!-- \/ Yoast SEO plugin. -->","yoast_head_json":{"title":"coaching en image professionnelle et leadership","description":"Coaching et formation en image image, communication et management, 11 rue des rosiers \u00e0 Charleville-M\u00e9zi\u00e8res","robots":{"index":"index","follow":"follow","max-snippet":"max-snippet:-1","max-image-preview":"max-image-preview:large","max-video-preview":"max-video-preview:-1"},"canonical":"https:\/\/www.lauranovita.com\/lauranovita.com\/index.php\/conseil-en-image-professionnelle-et-leadership\/","og_locale":"fr_FR","og_type":"article","og_title":"coaching en image professionnelle et leadership","og_description":"Coaching et formation en image image, communication et management, 11 rue des rosiers \u00e0 Charleville-M\u00e9zi\u00e8res","og_url":"https:\/\/www.lauranovita.com\/lauranovita.com\/index.php\/conseil-en-image-professionnelle-et-leadership\/","og_site_name":"Laura Novita - Conseil en Image et Communication 08","article_modified_time":"2022-06-08T12:38:56+00:00","og_image":[{"url":"https:\/\/www.lauranovita.com\/lauranovita.com\/wp-content\/uploads\/2020\/03\/Laura-Consulting-1-819x1024.jpg"}],"twitter_card":"summary_large_image","twitter_misc":{"Dur\u00e9e de lecture estim\u00e9e":"1 minute"},"schema":{"@context":"https:\/\/schema.org","@graph":[{"@type":"WebSite","@id":"https:\/\/www.lauranovita.com\/lauranovita.com\/#website","url":"https:\/\/www.lauranovita.com\/lauranovita.com\/","name":"Laura Novita - Conseil en Image et Communication 08","description":"Osez \u00eatre vous","potentialAction":[{"@type":"SearchAction","target":{"@type":"EntryPoint","urlTemplate":"https:\/\/www.lauranovita.com\/lauranovita.com\/?s={search_term_string}"},"query-input":"required name=search_term_string"}],"inLanguage":"fr-FR"},{"@type":"ImageObject","@id":"https:\/\/www.lauranovita.com\/lauranovita.com\/index.php\/conseil-en-image-professionnelle-et-leadership\/#primaryimage","inLanguage":"fr-FR","url":"https:\/\/www.lauranovita.com\/lauranovita.com\/wp-content\/uploads\/2020\/03\/Laura-Consulting-1-819x1024.jpg","contentUrl":"https:\/\/www.lauranovita.com\/lauranovita.com\/wp-content\/uploads\/2020\/03\/Laura-Consulting-1-819x1024.jpg"},{"@type":["WebPage","ContactPage"],"@id":"https:\/\/www.lauranovita.com\/lauranovita.com\/index.php\/conseil-en-image-professionnelle-et-leadership\/#webpage","url":"https:\/\/www.lauranovita.com\/lauranovita.com\/index.php\/conseil-en-image-professionnelle-et-leadership\/","name":"coaching en image professionnelle et leadership","isPartOf":{"@id":"https:\/\/www.lauranovita.com\/lauranovita.com\/#website"},"primaryImageOfPage":{"@id":"https:\/\/www.lauranovita.com\/lauranovita.com\/index.php\/conseil-en-image-professionnelle-et-leadership\/#primaryimage"},"datePublished":"2019-07-24T18:34:43+00:00","dateModified":"2022-06-08T12:38:56+00:00","description":"Coaching et formation en image image, communication et management, 11 rue des rosiers \u00e0 Charleville-M\u00e9zi\u00e8res","breadcrumb":{"@id":"https:\/\/www.lauranovita.com\/lauranovita.com\/index.php\/conseil-en-image-professionnelle-et-leadership\/#breadcrumb"},"inLanguage":"fr-FR","potentialAction":[{"@type":"ReadAction","target":["https:\/\/www.lauranovita.com\/lauranovita.com\/index.php\/conseil-en-image-professionnelle-et-leadership\/"]}]},{"@type":"BreadcrumbList","@id":"https:\/\/www.lauranovita.com\/lauranovita.com\/index.php\/conseil-en-image-professionnelle-et-leadership\/#breadcrumb","itemListElement":[{"@type":"ListItem","position":1,"name":"Accueil","item":"https:\/\/www.lauranovita.com\/lauranovita.com\/"},{"@type":"ListItem","position":2,"name":"Contact"}]}]}},"_links":{"self":[{"href":"https:\/\/www.lauranovita.com\/lauranovita.com\/index.php\/wp-json\/wp\/v2\/pages\/27"}],"collection":[{"href":"https:\/\/www.lauranovita.com\/lauranovita.com\/index.php\/wp-json\/wp\/v2\/pages"}],"about":[{"href":"https:\/\/www.lauranovita.com\/lauranovita.com\/index.php\/wp-json\/wp\/v2\/types\/page"}],"author":[{"embeddable":true,"href":"https:\/\/www.lauranovita.com\/lauranovita.com\/index.php\/wp-json\/wp\/v2\/users\/1"}],"replies":[{"embeddable":true,"href":"https:\/\/www.lauranovita.com\/lauranovita.com\/index.php\/wp-json\/wp\/v2\/comments?post=27"}],"version-history":[{"count":25,"href":"https:\/\/www.lauranovita.com\/lauranovita.com\/index.php\/wp-json\/wp\/v2\/pages\/27\/revisions"}],"predecessor-version":[{"id":5087,"href":"https:\/\/www.lauranovita.com\/lauranovita.com\/index.php\/wp-json\/wp\/v2\/pages\/27\/revisions\/5087"}],"wp:attachment":[{"href":"https:\/\/www.lauranovita.com\/lauranovita.com\/index.php\/wp-json\/wp\/v2\/media?parent=27"}],"curies":[{"name":"wp","href":"https:\/\/api.w.org\/{rel}","templated":true}]}}