{"id":28,"date":"2019-07-24T20:34:43","date_gmt":"2019-07-24T18:34:43","guid":{"rendered":"http:\/\/www.lauranovita.com\/lauranovita.com\/?page_id=28"},"modified":"2021-09-21T17:58:55","modified_gmt":"2021-09-21T15:58:55","slug":"avis-laura-novita","status":"publish","type":"page","link":"https:\/\/www.lauranovita.com\/lauranovita.com\/index.php\/avis-laura-novita\/","title":{"rendered":"T\u00e9moignages"},"content":{"rendered":"\n<blockquote class=\"wp-block-quote\"><p>\u00ab\u00a0Laura est une belle personne qui sait mettre en valeur la femme. Tr\u00e8s comp\u00e9tente et tr\u00e8s m\u00e9thodique elle saura faire rena\u00eetre la vraie personne que vous \u00eates.\u00a0\u00bb <\/p><cite>Blandine L.<\/cite><\/blockquote>\n\n\n\n<blockquote class=\"wp-block-quote\"><p>\u00ab\u00a0Laura m&rsquo;a redonn\u00e9 confiance dans la fa\u00e7on de m&rsquo;habiller. Gr\u00e2ce \u00e0 un coaching complet sur mon image j&rsquo;ose plus et mon entourage s&rsquo;en est aper\u00e7u. J&rsquo;arrive maintenant \u00e0 composer mon style plus facilement en faisant attention aux d\u00e9tails. Laura a contribu\u00e9 \u00e0 faire de moi une femme heureuse.\u00a0\u00bb<\/p><cite>Anne P.<\/cite><\/blockquote>\n\n\n\n<blockquote class=\"wp-block-quote\"><p>\u00ab\u00a0Laura est une personne tr\u00e8s dynamique et comp\u00e9tente, faisant preuve d&rsquo;un professionnalisme remarquable.\u00a0\u00bb<\/p><cite>Christian M.<\/cite><\/blockquote>\n\n\n\n<blockquote class=\"wp-block-quote\"><p>\u00ab\u00a0Laura est quelqu&rsquo;un de passionn\u00e9, ce qui met tout de suite en confiance. Elle est tr\u00e8s comp\u00e9tente et ses conseils sont tr\u00e8s avis\u00e9s et aiguis\u00e9s\u00a0\ud83d\ude0a\u00a0Je recommande son travail professionnel et de grande qualit\u00e9 !\u00a0\u00bb<\/p><cite>Elisa S.<\/cite><\/blockquote>\n","protected":false},"excerpt":{"rendered":"<p>\u00ab\u00a0Laura est une belle personne qui sait mettre en valeur la femme. Tr\u00e8s comp\u00e9tente et tr\u00e8s m\u00e9thodique [&hellip;]<\/p>\n","protected":false},"author":1,"featured_media":0,"parent":0,"menu_order":0,"comment_status":"closed","ping_status":"closed","template":"","meta":[],"yoast_head":"<!-- This site is optimized with the Yoast SEO plugin v18.4.1 - https:\/\/yoast.com\/wordpress\/plugins\/seo\/ -->\n<title>Avis sur Laura Novita conseil en image et communication<\/title>\n<meta name=\"description\" content=\"Laura est une belle personne qui sait mettre en valeur la femme. Tr\u00e8s comp\u00e9tente et tr\u00e8s m\u00e9thodique elle saura faire rena\u00eetre...\" \/>\n<meta name=\"robots\" content=\"index, follow, max-snippet:-1, max-image-preview:large, max-video-preview:-1\" \/>\n<link rel=\"canonical\" href=\"https:\/\/www.lauranovita.com\/lauranovita.com\/index.php\/avis-laura-novita\/\" \/>\n<meta property=\"og:locale\" content=\"fr_FR\" \/>\n<meta property=\"og:type\" content=\"article\" \/>\n<meta property=\"og:title\" content=\"Avis sur Laura Novita conseil en image et communication\" \/>\n<meta property=\"og:description\" content=\"Laura est une belle personne qui sait mettre en valeur la femme. Tr\u00e8s comp\u00e9tente et tr\u00e8s m\u00e9thodique elle saura faire rena\u00eetre...\" \/>\n<meta property=\"og:url\" content=\"https:\/\/www.lauranovita.com\/lauranovita.com\/index.php\/avis-laura-novita\/\" \/>\n<meta property=\"og:site_name\" content=\"Laura Novita - Conseil en Image et Communication 08\" \/>\n<meta property=\"article:modified_time\" content=\"2021-09-21T15:58:55+00:00\" \/>\n<meta name=\"twitter:card\" content=\"summary_large_image\" \/>\n<meta name=\"twitter:label1\" content=\"Dur\u00e9e de lecture estim\u00e9e\" \/>\n\t<meta name=\"twitter:data1\" content=\"1 minute\" \/>\n<script type=\"application\/ld+json\" class=\"yoast-schema-graph\">{\"@context\":\"https:\/\/schema.org\",\"@graph\":[{\"@type\":\"WebSite\",\"@id\":\"https:\/\/www.lauranovita.com\/lauranovita.com\/#website\",\"url\":\"https:\/\/www.lauranovita.com\/lauranovita.com\/\",\"name\":\"Laura Novita - Conseil en Image et Communication 08\",\"description\":\"Osez \u00eatre vous\",\"potentialAction\":[{\"@type\":\"SearchAction\",\"target\":{\"@type\":\"EntryPoint\",\"urlTemplate\":\"https:\/\/www.lauranovita.com\/lauranovita.com\/?s={search_term_string}\"},\"query-input\":\"required name=search_term_string\"}],\"inLanguage\":\"fr-FR\"},{\"@type\":\"WebPage\",\"@id\":\"https:\/\/www.lauranovita.com\/lauranovita.com\/index.php\/avis-laura-novita\/#webpage\",\"url\":\"https:\/\/www.lauranovita.com\/lauranovita.com\/index.php\/avis-laura-novita\/\",\"name\":\"Avis sur Laura Novita conseil en image et communication\",\"isPartOf\":{\"@id\":\"https:\/\/www.lauranovita.com\/lauranovita.com\/#website\"},\"datePublished\":\"2019-07-24T18:34:43+00:00\",\"dateModified\":\"2021-09-21T15:58:55+00:00\",\"description\":\"Laura est une belle personne qui sait mettre en valeur la femme. Tr\u00e8s comp\u00e9tente et tr\u00e8s m\u00e9thodique elle saura faire rena\u00eetre...\",\"breadcrumb\":{\"@id\":\"https:\/\/www.lauranovita.com\/lauranovita.com\/index.php\/avis-laura-novita\/#breadcrumb\"},\"inLanguage\":\"fr-FR\",\"potentialAction\":[{\"@type\":\"ReadAction\",\"target\":[\"https:\/\/www.lauranovita.com\/lauranovita.com\/index.php\/avis-laura-novita\/\"]}]},{\"@type\":\"BreadcrumbList\",\"@id\":\"https:\/\/www.lauranovita.com\/lauranovita.com\/index.php\/avis-laura-novita\/#breadcrumb\",\"itemListElement\":[{\"@type\":\"ListItem\",\"position\":1,\"name\":\"Accueil\",\"item\":\"https:\/\/www.lauranovita.com\/lauranovita.com\/\"},{\"@type\":\"ListItem\",\"position\":2,\"name\":\"T\u00e9moignages\"}]}]}<\/script>\n<!-- \/ Yoast SEO plugin. -->","yoast_head_json":{"title":"Avis sur Laura Novita conseil en image et communication","description":"Laura est une belle personne qui sait mettre en valeur la femme. Tr\u00e8s comp\u00e9tente et tr\u00e8s m\u00e9thodique elle saura faire rena\u00eetre...","robots":{"index":"index","follow":"follow","max-snippet":"max-snippet:-1","max-image-preview":"max-image-preview:large","max-video-preview":"max-video-preview:-1"},"canonical":"https:\/\/www.lauranovita.com\/lauranovita.com\/index.php\/avis-laura-novita\/","og_locale":"fr_FR","og_type":"article","og_title":"Avis sur Laura Novita conseil en image et communication","og_description":"Laura est une belle personne qui sait mettre en valeur la femme. Tr\u00e8s comp\u00e9tente et tr\u00e8s m\u00e9thodique elle saura faire rena\u00eetre...","og_url":"https:\/\/www.lauranovita.com\/lauranovita.com\/index.php\/avis-laura-novita\/","og_site_name":"Laura Novita - Conseil en Image et Communication 08","article_modified_time":"2021-09-21T15:58:55+00:00","twitter_card":"summary_large_image","twitter_misc":{"Dur\u00e9e de lecture estim\u00e9e":"1 minute"},"schema":{"@context":"https:\/\/schema.org","@graph":[{"@type":"WebSite","@id":"https:\/\/www.lauranovita.com\/lauranovita.com\/#website","url":"https:\/\/www.lauranovita.com\/lauranovita.com\/","name":"Laura Novita - Conseil en Image et Communication 08","description":"Osez \u00eatre vous","potentialAction":[{"@type":"SearchAction","target":{"@type":"EntryPoint","urlTemplate":"https:\/\/www.lauranovita.com\/lauranovita.com\/?s={search_term_string}"},"query-input":"required name=search_term_string"}],"inLanguage":"fr-FR"},{"@type":"WebPage","@id":"https:\/\/www.lauranovita.com\/lauranovita.com\/index.php\/avis-laura-novita\/#webpage","url":"https:\/\/www.lauranovita.com\/lauranovita.com\/index.php\/avis-laura-novita\/","name":"Avis sur Laura Novita conseil en image et communication","isPartOf":{"@id":"https:\/\/www.lauranovita.com\/lauranovita.com\/#website"},"datePublished":"2019-07-24T18:34:43+00:00","dateModified":"2021-09-21T15:58:55+00:00","description":"Laura est une belle personne qui sait mettre en valeur la femme. Tr\u00e8s comp\u00e9tente et tr\u00e8s m\u00e9thodique elle saura faire rena\u00eetre...","breadcrumb":{"@id":"https:\/\/www.lauranovita.com\/lauranovita.com\/index.php\/avis-laura-novita\/#breadcrumb"},"inLanguage":"fr-FR","potentialAction":[{"@type":"ReadAction","target":["https:\/\/www.lauranovita.com\/lauranovita.com\/index.php\/avis-laura-novita\/"]}]},{"@type":"BreadcrumbList","@id":"https:\/\/www.lauranovita.com\/lauranovita.com\/index.php\/avis-laura-novita\/#breadcrumb","itemListElement":[{"@type":"ListItem","position":1,"name":"Accueil","item":"https:\/\/www.lauranovita.com\/lauranovita.com\/"},{"@type":"ListItem","position":2,"name":"T\u00e9moignages"}]}]}},"_links":{"self":[{"href":"https:\/\/www.lauranovita.com\/lauranovita.com\/index.php\/wp-json\/wp\/v2\/pages\/28"}],"collection":[{"href":"https:\/\/www.lauranovita.com\/lauranovita.com\/index.php\/wp-json\/wp\/v2\/pages"}],"about":[{"href":"https:\/\/www.lauranovita.com\/lauranovita.com\/index.php\/wp-json\/wp\/v2\/types\/page"}],"author":[{"embeddable":true,"href":"https:\/\/www.lauranovita.com\/lauranovita.com\/index.php\/wp-json\/wp\/v2\/users\/1"}],"replies":[{"embeddable":true,"href":"https:\/\/www.lauranovita.com\/lauranovita.com\/index.php\/wp-json\/wp\/v2\/comments?post=28"}],"version-history":[{"count":3,"href":"https:\/\/www.lauranovita.com\/lauranovita.com\/index.php\/wp-json\/wp\/v2\/pages\/28\/revisions"}],"predecessor-version":[{"id":3528,"href":"https:\/\/www.lauranovita.com\/lauranovita.com\/index.php\/wp-json\/wp\/v2\/pages\/28\/revisions\/3528"}],"wp:attachment":[{"href":"https:\/\/www.lauranovita.com\/lauranovita.com\/index.php\/wp-json\/wp\/v2\/media?parent=28"}],"curies":[{"name":"wp","href":"https:\/\/api.w.org\/{rel}","templated":true}]}}