{"id":3236,"date":"2021-07-27T09:34:14","date_gmt":"2021-07-27T07:34:14","guid":{"rendered":"https:\/\/www.lauranovita.com\/lauranovita.com\/?page_id=3236"},"modified":"2022-05-23T15:14:46","modified_gmt":"2022-05-23T13:14:46","slug":"notre-equipe","status":"publish","type":"page","link":"https:\/\/www.lauranovita.com\/lauranovita.com\/index.php\/notre-equipe\/","title":{"rendered":"Notre \u00e9quipe"},"content":{"rendered":"\n<div class=\"wp-container-2 wp-block-group\"><div class=\"wp-block-group__inner-container\">\n<div class=\"wp-block-columns\">\n<div class=\"wp-block-column\">\n<h3 class=\"has-text-align-center has-text-color\" style=\"color:#10069f\">Guillaume Giron<\/h3>\n\n\n\n<div class=\"wp-block-image\"><figure class=\"alignleft size-large is-resized\"><img loading=\"lazy\" src=\"https:\/\/www.lauranovita.com\/lauranovita.com\/wp-content\/uploads\/2021\/07\/photo-Guillaume.jpg\" alt=\"Photo de Guillaume Giron\" class=\"wp-image-3241\" width=\"290\" height=\"217\" srcset=\"https:\/\/www.lauranovita.com\/lauranovita.com\/wp-content\/uploads\/2021\/07\/photo-Guillaume.jpg 300w, https:\/\/www.lauranovita.com\/lauranovita.com\/wp-content\/uploads\/2021\/07\/photo-Guillaume-230x173.jpg 230w\" sizes=\"(max-width: 290px) 100vw, 290px\" \/><\/figure><\/div>\n\n\n\n<p class=\"has-normal-font-size\">Dipl\u00f4m\u00e9 de l\u2019Institut Sup\u00e9rieur du Commerce \u00e0 Paris en 1996,&nbsp;<strong>Guillaume GIRON<\/strong>&nbsp;est le pr\u00e9sident de Authentis Donner du Sens. Il d\u00e9bute sa carri\u00e8re comme professeur de math\u00e9matiques en C\u00f4te d\u2019Ivoire puis comme Directeur Adjoint d\u2019une filiale du Groupe Lafarge Holcim o\u00f9 il participe \u00e0 la gestion op\u00e9rationnelle de la structure et pilote les programmes de transformation commerciale et organisationnelle. Apr\u00e8s 2 ans chez Saint-Gobain Placoplatre en tant que responsable d\u2019un centre d\u2019appels en charge de g\u00e9rer les flux de commandes du devis jusqu\u2019\u00e0 la livraison, il dirige ensuite pendant plus de 7 ans la filiale Nord-Ouest du leader fran\u00e7ais de la signalisation routi\u00e8re Signaux Girod avec une totale autonomie sur les fonctions r\u00e9galiennes de l\u2019entreprise. Il rejoint en 2013 Saint-Gobain pour diriger 4 \u00e9tablissements commerciaux et industriels sp\u00e9cialis\u00e9s en transformation de vitrages pour le b\u00e2timent. Fort de son expertise op\u00e9rationnelle il participe \u00e0 la transformation commerciale du r\u00e9seau national de Saint-Gobain Vitrages notamment par le d\u00e9ploiement d\u2019une plateforme digitale. En 2019 il fonde Authentis, un cabinet de conseil d\u00e9di\u00e9 \u00e0 l\u2019accompagnement des dirigeants sur les th\u00e8mes de la valorisation des talents et de l\u2019identification de la mission de leurs entreprises. Il intervient \u00e9galement en bachelor et \u00e0 l\u2019universit\u00e9 sur les th\u00e8mes de la conduite de projet et du d\u00e9veloppement des comp\u00e9tences relationnelles.<\/p>\n\n\n\n<div class=\"wp-container-1 wp-block-buttons\">\n<div class=\"wp-block-button\"><a class=\"wp-block-button__link has-background\" href=\"http:\/\/www.authentis.blue\/index.html\" style=\"background-color:#fa6e16\" target=\"_blank\" rel=\"noreferrer noopener\">EN SAVOIR PLUS SUR gUILLAUME<\/a><\/div>\n<\/div>\n<\/div>\n\n\n\n<div class=\"wp-block-column\">\n<h3 class=\"has-text-align-center has-text-color\" style=\"color:#10069f\">Laura Novita<\/h3>\n\n\n\n<div class=\"wp-block-image is-style-default\"><figure class=\"alignleft size-large is-resized\"><img loading=\"lazy\" src=\"https:\/\/www.lauranovita.com\/lauranovita.com\/wp-content\/uploads\/2021\/07\/Laura-Consulting-1-edited-scaled.jpg\" alt=\"Photo de Laura Novita\" class=\"wp-image-3237\" width=\"208\" height=\"259\" srcset=\"https:\/\/www.lauranovita.com\/lauranovita.com\/wp-content\/uploads\/2021\/07\/Laura-Consulting-1-edited-scaled.jpg 2051w, https:\/\/www.lauranovita.com\/lauranovita.com\/wp-content\/uploads\/2021\/07\/Laura-Consulting-1-edited-240x300.jpg 240w, https:\/\/www.lauranovita.com\/lauranovita.com\/wp-content\/uploads\/2021\/07\/Laura-Consulting-1-edited-820x1024.jpg 820w, https:\/\/www.lauranovita.com\/lauranovita.com\/wp-content\/uploads\/2021\/07\/Laura-Consulting-1-edited-768x959.jpg 768w, https:\/\/www.lauranovita.com\/lauranovita.com\/wp-content\/uploads\/2021\/07\/Laura-Consulting-1-edited-1231x1536.jpg 1231w, https:\/\/www.lauranovita.com\/lauranovita.com\/wp-content\/uploads\/2021\/07\/Laura-Consulting-1-edited-1641x2048.jpg 1641w, https:\/\/www.lauranovita.com\/lauranovita.com\/wp-content\/uploads\/2021\/07\/Laura-Consulting-1-edited-830x1036.jpg 830w, https:\/\/www.lauranovita.com\/lauranovita.com\/wp-content\/uploads\/2021\/07\/Laura-Consulting-1-edited-230x287.jpg 230w, https:\/\/www.lauranovita.com\/lauranovita.com\/wp-content\/uploads\/2021\/07\/Laura-Consulting-1-edited-350x437.jpg 350w, https:\/\/www.lauranovita.com\/lauranovita.com\/wp-content\/uploads\/2021\/07\/Laura-Consulting-1-edited-480x599.jpg 480w\" sizes=\"(max-width: 208px) 100vw, 208px\" \/><\/figure><\/div>\n\n\n\n<p class=\"has-normal-font-size\">Dipl\u00f4m\u00e9e d\u2019un master QSE en 2009, <strong>Laura Novita<\/strong> d\u00e9bute sa carri\u00e8re au sein du groupe Faurecia, un des leaders de l\u2019industrie automobile. Apr\u00e8s une mission aupr\u00e8s de la directrice HSE monde d\u2019une filiale de l\u2019entreprise, elle part aux USA et poursuit sa mission aupr\u00e8s du responsable HSE division Etats-Unis et Mexique. Son r\u00f4le est de former les collaborateurs, auditer les sites et apporter une aide aux sites de production pour la mise en place des r\u00e8gles du groupe. En 2013, elle rentre en France et devient manager de l\u2019\u00e9quipe HSE de la division acoustique des sites Fran\u00e7ais, luxembourgeois et Anglais. Sous la direction du directeur des op\u00e9rations de la division, Laura recrute, forme et coach les responsables HSE sites. Forg\u00e9e par toutes ces rencontres et exp\u00e9riences humaines, elle se rend compte que la clef du succ\u00e8s en entreprise est l\u2019\u00e9l\u00e9ment qui fait le lien entre chaque service, chaque individu = la communication interpersonnelle.<br>Passionn\u00e9e par les relations humaines et anim\u00e9e par l\u2019envie d\u2019aider les professionnels, en 2017 elle d\u00e9cide de devenir coach pour les managers et dirigeants. Elle souhaite les aider \u00e0 prendre conscience de leur style de management et de son impact sur leurs collaborateurs. En 2018, elle passe donc le certificat professionnel de Consultante en communication par la valorisation de l\u2019image RNCP de niveau II et cr\u00e9e cette m\u00eame ann\u00e9e un programme d\u2019accompagnement en 3 axes&nbsp;: &nbsp;<strong>Image professionnelle<\/strong>, <strong>Prise de parole en public<\/strong> et <strong>Management<\/strong> dans le but d\u2019accroitre le leadership des personnes qu\u2019elle accompagne. &nbsp;Sa ligne de conduite&nbsp;: <strong>Pour lib\u00e9rer votre potentiel, osez \u00eatre vous !<\/strong><\/p>\n<\/div>\n<\/div>\n<\/div><\/div>\n\n\n\n<hr class=\"wp-block-separator\"\/>\n\n\n<div class=\"yoast-breadcrumbs\"><span><span><a href=\"https:\/\/www.lauranovita.com\/lauranovita.com\/\">Accueil<\/a> &raquo; <span class=\"breadcrumb_last\" aria-current=\"page\">Notre \u00e9quipe<\/span><\/span><\/span><\/div>\n\n\n<p><\/p>\n","protected":false},"excerpt":{"rendered":"<p>Guillaume Giron Dipl\u00f4m\u00e9 de l\u2019Institut Sup\u00e9rieur du Commerce \u00e0 Paris en 1996,&nbsp;Guillaume GIRON&nbsp;est le pr\u00e9sident de Authentis [&hellip;]<\/p>\n","protected":false},"author":1,"featured_media":0,"parent":0,"menu_order":0,"comment_status":"closed","ping_status":"closed","template":"page-templates\/page_fullwidth.php","meta":[],"yoast_head":"<!-- This site is optimized with the Yoast SEO plugin v18.4.1 - https:\/\/yoast.com\/wordpress\/plugins\/seo\/ -->\n<title>Notre \u00e9quipe - Laura Novita - Conseil en Image et Communication 08<\/title>\n<meta name=\"robots\" content=\"index, follow, max-snippet:-1, max-image-preview:large, max-video-preview:-1\" \/>\n<link rel=\"canonical\" href=\"https:\/\/www.lauranovita.com\/lauranovita.com\/index.php\/notre-equipe\/\" \/>\n<meta property=\"og:locale\" content=\"fr_FR\" \/>\n<meta property=\"og:type\" content=\"article\" \/>\n<meta property=\"og:title\" content=\"Notre \u00e9quipe - Laura Novita - Conseil en Image et Communication 08\" \/>\n<meta property=\"og:description\" content=\"Guillaume Giron Dipl\u00f4m\u00e9 de l\u2019Institut Sup\u00e9rieur du Commerce \u00e0 Paris en 1996,&nbsp;Guillaume GIRON&nbsp;est le pr\u00e9sident de Authentis [&hellip;]\" \/>\n<meta property=\"og:url\" content=\"https:\/\/www.lauranovita.com\/lauranovita.com\/index.php\/notre-equipe\/\" \/>\n<meta property=\"og:site_name\" content=\"Laura Novita - Conseil en Image et Communication 08\" \/>\n<meta property=\"article:modified_time\" content=\"2022-05-23T13:14:46+00:00\" \/>\n<meta property=\"og:image\" content=\"https:\/\/www.lauranovita.com\/lauranovita.com\/wp-content\/uploads\/2021\/07\/photo-Guillaume.jpg\" \/>\n<meta name=\"twitter:card\" content=\"summary_large_image\" \/>\n<meta name=\"twitter:label1\" content=\"Dur\u00e9e de lecture estim\u00e9e\" \/>\n\t<meta name=\"twitter:data1\" content=\"3 minutes\" \/>\n<script type=\"application\/ld+json\" class=\"yoast-schema-graph\">{\"@context\":\"https:\/\/schema.org\",\"@graph\":[{\"@type\":\"WebSite\",\"@id\":\"https:\/\/www.lauranovita.com\/lauranovita.com\/#website\",\"url\":\"https:\/\/www.lauranovita.com\/lauranovita.com\/\",\"name\":\"Laura Novita - Conseil en Image et Communication 08\",\"description\":\"Osez \u00eatre vous\",\"potentialAction\":[{\"@type\":\"SearchAction\",\"target\":{\"@type\":\"EntryPoint\",\"urlTemplate\":\"https:\/\/www.lauranovita.com\/lauranovita.com\/?s={search_term_string}\"},\"query-input\":\"required name=search_term_string\"}],\"inLanguage\":\"fr-FR\"},{\"@type\":\"ImageObject\",\"@id\":\"https:\/\/www.lauranovita.com\/lauranovita.com\/index.php\/notre-equipe\/#primaryimage\",\"inLanguage\":\"fr-FR\",\"url\":\"https:\/\/www.lauranovita.com\/lauranovita.com\/wp-content\/uploads\/2021\/07\/photo-Guillaume.jpg\",\"contentUrl\":\"https:\/\/www.lauranovita.com\/lauranovita.com\/wp-content\/uploads\/2021\/07\/photo-Guillaume.jpg\",\"width\":300,\"height\":225},{\"@type\":\"WebPage\",\"@id\":\"https:\/\/www.lauranovita.com\/lauranovita.com\/index.php\/notre-equipe\/#webpage\",\"url\":\"https:\/\/www.lauranovita.com\/lauranovita.com\/index.php\/notre-equipe\/\",\"name\":\"Notre \u00e9quipe - Laura Novita - Conseil en Image et Communication 08\",\"isPartOf\":{\"@id\":\"https:\/\/www.lauranovita.com\/lauranovita.com\/#website\"},\"primaryImageOfPage\":{\"@id\":\"https:\/\/www.lauranovita.com\/lauranovita.com\/index.php\/notre-equipe\/#primaryimage\"},\"datePublished\":\"2021-07-27T07:34:14+00:00\",\"dateModified\":\"2022-05-23T13:14:46+00:00\",\"breadcrumb\":{\"@id\":\"https:\/\/www.lauranovita.com\/lauranovita.com\/index.php\/notre-equipe\/#breadcrumb\"},\"inLanguage\":\"fr-FR\",\"potentialAction\":[{\"@type\":\"ReadAction\",\"target\":[\"https:\/\/www.lauranovita.com\/lauranovita.com\/index.php\/notre-equipe\/\"]}]},{\"@type\":\"BreadcrumbList\",\"@id\":\"https:\/\/www.lauranovita.com\/lauranovita.com\/index.php\/notre-equipe\/#breadcrumb\",\"itemListElement\":[{\"@type\":\"ListItem\",\"position\":1,\"name\":\"Accueil\",\"item\":\"https:\/\/www.lauranovita.com\/lauranovita.com\/\"},{\"@type\":\"ListItem\",\"position\":2,\"name\":\"Notre \u00e9quipe\"}]}]}<\/script>\n<!-- \/ Yoast SEO plugin. -->","yoast_head_json":{"title":"Notre \u00e9quipe - Laura Novita - Conseil en Image et Communication 08","robots":{"index":"index","follow":"follow","max-snippet":"max-snippet:-1","max-image-preview":"max-image-preview:large","max-video-preview":"max-video-preview:-1"},"canonical":"https:\/\/www.lauranovita.com\/lauranovita.com\/index.php\/notre-equipe\/","og_locale":"fr_FR","og_type":"article","og_title":"Notre \u00e9quipe - Laura Novita - Conseil en Image et Communication 08","og_description":"Guillaume Giron Dipl\u00f4m\u00e9 de l\u2019Institut Sup\u00e9rieur du Commerce \u00e0 Paris en 1996,&nbsp;Guillaume GIRON&nbsp;est le pr\u00e9sident de Authentis [&hellip;]","og_url":"https:\/\/www.lauranovita.com\/lauranovita.com\/index.php\/notre-equipe\/","og_site_name":"Laura Novita - Conseil en Image et Communication 08","article_modified_time":"2022-05-23T13:14:46+00:00","og_image":[{"url":"https:\/\/www.lauranovita.com\/lauranovita.com\/wp-content\/uploads\/2021\/07\/photo-Guillaume.jpg"}],"twitter_card":"summary_large_image","twitter_misc":{"Dur\u00e9e de lecture estim\u00e9e":"3 minutes"},"schema":{"@context":"https:\/\/schema.org","@graph":[{"@type":"WebSite","@id":"https:\/\/www.lauranovita.com\/lauranovita.com\/#website","url":"https:\/\/www.lauranovita.com\/lauranovita.com\/","name":"Laura Novita - Conseil en Image et Communication 08","description":"Osez \u00eatre vous","potentialAction":[{"@type":"SearchAction","target":{"@type":"EntryPoint","urlTemplate":"https:\/\/www.lauranovita.com\/lauranovita.com\/?s={search_term_string}"},"query-input":"required name=search_term_string"}],"inLanguage":"fr-FR"},{"@type":"ImageObject","@id":"https:\/\/www.lauranovita.com\/lauranovita.com\/index.php\/notre-equipe\/#primaryimage","inLanguage":"fr-FR","url":"https:\/\/www.lauranovita.com\/lauranovita.com\/wp-content\/uploads\/2021\/07\/photo-Guillaume.jpg","contentUrl":"https:\/\/www.lauranovita.com\/lauranovita.com\/wp-content\/uploads\/2021\/07\/photo-Guillaume.jpg","width":300,"height":225},{"@type":"WebPage","@id":"https:\/\/www.lauranovita.com\/lauranovita.com\/index.php\/notre-equipe\/#webpage","url":"https:\/\/www.lauranovita.com\/lauranovita.com\/index.php\/notre-equipe\/","name":"Notre \u00e9quipe - Laura Novita - Conseil en Image et Communication 08","isPartOf":{"@id":"https:\/\/www.lauranovita.com\/lauranovita.com\/#website"},"primaryImageOfPage":{"@id":"https:\/\/www.lauranovita.com\/lauranovita.com\/index.php\/notre-equipe\/#primaryimage"},"datePublished":"2021-07-27T07:34:14+00:00","dateModified":"2022-05-23T13:14:46+00:00","breadcrumb":{"@id":"https:\/\/www.lauranovita.com\/lauranovita.com\/index.php\/notre-equipe\/#breadcrumb"},"inLanguage":"fr-FR","potentialAction":[{"@type":"ReadAction","target":["https:\/\/www.lauranovita.com\/lauranovita.com\/index.php\/notre-equipe\/"]}]},{"@type":"BreadcrumbList","@id":"https:\/\/www.lauranovita.com\/lauranovita.com\/index.php\/notre-equipe\/#breadcrumb","itemListElement":[{"@type":"ListItem","position":1,"name":"Accueil","item":"https:\/\/www.lauranovita.com\/lauranovita.com\/"},{"@type":"ListItem","position":2,"name":"Notre \u00e9quipe"}]}]}},"_links":{"self":[{"href":"https:\/\/www.lauranovita.com\/lauranovita.com\/index.php\/wp-json\/wp\/v2\/pages\/3236"}],"collection":[{"href":"https:\/\/www.lauranovita.com\/lauranovita.com\/index.php\/wp-json\/wp\/v2\/pages"}],"about":[{"href":"https:\/\/www.lauranovita.com\/lauranovita.com\/index.php\/wp-json\/wp\/v2\/types\/page"}],"author":[{"embeddable":true,"href":"https:\/\/www.lauranovita.com\/lauranovita.com\/index.php\/wp-json\/wp\/v2\/users\/1"}],"replies":[{"embeddable":true,"href":"https:\/\/www.lauranovita.com\/lauranovita.com\/index.php\/wp-json\/wp\/v2\/comments?post=3236"}],"version-history":[{"count":18,"href":"https:\/\/www.lauranovita.com\/lauranovita.com\/index.php\/wp-json\/wp\/v2\/pages\/3236\/revisions"}],"predecessor-version":[{"id":4913,"href":"https:\/\/www.lauranovita.com\/lauranovita.com\/index.php\/wp-json\/wp\/v2\/pages\/3236\/revisions\/4913"}],"wp:attachment":[{"href":"https:\/\/www.lauranovita.com\/lauranovita.com\/index.php\/wp-json\/wp\/v2\/media?parent=3236"}],"curies":[{"name":"wp","href":"https:\/\/api.w.org\/{rel}","templated":true}]}}