{"id":4075,"date":"2022-05-06T09:51:26","date_gmt":"2022-05-06T07:51:26","guid":{"rendered":"https:\/\/www.lauranovita.com\/lauranovita.com\/?page_id=4075"},"modified":"2023-07-24T20:09:07","modified_gmt":"2023-07-24T18:09:07","slug":"construire-son-image-professionnelle","status":"publish","type":"page","link":"https:\/\/www.lauranovita.com\/lauranovita.com\/index.php\/construire-son-image-professionnelle\/","title":{"rendered":"Coaching en image professionnelle"},"content":{"rendered":"\n<div class=\"wp-block-cover alignfull has-custom-content-position is-position-top-left\" style=\"min-height:308px\"><span aria-hidden=\"true\" class=\"has-background-dim-20 wp-block-cover__gradient-background has-background-dim has-background-gradient\" style=\"background:linear-gradient(154deg,rgb(16,6,159) 0%,rgb(155,81,224) 100%)\"><\/span><img loading=\"lazy\" width=\"1080\" height=\"1080\" class=\"wp-block-cover__image-background wp-image-4083\" alt=\"Programme n\u00b01 : Construire son image professionnelle\nL\u00e9gitimit\u00e9 \/ Assurance \/ Confort\" src=\"https:\/\/www.lauranovita.com\/lauranovita.com\/wp-content\/uploads\/2022\/04\/14.png\" style=\"object-position:31% 10%\" data-object-fit=\"cover\" data-object-position=\"31% 10%\" srcset=\"https:\/\/www.lauranovita.com\/lauranovita.com\/wp-content\/uploads\/2022\/04\/14.png 1080w, https:\/\/www.lauranovita.com\/lauranovita.com\/wp-content\/uploads\/2022\/04\/14-300x300.png 300w, https:\/\/www.lauranovita.com\/lauranovita.com\/wp-content\/uploads\/2022\/04\/14-1024x1024.png 1024w, https:\/\/www.lauranovita.com\/lauranovita.com\/wp-content\/uploads\/2022\/04\/14-150x150.png 150w, https:\/\/www.lauranovita.com\/lauranovita.com\/wp-content\/uploads\/2022\/04\/14-768x768.png 768w, https:\/\/www.lauranovita.com\/lauranovita.com\/wp-content\/uploads\/2022\/04\/14-830x830.png 830w, https:\/\/www.lauranovita.com\/lauranovita.com\/wp-content\/uploads\/2022\/04\/14-230x230.png 230w, https:\/\/www.lauranovita.com\/lauranovita.com\/wp-content\/uploads\/2022\/04\/14-350x350.png 350w, https:\/\/www.lauranovita.com\/lauranovita.com\/wp-content\/uploads\/2022\/04\/14-480x480.png 480w\" sizes=\"(max-width: 1080px) 100vw, 1080px\" \/><div class=\"wp-block-cover__inner-container\">\n<h2 style=\"font-size:30px\"><em><span style=\"color:#10069f\" class=\"has-inline-color\">P<\/span>rogramme n\u00b01 : Construire son image professionnelle<\/em><\/h2>\n\n\n\n<p><strong>L\u00e9gitimit\u00e9 \/ Assurance \/ Confort<\/strong><\/p>\n<\/div><\/div>\n\n\n\n<div style=\"height:40px\" aria-hidden=\"true\" class=\"wp-block-spacer\"><\/div>\n\n\n\n<hr class=\"wp-block-separator\"\/>\n\n\n\n<div class=\"wp-block-columns\">\n<div class=\"wp-block-column\" style=\"flex-basis:25%\">\n<p class=\"has-white-color has-text-color\">SD<\/p>\n<\/div>\n\n\n\n<div class=\"wp-block-column\" style=\"flex-basis:50%\">\n<p class=\"has-text-align-center has-medium-font-size\"><mark style=\"background-color:rgba(0, 0, 0, 0);color:#fa6e16\" class=\"has-inline-color\"><strong><em>\u00ab\u00a0L\u2019image pr\u00e9c\u00e8de la parole et l\u2019accompagne, et subsiste<\/em> <em>encore quand nous en avons termin\u00e9.\u00a0\u00bb<\/em><\/strong><\/mark><\/p>\n\n\n\n<p class=\"has-text-align-center has-text-color\" style=\"color:#0071a1\"><em>Guy Barrier<\/em><\/p>\n<\/div>\n\n\n\n<div class=\"wp-block-column\" style=\"flex-basis:25%\">\n<p class=\"has-white-color has-text-color\">DFDF<\/p>\n<\/div>\n<\/div>\n\n\n\n<hr class=\"wp-block-separator\"\/>\n\n\n\n<div style=\"height:60px\" aria-hidden=\"true\" class=\"wp-block-spacer\"><\/div>\n\n\n\n<div class=\"wp-block-columns\">\n<div class=\"wp-block-column\">\n<div class=\"wp-block-cover is-light has-custom-content-position is-position-bottom-center\"><span aria-hidden=\"true\" class=\"has-black-background-color wp-block-cover__gradient-background has-background-dim\"><\/span><img loading=\"lazy\" width=\"1024\" height=\"1024\" class=\"wp-block-cover__image-background wp-image-4116\" alt=\"Vous vous sentez mal \u00e0 l'aise dans votre corps et dans vos v\u00eatements professionnels ?\" src=\"https:\/\/www.lauranovita.com\/lauranovita.com\/wp-content\/uploads\/2022\/04\/photo-site-internet-5.png\" data-object-fit=\"cover\" srcset=\"https:\/\/www.lauranovita.com\/lauranovita.com\/wp-content\/uploads\/2022\/04\/photo-site-internet-5.png 1024w, https:\/\/www.lauranovita.com\/lauranovita.com\/wp-content\/uploads\/2022\/04\/photo-site-internet-5-300x300.png 300w, https:\/\/www.lauranovita.com\/lauranovita.com\/wp-content\/uploads\/2022\/04\/photo-site-internet-5-150x150.png 150w, https:\/\/www.lauranovita.com\/lauranovita.com\/wp-content\/uploads\/2022\/04\/photo-site-internet-5-768x768.png 768w, https:\/\/www.lauranovita.com\/lauranovita.com\/wp-content\/uploads\/2022\/04\/photo-site-internet-5-830x830.png 830w, https:\/\/www.lauranovita.com\/lauranovita.com\/wp-content\/uploads\/2022\/04\/photo-site-internet-5-230x230.png 230w, https:\/\/www.lauranovita.com\/lauranovita.com\/wp-content\/uploads\/2022\/04\/photo-site-internet-5-350x350.png 350w, https:\/\/www.lauranovita.com\/lauranovita.com\/wp-content\/uploads\/2022\/04\/photo-site-internet-5-480x480.png 480w\" sizes=\"(max-width: 1024px) 100vw, 1024px\" \/><div class=\"wp-block-cover__inner-container\">\n<p class=\"has-text-align-center has-white-color has-text-color has-medium-font-size\">Vous vous sentez mal \u00e0 l&rsquo;aise dans votre corps et dans vos v\u00eatements professionnels ?<\/p>\n<\/div><\/div>\n<\/div>\n\n\n\n<div class=\"wp-block-column\">\n<div class=\"wp-block-cover is-light has-custom-content-position is-position-bottom-center\"><span aria-hidden=\"true\" class=\"has-black-background-color wp-block-cover__gradient-background has-background-dim\"><\/span><img loading=\"lazy\" width=\"1024\" height=\"1024\" class=\"wp-block-cover__image-background wp-image-4109\" alt=\"Vous recherchez plus de cr\u00e9dibilit\u00e9 \u00e0 travers votre tenue professionnelle ?\" src=\"https:\/\/www.lauranovita.com\/lauranovita.com\/wp-content\/uploads\/2022\/04\/photo-site-internet-2-2.png\" data-object-fit=\"cover\" srcset=\"https:\/\/www.lauranovita.com\/lauranovita.com\/wp-content\/uploads\/2022\/04\/photo-site-internet-2-2.png 1024w, https:\/\/www.lauranovita.com\/lauranovita.com\/wp-content\/uploads\/2022\/04\/photo-site-internet-2-2-300x300.png 300w, https:\/\/www.lauranovita.com\/lauranovita.com\/wp-content\/uploads\/2022\/04\/photo-site-internet-2-2-150x150.png 150w, https:\/\/www.lauranovita.com\/lauranovita.com\/wp-content\/uploads\/2022\/04\/photo-site-internet-2-2-768x768.png 768w, https:\/\/www.lauranovita.com\/lauranovita.com\/wp-content\/uploads\/2022\/04\/photo-site-internet-2-2-830x830.png 830w, https:\/\/www.lauranovita.com\/lauranovita.com\/wp-content\/uploads\/2022\/04\/photo-site-internet-2-2-230x230.png 230w, https:\/\/www.lauranovita.com\/lauranovita.com\/wp-content\/uploads\/2022\/04\/photo-site-internet-2-2-350x350.png 350w, https:\/\/www.lauranovita.com\/lauranovita.com\/wp-content\/uploads\/2022\/04\/photo-site-internet-2-2-480x480.png 480w\" sizes=\"(max-width: 1024px) 100vw, 1024px\" \/><div class=\"wp-block-cover__inner-container\">\n<p class=\"has-text-align-center has-white-color has-text-color has-medium-font-size\">Vous recherchez plus de cr\u00e9dibilit\u00e9 \u00e0 travers votre tenue professionnelle ?<\/p>\n<\/div><\/div>\n<\/div>\n\n\n\n<div class=\"wp-block-column\">\n<div class=\"wp-block-cover is-light has-custom-content-position is-position-bottom-center\"><span aria-hidden=\"true\" class=\"has-black-background-color wp-block-cover__gradient-background has-background-dim\"><\/span><img loading=\"lazy\" width=\"1024\" height=\"1024\" class=\"wp-block-cover__image-background wp-image-4114\" alt=\"Votre image professionnelle n'est pas \u00e0 la hauteur de vos esp\u00e9rances ?\" src=\"https:\/\/www.lauranovita.com\/lauranovita.com\/wp-content\/uploads\/2022\/04\/photo-site-internet-4.png\" data-object-fit=\"cover\" srcset=\"https:\/\/www.lauranovita.com\/lauranovita.com\/wp-content\/uploads\/2022\/04\/photo-site-internet-4.png 1024w, https:\/\/www.lauranovita.com\/lauranovita.com\/wp-content\/uploads\/2022\/04\/photo-site-internet-4-300x300.png 300w, https:\/\/www.lauranovita.com\/lauranovita.com\/wp-content\/uploads\/2022\/04\/photo-site-internet-4-150x150.png 150w, https:\/\/www.lauranovita.com\/lauranovita.com\/wp-content\/uploads\/2022\/04\/photo-site-internet-4-768x768.png 768w, https:\/\/www.lauranovita.com\/lauranovita.com\/wp-content\/uploads\/2022\/04\/photo-site-internet-4-830x830.png 830w, https:\/\/www.lauranovita.com\/lauranovita.com\/wp-content\/uploads\/2022\/04\/photo-site-internet-4-230x230.png 230w, https:\/\/www.lauranovita.com\/lauranovita.com\/wp-content\/uploads\/2022\/04\/photo-site-internet-4-350x350.png 350w, https:\/\/www.lauranovita.com\/lauranovita.com\/wp-content\/uploads\/2022\/04\/photo-site-internet-4-480x480.png 480w\" sizes=\"(max-width: 1024px) 100vw, 1024px\" \/><div class=\"wp-block-cover__inner-container\">\n<p class=\"has-text-align-center has-white-color has-text-color has-medium-font-size\">Votre image professionnelle n&rsquo;est pas \u00e0 la hauteur de vos esp\u00e9rances ?<\/p>\n<\/div><\/div>\n<\/div>\n<\/div>\n\n\n\n<div style=\"height:60px\" aria-hidden=\"true\" class=\"wp-block-spacer\"><\/div>\n\n\n\n<p class=\"has-text-color has-medium-font-size\" style=\"color:#10069f\">Ce programme d&rsquo;accompagnement possible en visioconf\u00e9rence <strong>est d\u00e9di\u00e9 \u00e0 votre image professionnelle<\/strong>. Il a \u00e9t\u00e9 \u00e9labor\u00e9 pour vous permettre <strong>en 2 \u00e0 3 mois<\/strong> de <strong>d\u00e9passer vos croyances<\/strong> et vous garantir une image professionnelle en ad\u00e9quation avec votre <strong>fonction<\/strong>, votre <strong>personnalit\u00e9 <\/strong>et vos <strong>priorit\u00e9s<\/strong>. C&rsquo;est un processus qui <strong>en 7 \u00e9tapes<\/strong> <strong>clefs<\/strong>, votre garanti une <strong><a href=\"https:\/\/www.lauranovita.com\/lauranovita.com\/index.php\/2021\/03\/05\/image-professionnelle-vs-image-personnelle#construction-image-pro\" target=\"_blank\" rel=\"noreferrer noopener\">image professionnelle durable<\/a><\/strong>.<em><mark style=\"background-color:rgba(0, 0, 0, 0);color:#fa6e16\" class=\"has-inline-color\"><\/mark><\/em><\/p>\n\n\n\n<div style=\"height:30px\" aria-hidden=\"true\" class=\"wp-block-spacer\"><\/div>\n\n\n\n<figure class=\"wp-block-embed is-type-video is-provider-youtube wp-block-embed-youtube wp-embed-aspect-16-9 wp-has-aspect-ratio\"><div class=\"wp-block-embed__wrapper\">\n<iframe loading=\"lazy\" title=\"coaching image professionnelle\" width=\"1170\" height=\"658\" src=\"https:\/\/www.youtube.com\/embed\/OCYlTlr9vfk?feature=oembed\" frameborder=\"0\" allow=\"accelerometer; autoplay; clipboard-write; encrypted-media; gyroscope; picture-in-picture; web-share\" allowfullscreen><\/iframe>\n<\/div><\/figure>\n\n\n\n<div class=\"wp-block-columns\">\n<div class=\"wp-block-column\" style=\"flex-basis:50%\">\n<div style=\"height:62px\" aria-hidden=\"true\" class=\"wp-block-spacer\"><\/div>\n\n\n\n<p class=\"has-text-align-center has-text-color\" style=\"color:#10069f;font-size:19px\"><strong>En construisant votre image professionnelle vous prenez conscience de vos qualit\u00e9s et vous gagnez en l\u00e9gitimit\u00e9.<\/strong><\/p>\n\n\n\n<div style=\"height:50px\" aria-hidden=\"true\" class=\"wp-block-spacer\"><\/div>\n\n\n\n<p>Ce programme a \u00e9t\u00e9 con\u00e7u pour vous permettre de vous d\u00e9ployer <strong>sereinement <\/strong>et <strong>durablement<\/strong>. <\/p>\n\n\n\n<p>Chaque \u00e9tape du programme est un cheminement vers l<strong>&lsquo;image professionnelle qui vous correspond<\/strong>. Vous allez la construire pas \u00e0 pas pour vous l&rsquo;<strong>approprier \u00e0 100%<\/strong> et pour faire corps avec elle. <\/p>\n\n\n\n<p>Tout au long de votre accompagnement, je serai \u00e0 vos c\u00f4t\u00e9s pour r\u00e9pondre \u00e0 vos questions et incertitudes. <\/p>\n<\/div>\n\n\n\n<div class=\"wp-block-column\" style=\"flex-basis:50%\">\n<div class=\"wp-block-image\"><figure class=\"alignright size-large\"><img loading=\"lazy\" width=\"724\" height=\"1024\" src=\"https:\/\/www.lauranovita.com\/lauranovita.com\/wp-content\/uploads\/2022\/06\/Un-programme-en-7-etapes-Au-cabinet-ou-en-visioconference-2-2-724x1024.png\" alt=\"D\u00e9roulement du coaching en image professionnelle\nExplication des 7 \u00e9tapes\" class=\"wp-image-5090\" srcset=\"https:\/\/www.lauranovita.com\/lauranovita.com\/wp-content\/uploads\/2022\/06\/Un-programme-en-7-etapes-Au-cabinet-ou-en-visioconference-2-2-724x1024.png 724w, https:\/\/www.lauranovita.com\/lauranovita.com\/wp-content\/uploads\/2022\/06\/Un-programme-en-7-etapes-Au-cabinet-ou-en-visioconference-2-2-212x300.png 212w, https:\/\/www.lauranovita.com\/lauranovita.com\/wp-content\/uploads\/2022\/06\/Un-programme-en-7-etapes-Au-cabinet-ou-en-visioconference-2-2-768x1086.png 768w, https:\/\/www.lauranovita.com\/lauranovita.com\/wp-content\/uploads\/2022\/06\/Un-programme-en-7-etapes-Au-cabinet-ou-en-visioconference-2-2-1086x1536.png 1086w, https:\/\/www.lauranovita.com\/lauranovita.com\/wp-content\/uploads\/2022\/06\/Un-programme-en-7-etapes-Au-cabinet-ou-en-visioconference-2-2-920x1301.png 920w, https:\/\/www.lauranovita.com\/lauranovita.com\/wp-content\/uploads\/2022\/06\/Un-programme-en-7-etapes-Au-cabinet-ou-en-visioconference-2-2-230x325.png 230w, https:\/\/www.lauranovita.com\/lauranovita.com\/wp-content\/uploads\/2022\/06\/Un-programme-en-7-etapes-Au-cabinet-ou-en-visioconference-2-2-350x495.png 350w, https:\/\/www.lauranovita.com\/lauranovita.com\/wp-content\/uploads\/2022\/06\/Un-programme-en-7-etapes-Au-cabinet-ou-en-visioconference-2-2-480x679.png 480w, https:\/\/www.lauranovita.com\/lauranovita.com\/wp-content\/uploads\/2022\/06\/Un-programme-en-7-etapes-Au-cabinet-ou-en-visioconference-2-2.png 1414w\" sizes=\"(max-width: 724px) 100vw, 724px\" \/><\/figure><\/div>\n\n\n\n<p class=\"has-text-align-center has-text-color\" style=\"color:#10069f\"><\/p>\n<\/div>\n<\/div>\n\n\n\n<div style=\"height:10px\" aria-hidden=\"true\" class=\"wp-block-spacer\"><\/div>\n\n\n\n<hr class=\"wp-block-separator\"\/>\n\n\n\n<div style=\"height:10px\" aria-hidden=\"true\" class=\"wp-block-spacer\"><\/div>\n\n\n<div class=\"wpforms-container wpforms-container-full wpforms-block\" id=\"wpforms-4494\"><form id=\"wpforms-form-4494\" class=\"wpforms-validate wpforms-form wpforms-ajax-form\" data-formid=\"4494\" method=\"post\" enctype=\"multipart\/form-data\" action=\"\/lauranovita.com\/index.php\/wp-json\/wp\/v2\/pages\/4075\" data-token=\"4b406b83ea0a6e74b052d918c806e1e9\"><noscript class=\"wpforms-error-noscript\">Veuillez activer JavaScript dans votre navigateur pour remplir ce formulaire.<\/noscript><div class=\"wpforms-field-container\"><div id=\"wpforms-4494-field_0-container\" class=\"wpforms-field wpforms-field-name\" data-field-id=\"0\"><label class=\"wpforms-field-label\" for=\"wpforms-4494-field_0\">Vous avez une question sur ce programme d&#039;accompagnement, ou vous souhaitez vous lancer ? Envoyez-moi un message <\/label><input type=\"text\" id=\"wpforms-4494-field_0\" class=\"wpforms-field-medium\" name=\"wpforms[fields][0]\" placeholder=\"Pr\u00e9nom et Nom\" ><\/div><div id=\"wpforms-4494-field_1-container\" class=\"wpforms-field wpforms-field-email\" data-field-id=\"1\"><label class=\"wpforms-field-label wpforms-label-hide\" for=\"wpforms-4494-field_1\">Email <span class=\"wpforms-required-label\">*<\/span><\/label><input type=\"email\" id=\"wpforms-4494-field_1\" class=\"wpforms-field-medium wpforms-field-required\" name=\"wpforms[fields][1]\" placeholder=\"Adresse e-mail\" spellcheck=\"false\" required><\/div><div id=\"wpforms-4494-field_2-container\" class=\"wpforms-field wpforms-field-textarea\" data-field-id=\"2\"><label class=\"wpforms-field-label wpforms-label-hide\" for=\"wpforms-4494-field_2\">Message <span class=\"wpforms-required-label\">*<\/span><\/label><textarea id=\"wpforms-4494-field_2\" class=\"wpforms-field-medium wpforms-field-required\" name=\"wpforms[fields][2]\" placeholder=\"Ecrivez votre message ici...\" required><\/textarea><\/div><div id=\"wpforms-4494-field_5-container\" class=\"wpforms-field wpforms-field-gdpr-checkbox\" data-field-id=\"5\"><label class=\"wpforms-field-label\" for=\"wpforms-4494-field_5\">Accord RGPD <span class=\"wpforms-required-label\">*<\/span><\/label><ul id=\"wpforms-4494-field_5\" class=\"wpforms-field-required\"><li class=\"choice-1\"><input type=\"checkbox\" id=\"wpforms-4494-field_5_1\" name=\"wpforms[fields][5][]\" value=\"Je consens \u00e0 ce que Laura Novita conserve mes informations envoy\u00e9es afin qu\u2019elle puisse r\u00e9pondre \u00e0 ma requ\u00eate.\" required ><label class=\"wpforms-field-label-inline\" for=\"wpforms-4494-field_5_1\">Je consens \u00e0 ce que Laura Novita conserve mes informations envoy\u00e9es afin qu\u2019elle puisse r\u00e9pondre \u00e0 ma requ\u00eate.<\/label><\/li><\/ul><\/div><\/div><!-- .wpforms-field-container --><div class=\"wpforms-recaptcha-container wpforms-is-recaptcha\" ><div class=\"g-recaptcha\" data-sitekey=\"6Lcdk1IgAAAAAHGV3lgl8_4gwz5_pbJSibg27bU5\" data-size=\"invisible\"><\/div><\/div><div class=\"wpforms-submit-container\" ><input type=\"hidden\" name=\"wpforms[id]\" value=\"4494\"><input type=\"hidden\" name=\"wpforms[author]\" value=\"1\"><button type=\"submit\" name=\"wpforms[submit]\" id=\"wpforms-submit-4494\" class=\"wpforms-submit\" data-alt-text=\"En cours d&#039;envoie...\" data-submit-text=\"Envoyer\" aria-live=\"assertive\" value=\"wpforms-submit\">Envoyer<\/button><img loading=\"lazy\" src=\"https:\/\/www.lauranovita.com\/lauranovita.com\/wp-content\/plugins\/wpforms-lite\/assets\/images\/submit-spin.svg\" class=\"wpforms-submit-spinner\" style=\"display: none;\" width=\"26\" height=\"26\" alt=\"Chargement en cours\"><\/div><\/form><\/div>  <!-- .wpforms-container -->","protected":false},"excerpt":{"rendered":"<p>SD \u00ab\u00a0L\u2019image pr\u00e9c\u00e8de la parole et l\u2019accompagne, et subsiste encore quand nous en avons termin\u00e9.\u00a0\u00bb Guy Barrier [&hellip;]<\/p>\n","protected":false},"author":1,"featured_media":0,"parent":0,"menu_order":0,"comment_status":"closed","ping_status":"closed","template":"page-templates\/page_fullwidth.php","meta":[],"yoast_head":"<!-- This site is optimized with the Yoast SEO plugin v18.4.1 - https:\/\/yoast.com\/wordpress\/plugins\/seo\/ -->\n<title>coaching en image professionnelle<\/title>\n<meta name=\"description\" content=\"Un accompagnement en face \u00e0 face ou \u00e0 distance pour vous construire une image professionnelle juste et vous apporter assurance et l\u00e9gitimit\u00e9\" \/>\n<meta name=\"robots\" content=\"index, follow, max-snippet:-1, max-image-preview:large, max-video-preview:-1\" \/>\n<link rel=\"canonical\" href=\"https:\/\/www.lauranovita.com\/lauranovita.com\/index.php\/construire-son-image-professionnelle\/\" \/>\n<meta property=\"og:locale\" content=\"fr_FR\" \/>\n<meta property=\"og:type\" content=\"article\" \/>\n<meta property=\"og:title\" content=\"Quel-le professionnel-le \u00eates-vous ?\" \/>\n<meta property=\"og:description\" content=\"Que dit votre image ? Etes-vous \u00e0 l&#039;aise ? Avez-vous l&#039;impression d&#039;enfiler un costume chaque matin ? Un coaching pour vous faire du bien et gagner en affirmation de soi.\" \/>\n<meta property=\"og:url\" content=\"https:\/\/www.lauranovita.com\/lauranovita.com\/index.php\/construire-son-image-professionnelle\/\" \/>\n<meta property=\"og:site_name\" content=\"Laura Novita - Conseil en Image et Communication 08\" \/>\n<meta property=\"article:modified_time\" content=\"2023-07-24T18:09:07+00:00\" \/>\n<meta property=\"og:image\" content=\"https:\/\/www.lauranovita.com\/lauranovita.com\/wp-content\/uploads\/2022\/04\/14.png\" \/>\n\t<meta property=\"og:image:width\" content=\"1080\" \/>\n\t<meta property=\"og:image:height\" content=\"1080\" \/>\n\t<meta property=\"og:image:type\" content=\"image\/png\" \/>\n<meta name=\"twitter:card\" content=\"summary_large_image\" \/>\n<meta name=\"twitter:label1\" content=\"Dur\u00e9e de lecture estim\u00e9e\" \/>\n\t<meta name=\"twitter:data1\" content=\"3 minutes\" \/>\n<script type=\"application\/ld+json\" class=\"yoast-schema-graph\">{\"@context\":\"https:\/\/schema.org\",\"@graph\":[{\"@type\":\"WebSite\",\"@id\":\"https:\/\/www.lauranovita.com\/lauranovita.com\/#website\",\"url\":\"https:\/\/www.lauranovita.com\/lauranovita.com\/\",\"name\":\"Laura Novita - Conseil en Image et Communication 08\",\"description\":\"Osez \u00eatre vous\",\"potentialAction\":[{\"@type\":\"SearchAction\",\"target\":{\"@type\":\"EntryPoint\",\"urlTemplate\":\"https:\/\/www.lauranovita.com\/lauranovita.com\/?s={search_term_string}\"},\"query-input\":\"required name=search_term_string\"}],\"inLanguage\":\"fr-FR\"},{\"@type\":\"ImageObject\",\"@id\":\"https:\/\/www.lauranovita.com\/lauranovita.com\/index.php\/construire-son-image-professionnelle\/#primaryimage\",\"inLanguage\":\"fr-FR\",\"url\":\"https:\/\/www.lauranovita.com\/lauranovita.com\/wp-content\/uploads\/2022\/04\/14.png\",\"contentUrl\":\"https:\/\/www.lauranovita.com\/lauranovita.com\/wp-content\/uploads\/2022\/04\/14.png\",\"width\":1080,\"height\":1080,\"caption\":\"coaching image professionnelle\"},{\"@type\":\"WebPage\",\"@id\":\"https:\/\/www.lauranovita.com\/lauranovita.com\/index.php\/construire-son-image-professionnelle\/#webpage\",\"url\":\"https:\/\/www.lauranovita.com\/lauranovita.com\/index.php\/construire-son-image-professionnelle\/\",\"name\":\"coaching en image professionnelle\",\"isPartOf\":{\"@id\":\"https:\/\/www.lauranovita.com\/lauranovita.com\/#website\"},\"primaryImageOfPage\":{\"@id\":\"https:\/\/www.lauranovita.com\/lauranovita.com\/index.php\/construire-son-image-professionnelle\/#primaryimage\"},\"datePublished\":\"2022-05-06T07:51:26+00:00\",\"dateModified\":\"2023-07-24T18:09:07+00:00\",\"description\":\"Un accompagnement en face \u00e0 face ou \u00e0 distance pour vous construire une image professionnelle juste et vous apporter assurance et l\u00e9gitimit\u00e9\",\"breadcrumb\":{\"@id\":\"https:\/\/www.lauranovita.com\/lauranovita.com\/index.php\/construire-son-image-professionnelle\/#breadcrumb\"},\"inLanguage\":\"fr-FR\",\"potentialAction\":[{\"@type\":\"ReadAction\",\"target\":[\"https:\/\/www.lauranovita.com\/lauranovita.com\/index.php\/construire-son-image-professionnelle\/\"]}]},{\"@type\":\"BreadcrumbList\",\"@id\":\"https:\/\/www.lauranovita.com\/lauranovita.com\/index.php\/construire-son-image-professionnelle\/#breadcrumb\",\"itemListElement\":[{\"@type\":\"ListItem\",\"position\":1,\"name\":\"Accueil\",\"item\":\"https:\/\/www.lauranovita.com\/lauranovita.com\/\"},{\"@type\":\"ListItem\",\"position\":2,\"name\":\"Coaching en image professionnelle\"}]}]}<\/script>\n<!-- \/ Yoast SEO plugin. -->","yoast_head_json":{"title":"coaching en image professionnelle","description":"Un accompagnement en face \u00e0 face ou \u00e0 distance pour vous construire une image professionnelle juste et vous apporter assurance et l\u00e9gitimit\u00e9","robots":{"index":"index","follow":"follow","max-snippet":"max-snippet:-1","max-image-preview":"max-image-preview:large","max-video-preview":"max-video-preview:-1"},"canonical":"https:\/\/www.lauranovita.com\/lauranovita.com\/index.php\/construire-son-image-professionnelle\/","og_locale":"fr_FR","og_type":"article","og_title":"Quel-le professionnel-le \u00eates-vous ?","og_description":"Que dit votre image ? Etes-vous \u00e0 l'aise ? Avez-vous l'impression d'enfiler un costume chaque matin ? Un coaching pour vous faire du bien et gagner en affirmation de soi.","og_url":"https:\/\/www.lauranovita.com\/lauranovita.com\/index.php\/construire-son-image-professionnelle\/","og_site_name":"Laura Novita - Conseil en Image et Communication 08","article_modified_time":"2023-07-24T18:09:07+00:00","og_image":[{"width":1080,"height":1080,"url":"https:\/\/www.lauranovita.com\/lauranovita.com\/wp-content\/uploads\/2022\/04\/14.png","type":"image\/png"}],"twitter_card":"summary_large_image","twitter_misc":{"Dur\u00e9e de lecture estim\u00e9e":"3 minutes"},"schema":{"@context":"https:\/\/schema.org","@graph":[{"@type":"WebSite","@id":"https:\/\/www.lauranovita.com\/lauranovita.com\/#website","url":"https:\/\/www.lauranovita.com\/lauranovita.com\/","name":"Laura Novita - Conseil en Image et Communication 08","description":"Osez \u00eatre vous","potentialAction":[{"@type":"SearchAction","target":{"@type":"EntryPoint","urlTemplate":"https:\/\/www.lauranovita.com\/lauranovita.com\/?s={search_term_string}"},"query-input":"required name=search_term_string"}],"inLanguage":"fr-FR"},{"@type":"ImageObject","@id":"https:\/\/www.lauranovita.com\/lauranovita.com\/index.php\/construire-son-image-professionnelle\/#primaryimage","inLanguage":"fr-FR","url":"https:\/\/www.lauranovita.com\/lauranovita.com\/wp-content\/uploads\/2022\/04\/14.png","contentUrl":"https:\/\/www.lauranovita.com\/lauranovita.com\/wp-content\/uploads\/2022\/04\/14.png","width":1080,"height":1080,"caption":"coaching image professionnelle"},{"@type":"WebPage","@id":"https:\/\/www.lauranovita.com\/lauranovita.com\/index.php\/construire-son-image-professionnelle\/#webpage","url":"https:\/\/www.lauranovita.com\/lauranovita.com\/index.php\/construire-son-image-professionnelle\/","name":"coaching en image professionnelle","isPartOf":{"@id":"https:\/\/www.lauranovita.com\/lauranovita.com\/#website"},"primaryImageOfPage":{"@id":"https:\/\/www.lauranovita.com\/lauranovita.com\/index.php\/construire-son-image-professionnelle\/#primaryimage"},"datePublished":"2022-05-06T07:51:26+00:00","dateModified":"2023-07-24T18:09:07+00:00","description":"Un accompagnement en face \u00e0 face ou \u00e0 distance pour vous construire une image professionnelle juste et vous apporter assurance et l\u00e9gitimit\u00e9","breadcrumb":{"@id":"https:\/\/www.lauranovita.com\/lauranovita.com\/index.php\/construire-son-image-professionnelle\/#breadcrumb"},"inLanguage":"fr-FR","potentialAction":[{"@type":"ReadAction","target":["https:\/\/www.lauranovita.com\/lauranovita.com\/index.php\/construire-son-image-professionnelle\/"]}]},{"@type":"BreadcrumbList","@id":"https:\/\/www.lauranovita.com\/lauranovita.com\/index.php\/construire-son-image-professionnelle\/#breadcrumb","itemListElement":[{"@type":"ListItem","position":1,"name":"Accueil","item":"https:\/\/www.lauranovita.com\/lauranovita.com\/"},{"@type":"ListItem","position":2,"name":"Coaching en image professionnelle"}]}]}},"_links":{"self":[{"href":"https:\/\/www.lauranovita.com\/lauranovita.com\/index.php\/wp-json\/wp\/v2\/pages\/4075"}],"collection":[{"href":"https:\/\/www.lauranovita.com\/lauranovita.com\/index.php\/wp-json\/wp\/v2\/pages"}],"about":[{"href":"https:\/\/www.lauranovita.com\/lauranovita.com\/index.php\/wp-json\/wp\/v2\/types\/page"}],"author":[{"embeddable":true,"href":"https:\/\/www.lauranovita.com\/lauranovita.com\/index.php\/wp-json\/wp\/v2\/users\/1"}],"replies":[{"embeddable":true,"href":"https:\/\/www.lauranovita.com\/lauranovita.com\/index.php\/wp-json\/wp\/v2\/comments?post=4075"}],"version-history":[{"count":179,"href":"https:\/\/www.lauranovita.com\/lauranovita.com\/index.php\/wp-json\/wp\/v2\/pages\/4075\/revisions"}],"predecessor-version":[{"id":5239,"href":"https:\/\/www.lauranovita.com\/lauranovita.com\/index.php\/wp-json\/wp\/v2\/pages\/4075\/revisions\/5239"}],"wp:attachment":[{"href":"https:\/\/www.lauranovita.com\/lauranovita.com\/index.php\/wp-json\/wp\/v2\/media?parent=4075"}],"curies":[{"name":"wp","href":"https:\/\/api.w.org\/{rel}","templated":true}]}}