{"id":4515,"date":"2022-05-13T09:22:59","date_gmt":"2022-05-13T07:22:59","guid":{"rendered":"https:\/\/www.lauranovita.com\/lauranovita.com\/?page_id=4515"},"modified":"2022-06-28T14:05:25","modified_gmt":"2022-06-28T12:05:25","slug":"ateliers-sur-limage-de-soi","status":"publish","type":"page","link":"https:\/\/www.lauranovita.com\/lauranovita.com\/index.php\/ateliers-sur-limage-de-soi\/","title":{"rendered":"Ateliers sur l&rsquo;image de soi"},"content":{"rendered":"\n<h2 class=\"has-text-color\" style=\"color:#10069f;font-size:50px\">Ateliers sur l&rsquo;image de soi <\/h2>\n\n\n\n<h2 class=\"has-text-color\" style=\"color:#10069f;font-size:32px\"><strong><strong>Une bonne premi\u00e8re impression<\/strong><\/strong><\/h2>\n\n\n\n<div style=\"height:10px\" aria-hidden=\"true\" class=\"wp-block-spacer\"><\/div>\n\n\n\n<hr class=\"wp-block-separator\"\/>\n\n\n\n<p class=\"has-text-align-center has-medium-font-size\"><strong><span style=\"color:#fa6e16\" class=\"has-inline-color\">\u00ab\u00a0Vous n&rsquo;aurez jamais une deuxi\u00e8me chance de faire une bonne<br>premi\u00e8re impression.\u00a0\u00bb<\/span><\/strong><br><em><span class=\"has-inline-color has-black-color\">David Swanson<\/span><\/em><\/p>\n\n\n\n<hr class=\"wp-block-separator\"\/>\n\n\n\n<div class=\"wp-container-1 wp-block-group\"><div class=\"wp-block-group__inner-container\">\n<p class=\"has-text-align-left\">Notre image professionnelle peut \u00eatre un facteur de r\u00e9ussite ou un frein \u00e0 notre carri\u00e8re. D&rsquo;apr\u00e8s <a href=\"https:\/\/fr.wikipedia.org\/wiki\/Albert_Mehrabian#La_r%C3%A8gle_des_7_%_-_38_%_-_55_%\" target=\"_blank\" rel=\"noreferrer noopener\">Albert Mehrabian<\/a> pour convaincre, nous nous reposons \u00e0 93% sur notre image. Et ce pour deux raisons :<\/p>\n\n\n\n<ol><li><strong>Notre ressenti<\/strong>, <strong>une image bien construite nous apporte confiance et force<\/strong> <strong>int\u00e9rieur<\/strong>. Elle nous aide pour aller de l&rsquo;avant et communiquer avec nos interlocuteurs professionnels. <\/li><li><strong>Le regard des autres, une image bien construite nous rend cr\u00e9dible aux yeux de nos interlocuteurs<\/strong>. Elle apporte la l\u00e9gitimit\u00e9 donc nous avez besoin pour repr\u00e9senter notre fonction. C&rsquo;est le syndrome de la blouse blanche des m\u00e9decins.  <\/li><\/ol>\n<\/div><\/div>\n\n\n\n<div style=\"height:40px\" aria-hidden=\"true\" class=\"wp-block-spacer\"><\/div>\n\n\n\n<div class=\"wp-block-columns alignfull\">\n<div class=\"wp-block-column\">\n<figure class=\"wp-block-image size-large\"><img loading=\"lazy\" width=\"612\" height=\"408\" src=\"https:\/\/www.lauranovita.com\/lauranovita.com\/wp-content\/uploads\/2020\/03\/gettyimages-862718314-612x612-1.jpg\" alt=\"ateliers sur l'image de soi. Photo illustrant un entretien d'embauche\" class=\"wp-image-1246\" title=\"Conseil en communication ardennes, coaching, pr\u00e9paration au entretien d'embauche, image professionnelle, posture professionnelle, \" srcset=\"https:\/\/www.lauranovita.com\/lauranovita.com\/wp-content\/uploads\/2020\/03\/gettyimages-862718314-612x612-1.jpg 612w, https:\/\/www.lauranovita.com\/lauranovita.com\/wp-content\/uploads\/2020\/03\/gettyimages-862718314-612x612-1-300x200.jpg 300w, https:\/\/www.lauranovita.com\/lauranovita.com\/wp-content\/uploads\/2020\/03\/gettyimages-862718314-612x612-1-230x153.jpg 230w, https:\/\/www.lauranovita.com\/lauranovita.com\/wp-content\/uploads\/2020\/03\/gettyimages-862718314-612x612-1-350x233.jpg 350w, https:\/\/www.lauranovita.com\/lauranovita.com\/wp-content\/uploads\/2020\/03\/gettyimages-862718314-612x612-1-480x320.jpg 480w\" sizes=\"(max-width: 612px) 100vw, 612px\" \/><\/figure>\n<\/div>\n\n\n\n<div class=\"wp-block-column is-vertically-aligned-center\">\n<blockquote class=\"wp-block-quote is-style-default\"><p><em>A comp\u00e9tences et qualifications \u00e9gales, <\/em>82% des recruteurs prennent en compte le look et la fa\u00e7on de se pr\u00e9senter pour faire leur choix. <\/p><cite> <em>Source : enqu\u00eate men\u00e9e par la Sofres<\/em><\/cite><\/blockquote>\n\n\n\n<p><\/p>\n<\/div>\n<\/div>\n\n\n\n<p class=\"has-text-color\" style=\"color:#5d5d5d\"><strong>Le look, les attitudes, le regard ont toujours compt\u00e9 dans l&rsquo;impression que l&rsquo;on se fait d&rsquo;une personne<\/strong>. C&rsquo;est aussi le cas lors d&rsquo;un entretien d&#8217;embauche. <strong>Les recruteurs cherchent \u00e0 connaitre <\/strong>notre parcours mais surtout <strong>notre personnalit\u00e9<\/strong>. Et, notre apparence est la premi\u00e8re chose qu&rsquo;ils vont observer de mani\u00e8re plus ou moins consciente. <\/p>\n\n\n\n<p class=\"has-text-color\" style=\"color:#5d5d5d\">Si notre image est importante pour les recruteurs, elle l&rsquo;est aussi pour les candidat(e)s. <strong>L\u2019image de soi <\/strong>est fondamentale pour son&nbsp;<strong>estime personnelle<\/strong>&nbsp;et&nbsp;<strong>la confiance en soi<\/strong>. Elle est interconnect\u00e9e <strong>\u00e0 l&rsquo;image per\u00e7ue par le public<\/strong>, en travaillant l&rsquo;une on agit sur l&rsquo;autre. C&rsquo;est la raison pour laquelle le <strong>Conseil en Image est un outil formidable pour r\u00e9ussir son insertion professionnelle.<\/strong> En permettant aux candidat(e)s de poser un <strong>regard bienveillant sur eux m\u00eame<\/strong>, ils seront en mesure d&rsquo;am\u00e9liorer leur apparence et leur niveau de confiance en eux. Ce regard positif parfois nouveau est porteur de r\u00e9ussite, il g\u00e9n\u00e8re un changement visible.<\/p>\n\n\n\n<p class=\"has-text-color\" style=\"color:#ffffff;font-size:8px\">dfsdf<\/p>\n\n\n\n<div class=\"wp-block-columns\">\n<div class=\"wp-block-column\">\n<p class=\"has-text-align-center has-text-color has-medium-font-size\" style=\"color:#fa6e16\"><strong>Vous \u00eates une \u00e9cole, une agence int\u00e9rimaire, vous travaillez dans le domaine de l&rsquo;insertion&nbsp;professionnelle<\/strong> <strong>et les ateliers sur l&rsquo;image de soi vous int\u00e9ressent ?<\/strong><\/p>\n\n\n\n<div style=\"height:10px\" aria-hidden=\"true\" class=\"wp-block-spacer\"><\/div>\n\n\n\n<p class=\"has-text-color\" style=\"color:#10069f\"><strong>Les th\u00e9matiques abord\u00e9es : <\/strong>Les codes <strong>vestimentaires en entreprise<\/strong>. La <strong>communication non-verbale<\/strong> appropri\u00e9e lors d&rsquo;un entretien d&#8217;embauche. Les techniques  de <strong>gestion du stress<\/strong>. Le langage de la couleur. <strong>Cultiver sa diff\u00e9rence pour se d\u00e9marquer<\/strong>. Mettre en valeur sa silhouette. <\/p>\n\n\n\n<p class=\"has-text-align-center has-text-color\" style=\"color:#10069f\"><\/p>\n<\/div>\n\n\n\n<div class=\"wp-block-column\">\n<div style=\"height:32px\" aria-hidden=\"true\" class=\"wp-block-spacer\"><\/div>\n\n\n\n<div class=\"wp-block-columns\">\n<div class=\"wp-block-column\" style=\"flex-basis:33.33%\"><\/div>\n\n\n\n<div class=\"wp-block-column is-vertically-aligned-center\" style=\"flex-basis:66.66%\">\n<div class=\"wp-container-2 wp-block-buttons\">\n<div class=\"wp-block-button\"><a class=\"wp-block-button__link has-background\" style=\"background-color:#10069f\">DEMANDEZ UN DEVIS<\/a><\/div>\n<\/div>\n<\/div>\n<\/div>\n\n\n\n<div style=\"height:20px\" aria-hidden=\"true\" class=\"wp-block-spacer\"><\/div>\n\n\n\n<p class=\"has-text-color\" style=\"color:#10069f\"><strong>Les objectifs<\/strong> pour les participants : Renforcer la <strong>confiance en soi<\/strong> des participant(e)s. Les aiguiller dans le choix de leurs tenues.  Leur donner les clefs pour faire de <strong>leur image et de leur communication non-verbale un v\u00e9ritable atout pour convaincre les recruteurs<\/strong>. <\/p>\n\n\n\n<p class=\"has-text-color\" style=\"color:#ffffff;font-size:5px\">fdfs<\/p>\n<\/div>\n<\/div>\n\n\n\n<hr class=\"wp-block-separator\"\/>\n\n\n\n<h2 class=\"has-text-color\" style=\"color:#10069f;font-size:32px\"><strong>Les ateliers team-building<\/strong><\/h2>\n\n\n\n<p class=\"has-text-color\" style=\"color:#5d5d5d\"><strong>Le Conseil en Image est \u00e9galement un moment d&rsquo;\u00e9change et de partage<\/strong> s&rsquo;il est abord\u00e9 en groupe dans <strong>une ambiance dynamique et bienveillante<\/strong>. C&rsquo;est aussi l\u2019occasion de <strong>resserrer les liens d&rsquo;une \u00e9quipe<\/strong>, les participants se livrent autrement et apprennent \u00e0 se connaitre diff\u00e9remment.<\/p>\n\n\n\n<h3 class=\"has-text-color has-medium-font-size\" style=\"color:#10069f\"><strong><span style=\"text-decoration: underline;\"><strong>Quelques id\u00e9es de th\u00e8me<\/strong><\/span><\/strong><\/h3>\n\n\n\n<p><\/p>\n\n\n\n<div class=\"wp-block-columns\">\n<div class=\"wp-block-column\">\n<p><strong>Apprivoiser la couleur<\/strong> (Homme-Femme) :  <em>Communiquer avec la couleur. Mettre en valeur son visage. Cr\u00e9er des associations harmonieuses<\/em>.<\/p>\n\n\n\n<p class=\"has-text-color\" style=\"color:#ffffff;font-size:6px\">dfdd<\/p>\n\n\n\n<p><strong>Morphologie et style vestimentaire<\/strong> (Homme-Femme) :  <em>D\u00e9couvrir sa morphologie et recevoir des conseils sur les coupes de v\u00eatement. D\u00e9couvrir les diff\u00e9rents style<\/em>s vestimentaires. <\/p>\n<\/div>\n\n\n\n<div class=\"wp-block-column\">\n<p><strong>Les accessoires<\/strong> (Homme-Femme) : <em>D\u00e9couvrir le langage des accessoires. Savoir les associer. Identifier ceux qui correspondent \u00e0 sa morphologie. <\/em> <\/p>\n\n\n\n<p><strong>Cours d&rsquo;auto-maquillage<\/strong> (Femme) : <em>Percez les secrets d\u2019un maquillage r\u00e9ussi.\u00a0Apprendre \u00e0 se maquiller en 10 min. Cr\u00e9er un maquillage naturel qui donne bonne mine. L\u2019atelier est r\u00e9alis\u00e9 avec la gamme de maquillage\u00a0<strong>pro &amp; bio\u00a0<\/strong>miss W.<\/em><\/p>\n<\/div>\n<\/div>\n\n\n\n<p><\/p>\n\n\n\n<div class=\"wp-block-columns\">\n<div class=\"wp-block-column\" style=\"flex-basis:66.66%\">\n<p class=\"has-text-color has-medium-font-size\" style=\"color:#fa6e16\"><strong>Les ateliers propos\u00e9s sont enti\u00e8rement personnalis\u00e9s. Ils s&rsquo;adaptent aux besoins sp\u00e9cifiques de l&rsquo;entreprise, \u00e0 ses contraintes, et \u00e0 ses valeurs.<\/strong><\/p>\n<\/div>\n\n\n\n<div class=\"wp-block-column\" style=\"flex-basis:33.33%\">\n<div class=\"wp-container-3 wp-block-buttons\">\n<div class=\"wp-block-button\"><a class=\"wp-block-button__link has-background\" href=\"https:\/\/www.lauranovita.com\/lauranovita.com\/index.php\/contact\/\" style=\"background-color:#10069f\">DEMANDER UN DEVIS<\/a><\/div>\n<\/div>\n<\/div>\n<\/div>\n\n\n\n<div style=\"height:10px\" aria-hidden=\"true\" class=\"wp-block-spacer\"><\/div>\n\n\n<div class=\"yoast-breadcrumbs\"><span><span><a href=\"https:\/\/www.lauranovita.com\/lauranovita.com\/\">Accueil<\/a> &raquo; <span class=\"breadcrumb_last\" aria-current=\"page\">Ateliers sur l&rsquo;image de soi<\/span><\/span><\/span><\/div>","protected":false},"excerpt":{"rendered":"<p>Ateliers sur l&rsquo;image de soi Une bonne premi\u00e8re impression \u00ab\u00a0Vous n&rsquo;aurez jamais une deuxi\u00e8me chance de faire [&hellip;]<\/p>\n","protected":false},"author":1,"featured_media":0,"parent":0,"menu_order":0,"comment_status":"closed","ping_status":"closed","template":"page-templates\/page_fullwidth.php","meta":[],"yoast_head":"<!-- This site is optimized with the Yoast SEO plugin v18.4.1 - https:\/\/yoast.com\/wordpress\/plugins\/seo\/ -->\n<title>Ateliers sur l&#039;image de soi<\/title>\n<meta name=\"description\" content=\"Les ateliers sur l&#039;image de soi sont con\u00e7us pour vous aider \u00e0 faire de votre image professionnelle un facteur de r\u00e9ussite.\" \/>\n<meta name=\"robots\" content=\"index, follow, max-snippet:-1, max-image-preview:large, max-video-preview:-1\" \/>\n<link rel=\"canonical\" href=\"https:\/\/www.lauranovita.com\/lauranovita.com\/index.php\/ateliers-sur-limage-de-soi\/\" \/>\n<meta property=\"og:locale\" content=\"fr_FR\" \/>\n<meta property=\"og:type\" content=\"article\" \/>\n<meta property=\"og:title\" content=\"Ateliers sur l&#039;image de soi\" \/>\n<meta property=\"og:description\" content=\"Les ateliers sur l&#039;image de soi sont con\u00e7us pour vous aider \u00e0 faire de votre image professionnelle un facteur de r\u00e9ussite.\" \/>\n<meta property=\"og:url\" content=\"https:\/\/www.lauranovita.com\/lauranovita.com\/index.php\/ateliers-sur-limage-de-soi\/\" \/>\n<meta property=\"og:site_name\" content=\"Laura Novita - Conseil en Image et Communication 08\" \/>\n<meta property=\"article:modified_time\" content=\"2022-06-28T12:05:25+00:00\" \/>\n<meta property=\"og:image\" content=\"https:\/\/www.lauranovita.com\/lauranovita.com\/wp-content\/uploads\/2020\/03\/gettyimages-862718314-612x612-1.jpg\" \/>\n<meta name=\"twitter:card\" content=\"summary_large_image\" \/>\n<meta name=\"twitter:label1\" content=\"Dur\u00e9e de lecture estim\u00e9e\" \/>\n\t<meta name=\"twitter:data1\" content=\"4 minutes\" \/>\n<script type=\"application\/ld+json\" class=\"yoast-schema-graph\">{\"@context\":\"https:\/\/schema.org\",\"@graph\":[{\"@type\":\"WebSite\",\"@id\":\"https:\/\/www.lauranovita.com\/lauranovita.com\/#website\",\"url\":\"https:\/\/www.lauranovita.com\/lauranovita.com\/\",\"name\":\"Laura Novita - Conseil en Image et Communication 08\",\"description\":\"Osez \u00eatre vous\",\"potentialAction\":[{\"@type\":\"SearchAction\",\"target\":{\"@type\":\"EntryPoint\",\"urlTemplate\":\"https:\/\/www.lauranovita.com\/lauranovita.com\/?s={search_term_string}\"},\"query-input\":\"required name=search_term_string\"}],\"inLanguage\":\"fr-FR\"},{\"@type\":\"ImageObject\",\"@id\":\"https:\/\/www.lauranovita.com\/lauranovita.com\/index.php\/ateliers-sur-limage-de-soi\/#primaryimage\",\"inLanguage\":\"fr-FR\",\"url\":\"https:\/\/www.lauranovita.com\/lauranovita.com\/wp-content\/uploads\/2020\/03\/gettyimages-862718314-612x612-1.jpg\",\"contentUrl\":\"https:\/\/www.lauranovita.com\/lauranovita.com\/wp-content\/uploads\/2020\/03\/gettyimages-862718314-612x612-1.jpg\",\"width\":612,\"height\":408,\"caption\":\"Five candidates waiting for job interviews, front view, crop\"},{\"@type\":\"WebPage\",\"@id\":\"https:\/\/www.lauranovita.com\/lauranovita.com\/index.php\/ateliers-sur-limage-de-soi\/#webpage\",\"url\":\"https:\/\/www.lauranovita.com\/lauranovita.com\/index.php\/ateliers-sur-limage-de-soi\/\",\"name\":\"Ateliers sur l'image de soi\",\"isPartOf\":{\"@id\":\"https:\/\/www.lauranovita.com\/lauranovita.com\/#website\"},\"primaryImageOfPage\":{\"@id\":\"https:\/\/www.lauranovita.com\/lauranovita.com\/index.php\/ateliers-sur-limage-de-soi\/#primaryimage\"},\"datePublished\":\"2022-05-13T07:22:59+00:00\",\"dateModified\":\"2022-06-28T12:05:25+00:00\",\"description\":\"Les ateliers sur l'image de soi sont con\u00e7us pour vous aider \u00e0 faire de votre image professionnelle un facteur de r\u00e9ussite.\",\"breadcrumb\":{\"@id\":\"https:\/\/www.lauranovita.com\/lauranovita.com\/index.php\/ateliers-sur-limage-de-soi\/#breadcrumb\"},\"inLanguage\":\"fr-FR\",\"potentialAction\":[{\"@type\":\"ReadAction\",\"target\":[\"https:\/\/www.lauranovita.com\/lauranovita.com\/index.php\/ateliers-sur-limage-de-soi\/\"]}]},{\"@type\":\"BreadcrumbList\",\"@id\":\"https:\/\/www.lauranovita.com\/lauranovita.com\/index.php\/ateliers-sur-limage-de-soi\/#breadcrumb\",\"itemListElement\":[{\"@type\":\"ListItem\",\"position\":1,\"name\":\"Accueil\",\"item\":\"https:\/\/www.lauranovita.com\/lauranovita.com\/\"},{\"@type\":\"ListItem\",\"position\":2,\"name\":\"Ateliers sur l&rsquo;image de soi\"}]}]}<\/script>\n<!-- \/ Yoast SEO plugin. -->","yoast_head_json":{"title":"Ateliers sur l'image de soi","description":"Les ateliers sur l'image de soi sont con\u00e7us pour vous aider \u00e0 faire de votre image professionnelle un facteur de r\u00e9ussite.","robots":{"index":"index","follow":"follow","max-snippet":"max-snippet:-1","max-image-preview":"max-image-preview:large","max-video-preview":"max-video-preview:-1"},"canonical":"https:\/\/www.lauranovita.com\/lauranovita.com\/index.php\/ateliers-sur-limage-de-soi\/","og_locale":"fr_FR","og_type":"article","og_title":"Ateliers sur l'image de soi","og_description":"Les ateliers sur l'image de soi sont con\u00e7us pour vous aider \u00e0 faire de votre image professionnelle un facteur de r\u00e9ussite.","og_url":"https:\/\/www.lauranovita.com\/lauranovita.com\/index.php\/ateliers-sur-limage-de-soi\/","og_site_name":"Laura Novita - Conseil en Image et Communication 08","article_modified_time":"2022-06-28T12:05:25+00:00","og_image":[{"url":"https:\/\/www.lauranovita.com\/lauranovita.com\/wp-content\/uploads\/2020\/03\/gettyimages-862718314-612x612-1.jpg"}],"twitter_card":"summary_large_image","twitter_misc":{"Dur\u00e9e de lecture estim\u00e9e":"4 minutes"},"schema":{"@context":"https:\/\/schema.org","@graph":[{"@type":"WebSite","@id":"https:\/\/www.lauranovita.com\/lauranovita.com\/#website","url":"https:\/\/www.lauranovita.com\/lauranovita.com\/","name":"Laura Novita - Conseil en Image et Communication 08","description":"Osez \u00eatre vous","potentialAction":[{"@type":"SearchAction","target":{"@type":"EntryPoint","urlTemplate":"https:\/\/www.lauranovita.com\/lauranovita.com\/?s={search_term_string}"},"query-input":"required name=search_term_string"}],"inLanguage":"fr-FR"},{"@type":"ImageObject","@id":"https:\/\/www.lauranovita.com\/lauranovita.com\/index.php\/ateliers-sur-limage-de-soi\/#primaryimage","inLanguage":"fr-FR","url":"https:\/\/www.lauranovita.com\/lauranovita.com\/wp-content\/uploads\/2020\/03\/gettyimages-862718314-612x612-1.jpg","contentUrl":"https:\/\/www.lauranovita.com\/lauranovita.com\/wp-content\/uploads\/2020\/03\/gettyimages-862718314-612x612-1.jpg","width":612,"height":408,"caption":"Five candidates waiting for job interviews, front view, crop"},{"@type":"WebPage","@id":"https:\/\/www.lauranovita.com\/lauranovita.com\/index.php\/ateliers-sur-limage-de-soi\/#webpage","url":"https:\/\/www.lauranovita.com\/lauranovita.com\/index.php\/ateliers-sur-limage-de-soi\/","name":"Ateliers sur l'image de soi","isPartOf":{"@id":"https:\/\/www.lauranovita.com\/lauranovita.com\/#website"},"primaryImageOfPage":{"@id":"https:\/\/www.lauranovita.com\/lauranovita.com\/index.php\/ateliers-sur-limage-de-soi\/#primaryimage"},"datePublished":"2022-05-13T07:22:59+00:00","dateModified":"2022-06-28T12:05:25+00:00","description":"Les ateliers sur l'image de soi sont con\u00e7us pour vous aider \u00e0 faire de votre image professionnelle un facteur de r\u00e9ussite.","breadcrumb":{"@id":"https:\/\/www.lauranovita.com\/lauranovita.com\/index.php\/ateliers-sur-limage-de-soi\/#breadcrumb"},"inLanguage":"fr-FR","potentialAction":[{"@type":"ReadAction","target":["https:\/\/www.lauranovita.com\/lauranovita.com\/index.php\/ateliers-sur-limage-de-soi\/"]}]},{"@type":"BreadcrumbList","@id":"https:\/\/www.lauranovita.com\/lauranovita.com\/index.php\/ateliers-sur-limage-de-soi\/#breadcrumb","itemListElement":[{"@type":"ListItem","position":1,"name":"Accueil","item":"https:\/\/www.lauranovita.com\/lauranovita.com\/"},{"@type":"ListItem","position":2,"name":"Ateliers sur l&rsquo;image de soi"}]}]}},"_links":{"self":[{"href":"https:\/\/www.lauranovita.com\/lauranovita.com\/index.php\/wp-json\/wp\/v2\/pages\/4515"}],"collection":[{"href":"https:\/\/www.lauranovita.com\/lauranovita.com\/index.php\/wp-json\/wp\/v2\/pages"}],"about":[{"href":"https:\/\/www.lauranovita.com\/lauranovita.com\/index.php\/wp-json\/wp\/v2\/types\/page"}],"author":[{"embeddable":true,"href":"https:\/\/www.lauranovita.com\/lauranovita.com\/index.php\/wp-json\/wp\/v2\/users\/1"}],"replies":[{"embeddable":true,"href":"https:\/\/www.lauranovita.com\/lauranovita.com\/index.php\/wp-json\/wp\/v2\/comments?post=4515"}],"version-history":[{"count":113,"href":"https:\/\/www.lauranovita.com\/lauranovita.com\/index.php\/wp-json\/wp\/v2\/pages\/4515\/revisions"}],"predecessor-version":[{"id":5141,"href":"https:\/\/www.lauranovita.com\/lauranovita.com\/index.php\/wp-json\/wp\/v2\/pages\/4515\/revisions\/5141"}],"wp:attachment":[{"href":"https:\/\/www.lauranovita.com\/lauranovita.com\/index.php\/wp-json\/wp\/v2\/media?parent=4515"}],"curies":[{"name":"wp","href":"https:\/\/api.w.org\/{rel}","templated":true}]}}