{"id":4647,"date":"2022-07-04T13:20:38","date_gmt":"2022-07-04T11:20:38","guid":{"rendered":"https:\/\/www.lauranovita.com\/lauranovita.com\/?page_id=4647"},"modified":"2022-07-04T13:23:08","modified_gmt":"2022-07-04T11:23:08","slug":"etre-a-laise-en-public","status":"publish","type":"page","link":"https:\/\/www.lauranovita.com\/lauranovita.com\/index.php\/etre-a-laise-en-public\/","title":{"rendered":"Etre \u00e0 l&rsquo;aise en public"},"content":{"rendered":"\n<div class=\"wp-block-cover alignfull has-custom-content-position is-position-top-left\"><span aria-hidden=\"true\" class=\"has-background-dim-30 wp-block-cover__gradient-background has-midnight-gradient-background has-background-dim has-background-gradient\"><\/span><img loading=\"lazy\" width=\"1024\" height=\"1024\" class=\"wp-block-cover__image-background wp-image-4652\" alt=\"Programme n\u00b04 : \u00eatre \u00e0 l'aise en public\nAssurance \/ S\u00e9r\u00e9nit\u00e9 \/ Authenticit\u00e9\" src=\"https:\/\/www.lauranovita.com\/lauranovita.com\/wp-content\/uploads\/2022\/05\/photo-site-internet-16.png\" style=\"object-position:78% 29%\" data-object-fit=\"cover\" data-object-position=\"78% 29%\" srcset=\"https:\/\/www.lauranovita.com\/lauranovita.com\/wp-content\/uploads\/2022\/05\/photo-site-internet-16.png 1024w, https:\/\/www.lauranovita.com\/lauranovita.com\/wp-content\/uploads\/2022\/05\/photo-site-internet-16-300x300.png 300w, https:\/\/www.lauranovita.com\/lauranovita.com\/wp-content\/uploads\/2022\/05\/photo-site-internet-16-150x150.png 150w, https:\/\/www.lauranovita.com\/lauranovita.com\/wp-content\/uploads\/2022\/05\/photo-site-internet-16-768x768.png 768w, https:\/\/www.lauranovita.com\/lauranovita.com\/wp-content\/uploads\/2022\/05\/photo-site-internet-16-920x920.png 920w, https:\/\/www.lauranovita.com\/lauranovita.com\/wp-content\/uploads\/2022\/05\/photo-site-internet-16-230x230.png 230w, https:\/\/www.lauranovita.com\/lauranovita.com\/wp-content\/uploads\/2022\/05\/photo-site-internet-16-350x350.png 350w, https:\/\/www.lauranovita.com\/lauranovita.com\/wp-content\/uploads\/2022\/05\/photo-site-internet-16-480x480.png 480w\" sizes=\"(max-width: 1024px) 100vw, 1024px\" \/><div class=\"wp-block-cover__inner-container\">\n<h2 style=\"font-size:30px\"><em><mark style=\"background-color:rgba(0, 0, 0, 0);color:#fa6a06\" class=\"has-inline-color\">P<\/mark>rogramme n\u00b04 : \u00eatre \u00e0 l&rsquo;aise en public<\/em><\/h2>\n\n\n\n<p><strong>Assurance \/ S\u00e9r\u00e9nit\u00e9 \/ Authenticit\u00e9<\/strong><\/p>\n<\/div><\/div>\n\n\n\n<div style=\"height:40px\" aria-hidden=\"true\" class=\"wp-block-spacer\"><\/div>\n\n\n\n<hr class=\"wp-block-separator\"\/>\n\n\n\n<p class=\"has-text-align-center has-text-color has-medium-font-size\" style=\"color:#fa6e16\"><em><strong> \u00ab\u00a0Apprendre \u00e0 parler en public est le moyen naturel de surmonter la timidit\u00e9 et de d\u00e9velopper courage et confiance en soi.\u00a0\u00bb \u00ab\u00a0Il est impossible de pr\u00e9voir o\u00f9 l&rsquo;aptitude \u00e0 parler en public vous conduira.\u00a0\u00bb <\/strong><\/em><\/p>\n\n\n\n<p class=\"has-text-align-center has-text-color\" style=\"color:#fa6e16\"><em><span style=\"color:#0071a1\" class=\"has-inline-color\">Dale Carnegie<\/span><\/em><\/p>\n\n\n\n<hr class=\"wp-block-separator\"\/>\n\n\n\n<div style=\"height:60px\" aria-hidden=\"true\" class=\"wp-block-spacer\"><\/div>\n\n\n\n<div class=\"wp-block-columns\">\n<div class=\"wp-block-column\">\n<div class=\"wp-block-cover is-light has-custom-content-position is-position-bottom-center\"><span aria-hidden=\"true\" class=\"has-black-background-color wp-block-cover__gradient-background has-background-dim\"><\/span><img loading=\"lazy\" width=\"1024\" height=\"1024\" class=\"wp-block-cover__image-background wp-image-4657\" alt=\"Vous sentez que vos prises de parole en public manquent de punch et vous voudriez \u00eatre plus percutant-e ?\" src=\"https:\/\/www.lauranovita.com\/lauranovita.com\/wp-content\/uploads\/2022\/05\/photo-site-internet-12-1.png\" data-object-fit=\"cover\" srcset=\"https:\/\/www.lauranovita.com\/lauranovita.com\/wp-content\/uploads\/2022\/05\/photo-site-internet-12-1.png 1024w, https:\/\/www.lauranovita.com\/lauranovita.com\/wp-content\/uploads\/2022\/05\/photo-site-internet-12-1-300x300.png 300w, https:\/\/www.lauranovita.com\/lauranovita.com\/wp-content\/uploads\/2022\/05\/photo-site-internet-12-1-150x150.png 150w, https:\/\/www.lauranovita.com\/lauranovita.com\/wp-content\/uploads\/2022\/05\/photo-site-internet-12-1-768x768.png 768w, https:\/\/www.lauranovita.com\/lauranovita.com\/wp-content\/uploads\/2022\/05\/photo-site-internet-12-1-920x920.png 920w, https:\/\/www.lauranovita.com\/lauranovita.com\/wp-content\/uploads\/2022\/05\/photo-site-internet-12-1-230x230.png 230w, https:\/\/www.lauranovita.com\/lauranovita.com\/wp-content\/uploads\/2022\/05\/photo-site-internet-12-1-350x350.png 350w, https:\/\/www.lauranovita.com\/lauranovita.com\/wp-content\/uploads\/2022\/05\/photo-site-internet-12-1-480x480.png 480w\" sizes=\"(max-width: 1024px) 100vw, 1024px\" \/><div class=\"wp-block-cover__inner-container\">\n<p class=\"has-text-align-center has-white-color has-text-color has-medium-font-size\">Vous sentez que vos prises de parole manquent de punch et vous voudriez \u00eatre plus percutant-e ?<\/p>\n<\/div><\/div>\n<\/div>\n\n\n\n<div class=\"wp-block-column\">\n<div class=\"wp-block-cover has-custom-content-position is-position-bottom-center\"><span aria-hidden=\"true\" class=\"has-black-background-color wp-block-cover__gradient-background has-background-dim\"><\/span><img class=\"wp-block-cover__image-background wp-image-4658\" alt=\"Vous \u00eates ind\u00e9pendant-e et vous manquez d'assurance face \u00e0 vos clients ?\" src=\"https:\/\/www.lauranovita.com\/lauranovita.com\/wp-content\/uploads\/2022\/05\/pexels-mentatdgt-1311547-3.jpg\" style=\"object-position:60% 67%\" data-object-fit=\"cover\" data-object-position=\"60% 67%\"\/><div class=\"wp-block-cover__inner-container\">\n<p class=\"has-text-align-center has-medium-font-size\">Vous \u00eates ind\u00e9pendant-e et vous manquez d&rsquo;assurance face \u00e0 vos clients ?<\/p>\n<\/div><\/div>\n<\/div>\n\n\n\n<div class=\"wp-block-column\">\n<div class=\"wp-block-cover is-light has-custom-content-position is-position-bottom-center\"><span aria-hidden=\"true\" class=\"has-black-background-color wp-block-cover__gradient-background has-background-dim\"><\/span><img loading=\"lazy\" width=\"2560\" height=\"1706\" class=\"wp-block-cover__image-background wp-image-5051\" alt=\"Vos nouvelles responsabilit\u00e9s vous imposent d'animer des r\u00e9unions et vous avez besoin d'un petit coup de pouce pour les rendre dynamiques ?\" src=\"https:\/\/www.lauranovita.com\/lauranovita.com\/wp-content\/uploads\/2022\/06\/businessman-uses-calculator-2-scaled.jpg\" style=\"object-position:50% 49%\" data-object-fit=\"cover\" data-object-position=\"50% 49%\" srcset=\"https:\/\/www.lauranovita.com\/lauranovita.com\/wp-content\/uploads\/2022\/06\/businessman-uses-calculator-2-scaled.jpg 2560w, https:\/\/www.lauranovita.com\/lauranovita.com\/wp-content\/uploads\/2022\/06\/businessman-uses-calculator-2-300x200.jpg 300w, https:\/\/www.lauranovita.com\/lauranovita.com\/wp-content\/uploads\/2022\/06\/businessman-uses-calculator-2-1024x683.jpg 1024w, https:\/\/www.lauranovita.com\/lauranovita.com\/wp-content\/uploads\/2022\/06\/businessman-uses-calculator-2-768x512.jpg 768w, https:\/\/www.lauranovita.com\/lauranovita.com\/wp-content\/uploads\/2022\/06\/businessman-uses-calculator-2-1536x1024.jpg 1536w, https:\/\/www.lauranovita.com\/lauranovita.com\/wp-content\/uploads\/2022\/06\/businessman-uses-calculator-2-2048x1365.jpg 2048w, https:\/\/www.lauranovita.com\/lauranovita.com\/wp-content\/uploads\/2022\/06\/businessman-uses-calculator-2-920x613.jpg 920w, https:\/\/www.lauranovita.com\/lauranovita.com\/wp-content\/uploads\/2022\/06\/businessman-uses-calculator-2-230x153.jpg 230w, https:\/\/www.lauranovita.com\/lauranovita.com\/wp-content\/uploads\/2022\/06\/businessman-uses-calculator-2-350x233.jpg 350w, https:\/\/www.lauranovita.com\/lauranovita.com\/wp-content\/uploads\/2022\/06\/businessman-uses-calculator-2-480x320.jpg 480w\" sizes=\"(max-width: 2560px) 100vw, 2560px\" \/><div class=\"wp-block-cover__inner-container\">\n<p class=\"has-text-align-center has-white-color has-text-color has-medium-font-size\">Vos nouvelles responsabilit\u00e9s vous imposent d&rsquo;animer des r\u00e9unions et vous avez besoin d&rsquo;un petit coup de pouce pour les rendre dynamiques ?<\/p>\n<\/div><\/div>\n<\/div>\n<\/div>\n\n\n\n<div style=\"height:60px\" aria-hidden=\"true\" class=\"wp-block-spacer\"><\/div>\n\n\n\n<p class=\"has-text-color has-medium-font-size\" style=\"color:#10069f\"><strong>Parler en public, captiver, convaincre ses interlocuteurs<\/strong> <strong>est un exercice difficile pour tout le monde, du moins au d\u00e9but&#8230;<\/strong> l&rsquo;essentiel est de s\u2019exercer avec les bons outils ! <a href=\"https:\/\/www.lauranovita.com\/lauranovita.com\/index.php\/2021\/04\/06\/prise-de-parole-en-public\/\" target=\"_blank\" rel=\"noreferrer noopener\"><em>Comment r\u00e9ussir ses prises de paroles<\/em><\/a> <em><a href=\"https:\/\/www.lauranovita.com\/lauranovita.com\/index.php\/2021\/09\/16\/le-pourvoir-des-mots\/\" target=\"_blank\" rel=\"noreferrer noopener\">Le pouvoir des mots<\/a><\/em><\/p>\n\n\n\n<p class=\"has-text-color has-medium-font-size\" style=\"color:#10069f\">Ce programme d&rsquo;accompagnement est <strong>enti\u00e8rement personnalis\u00e9 en fonction de vos sp\u00e9cificit\u00e9s.<\/strong> Vous d\u00e9finissez vos objectifs et nous travaillons ensemble pour les atteindre. Ce programme a \u00e9t\u00e9 \u00e9labor\u00e9 pour vous permettre <strong>en 2 \u00e0 3 mois<\/strong> de <strong>d\u00e9passer vos craintes<\/strong> et <strong>\u00eatre \u00e0 l&rsquo;aise<\/strong> en public.<\/p>\n\n\n\n<div style=\"height:30px\" aria-hidden=\"true\" class=\"wp-block-spacer\"><\/div>\n\n\n\n<div class=\"wp-block-columns\">\n<div class=\"wp-block-column\">\n<div style=\"height:117px\" aria-hidden=\"true\" class=\"wp-block-spacer\"><\/div>\n\n\n\n<p class=\"has-text-align-center has-text-color\" style=\"color:#10069f;font-size:19px\"><strong><strong>S&rsquo;offrir un accompagnement en communication c\u2019est s&rsquo;autoriser \u00e0 d\u00e9passer ses limites et c\u2019est aussi s\u2019autoriser \u00e0 re-connaitre sa valeur.<\/strong><\/strong><\/p>\n\n\n\n<div style=\"height:79px\" aria-hidden=\"true\" class=\"wp-block-spacer\"><\/div>\n\n\n\n<p>En travaillant sur votre communication verbale et non-verbale vous d\u00e9couvrirez peut-\u00eatre en vous des facettes \u00e0 explorer&#8230;<\/p>\n\n\n\n<p>Cet accompagnement est con\u00e7u pour vous permettre de vous affirmer. Pas \u00e0 pas, vous vous exprimerez avec <strong>plus d&rsquo;assurance et de s\u00e9r\u00e9nit\u00e9<\/strong>.<\/p>\n<\/div>\n\n\n\n<div class=\"wp-block-column\">\n<figure class=\"wp-block-image size-large\"><img loading=\"lazy\" width=\"724\" height=\"1024\" src=\"https:\/\/www.lauranovita.com\/lauranovita.com\/wp-content\/uploads\/2022\/07\/Programme-N3-724x1024.png\" alt=\"D\u00e9roulement de l'accompagnement pour \u00eatre \u00e0 l'aise en public\" class=\"wp-image-5163\" srcset=\"https:\/\/www.lauranovita.com\/lauranovita.com\/wp-content\/uploads\/2022\/07\/Programme-N3-724x1024.png 724w, https:\/\/www.lauranovita.com\/lauranovita.com\/wp-content\/uploads\/2022\/07\/Programme-N3-212x300.png 212w, https:\/\/www.lauranovita.com\/lauranovita.com\/wp-content\/uploads\/2022\/07\/Programme-N3-768x1086.png 768w, https:\/\/www.lauranovita.com\/lauranovita.com\/wp-content\/uploads\/2022\/07\/Programme-N3-1086x1536.png 1086w, https:\/\/www.lauranovita.com\/lauranovita.com\/wp-content\/uploads\/2022\/07\/Programme-N3-920x1301.png 920w, https:\/\/www.lauranovita.com\/lauranovita.com\/wp-content\/uploads\/2022\/07\/Programme-N3-230x325.png 230w, https:\/\/www.lauranovita.com\/lauranovita.com\/wp-content\/uploads\/2022\/07\/Programme-N3-350x495.png 350w, https:\/\/www.lauranovita.com\/lauranovita.com\/wp-content\/uploads\/2022\/07\/Programme-N3-480x679.png 480w, https:\/\/www.lauranovita.com\/lauranovita.com\/wp-content\/uploads\/2022\/07\/Programme-N3.png 1414w\" sizes=\"(max-width: 724px) 100vw, 724px\" \/><\/figure>\n<\/div>\n<\/div>\n\n\n\n<div style=\"height:10px\" aria-hidden=\"true\" class=\"wp-block-spacer\"><\/div>\n\n\n\n<hr class=\"wp-block-separator\"\/>\n\n\n\n<div style=\"height:10px\" aria-hidden=\"true\" class=\"wp-block-spacer\"><\/div>\n\n\n\n<div class=\"wp-block-columns\">\n<div class=\"wp-block-column\" style=\"flex-basis:100%\"><div class=\"wpforms-container wpforms-container-full wpforms-block\" id=\"wpforms-4494\"><form id=\"wpforms-form-4494\" class=\"wpforms-validate wpforms-form wpforms-ajax-form\" data-formid=\"4494\" method=\"post\" enctype=\"multipart\/form-data\" action=\"\/lauranovita.com\/index.php\/wp-json\/wp\/v2\/pages\/4647\" data-token=\"81938be3e82ae43702731f078c89d62d\"><noscript class=\"wpforms-error-noscript\">Veuillez activer JavaScript dans votre navigateur pour remplir ce formulaire.<\/noscript><div class=\"wpforms-field-container\"><div id=\"wpforms-4494-field_0-container\" class=\"wpforms-field wpforms-field-name\" data-field-id=\"0\"><label class=\"wpforms-field-label\" for=\"wpforms-4494-field_0\">Vous avez une question sur ce programme d&#039;accompagnement, ou vous souhaitez vous lancer ? Envoyez-moi un message <\/label><input type=\"text\" id=\"wpforms-4494-field_0\" class=\"wpforms-field-medium\" name=\"wpforms[fields][0]\" placeholder=\"Pr\u00e9nom et Nom\" ><\/div><div id=\"wpforms-4494-field_1-container\" class=\"wpforms-field wpforms-field-email\" data-field-id=\"1\"><label class=\"wpforms-field-label wpforms-label-hide\" for=\"wpforms-4494-field_1\">Email <span class=\"wpforms-required-label\">*<\/span><\/label><input type=\"email\" id=\"wpforms-4494-field_1\" class=\"wpforms-field-medium wpforms-field-required\" name=\"wpforms[fields][1]\" placeholder=\"Adresse e-mail\" spellcheck=\"false\" required><\/div><div id=\"wpforms-4494-field_2-container\" class=\"wpforms-field wpforms-field-textarea\" data-field-id=\"2\"><label class=\"wpforms-field-label wpforms-label-hide\" for=\"wpforms-4494-field_2\">Message <span class=\"wpforms-required-label\">*<\/span><\/label><textarea id=\"wpforms-4494-field_2\" class=\"wpforms-field-medium wpforms-field-required\" name=\"wpforms[fields][2]\" placeholder=\"Ecrivez votre message ici...\" required><\/textarea><\/div><div id=\"wpforms-4494-field_5-container\" class=\"wpforms-field wpforms-field-gdpr-checkbox\" data-field-id=\"5\"><label class=\"wpforms-field-label\" for=\"wpforms-4494-field_5\">Accord RGPD <span class=\"wpforms-required-label\">*<\/span><\/label><ul id=\"wpforms-4494-field_5\" class=\"wpforms-field-required\"><li class=\"choice-1\"><input type=\"checkbox\" id=\"wpforms-4494-field_5_1\" name=\"wpforms[fields][5][]\" value=\"Je consens \u00e0 ce que Laura Novita conserve mes informations envoy\u00e9es afin qu\u2019elle puisse r\u00e9pondre \u00e0 ma requ\u00eate.\" required ><label class=\"wpforms-field-label-inline\" for=\"wpforms-4494-field_5_1\">Je consens \u00e0 ce que Laura Novita conserve mes informations envoy\u00e9es afin qu\u2019elle puisse r\u00e9pondre \u00e0 ma requ\u00eate.<\/label><\/li><\/ul><\/div><\/div><!-- .wpforms-field-container --><div class=\"wpforms-recaptcha-container wpforms-is-recaptcha\" ><div class=\"g-recaptcha\" data-sitekey=\"6Lcdk1IgAAAAAHGV3lgl8_4gwz5_pbJSibg27bU5\" data-size=\"invisible\"><\/div><\/div><div class=\"wpforms-submit-container\" ><input type=\"hidden\" name=\"wpforms[id]\" value=\"4494\"><input type=\"hidden\" name=\"wpforms[author]\" value=\"1\"><button type=\"submit\" name=\"wpforms[submit]\" id=\"wpforms-submit-4494\" class=\"wpforms-submit\" data-alt-text=\"En cours d&#039;envoie...\" data-submit-text=\"Envoyer\" aria-live=\"assertive\" value=\"wpforms-submit\">Envoyer<\/button><img loading=\"lazy\" src=\"https:\/\/www.lauranovita.com\/lauranovita.com\/wp-content\/plugins\/wpforms-lite\/assets\/images\/submit-spin.svg\" class=\"wpforms-submit-spinner\" style=\"display: none;\" width=\"26\" height=\"26\" alt=\"Chargement en cours\"><\/div><\/form><\/div>  <!-- .wpforms-container --><\/div>\n<\/div>\n\n\n<div class=\"yoast-breadcrumbs\"><span><span><a href=\"https:\/\/www.lauranovita.com\/lauranovita.com\/\">Accueil<\/a> &raquo; <span class=\"breadcrumb_last\" aria-current=\"page\">Etre \u00e0 l&rsquo;aise en public<\/span><\/span><\/span><\/div>","protected":false},"excerpt":{"rendered":"<p>\u00ab\u00a0Apprendre \u00e0 parler en public est le moyen naturel de surmonter la timidit\u00e9 et de d\u00e9velopper courage [&hellip;]<\/p>\n","protected":false},"author":1,"featured_media":0,"parent":0,"menu_order":0,"comment_status":"closed","ping_status":"closed","template":"page-templates\/page_fullwidth.php","meta":[],"yoast_head":"<!-- This site is optimized with the Yoast SEO plugin v18.4.1 - https:\/\/yoast.com\/wordpress\/plugins\/seo\/ -->\n<title>coaching pour \u00eatre \u00e0 l&#039;aise en public<\/title>\n<meta name=\"description\" content=\"Apprendre \u00e0 parler en public est le moyen naturel de surmonter la timidit\u00e9. Cet accompagnement vous permettra d&#039;\u00eatre \u00e0 l&#039;aise en public.\" \/>\n<meta name=\"robots\" content=\"index, follow, max-snippet:-1, max-image-preview:large, max-video-preview:-1\" \/>\n<link rel=\"canonical\" href=\"https:\/\/www.lauranovita.com\/lauranovita.com\/index.php\/etre-a-laise-en-public\/\" \/>\n<meta property=\"og:locale\" content=\"fr_FR\" \/>\n<meta property=\"og:type\" content=\"article\" \/>\n<meta property=\"og:title\" content=\"coaching pour \u00eatre \u00e0 l&#039;aise en public\" \/>\n<meta property=\"og:description\" content=\"Apprendre \u00e0 parler en public est le moyen naturel de surmonter la timidit\u00e9. Cet accompagnement vous permettra d&#039;\u00eatre \u00e0 l&#039;aise en public.\" \/>\n<meta property=\"og:url\" content=\"https:\/\/www.lauranovita.com\/lauranovita.com\/index.php\/etre-a-laise-en-public\/\" \/>\n<meta property=\"og:site_name\" content=\"Laura Novita - Conseil en Image et Communication 08\" \/>\n<meta property=\"article:modified_time\" content=\"2022-07-04T11:23:08+00:00\" \/>\n<meta property=\"og:image\" content=\"https:\/\/www.lauranovita.com\/lauranovita.com\/wp-content\/uploads\/2022\/05\/photo-site-internet-16.png\" \/>\n<meta name=\"twitter:card\" content=\"summary_large_image\" \/>\n<meta name=\"twitter:label1\" content=\"Dur\u00e9e de lecture estim\u00e9e\" \/>\n\t<meta name=\"twitter:data1\" content=\"3 minutes\" \/>\n<script type=\"application\/ld+json\" class=\"yoast-schema-graph\">{\"@context\":\"https:\/\/schema.org\",\"@graph\":[{\"@type\":\"WebSite\",\"@id\":\"https:\/\/www.lauranovita.com\/lauranovita.com\/#website\",\"url\":\"https:\/\/www.lauranovita.com\/lauranovita.com\/\",\"name\":\"Laura Novita - Conseil en Image et Communication 08\",\"description\":\"Osez \u00eatre vous\",\"potentialAction\":[{\"@type\":\"SearchAction\",\"target\":{\"@type\":\"EntryPoint\",\"urlTemplate\":\"https:\/\/www.lauranovita.com\/lauranovita.com\/?s={search_term_string}\"},\"query-input\":\"required name=search_term_string\"}],\"inLanguage\":\"fr-FR\"},{\"@type\":\"ImageObject\",\"@id\":\"https:\/\/www.lauranovita.com\/lauranovita.com\/index.php\/etre-a-laise-en-public\/#primaryimage\",\"inLanguage\":\"fr-FR\",\"url\":\"https:\/\/www.lauranovita.com\/lauranovita.com\/wp-content\/uploads\/2022\/05\/photo-site-internet-16.png\",\"contentUrl\":\"https:\/\/www.lauranovita.com\/lauranovita.com\/wp-content\/uploads\/2022\/05\/photo-site-internet-16.png\",\"width\":1024,\"height\":1024},{\"@type\":\"WebPage\",\"@id\":\"https:\/\/www.lauranovita.com\/lauranovita.com\/index.php\/etre-a-laise-en-public\/#webpage\",\"url\":\"https:\/\/www.lauranovita.com\/lauranovita.com\/index.php\/etre-a-laise-en-public\/\",\"name\":\"coaching pour \u00eatre \u00e0 l'aise en public\",\"isPartOf\":{\"@id\":\"https:\/\/www.lauranovita.com\/lauranovita.com\/#website\"},\"primaryImageOfPage\":{\"@id\":\"https:\/\/www.lauranovita.com\/lauranovita.com\/index.php\/etre-a-laise-en-public\/#primaryimage\"},\"datePublished\":\"2022-07-04T11:20:38+00:00\",\"dateModified\":\"2022-07-04T11:23:08+00:00\",\"description\":\"Apprendre \u00e0 parler en public est le moyen naturel de surmonter la timidit\u00e9. Cet accompagnement vous permettra d'\u00eatre \u00e0 l'aise en public.\",\"breadcrumb\":{\"@id\":\"https:\/\/www.lauranovita.com\/lauranovita.com\/index.php\/etre-a-laise-en-public\/#breadcrumb\"},\"inLanguage\":\"fr-FR\",\"potentialAction\":[{\"@type\":\"ReadAction\",\"target\":[\"https:\/\/www.lauranovita.com\/lauranovita.com\/index.php\/etre-a-laise-en-public\/\"]}]},{\"@type\":\"BreadcrumbList\",\"@id\":\"https:\/\/www.lauranovita.com\/lauranovita.com\/index.php\/etre-a-laise-en-public\/#breadcrumb\",\"itemListElement\":[{\"@type\":\"ListItem\",\"position\":1,\"name\":\"Accueil\",\"item\":\"https:\/\/www.lauranovita.com\/lauranovita.com\/\"},{\"@type\":\"ListItem\",\"position\":2,\"name\":\"Etre \u00e0 l&rsquo;aise en public\"}]}]}<\/script>\n<!-- \/ Yoast SEO plugin. -->","yoast_head_json":{"title":"coaching pour \u00eatre \u00e0 l'aise en public","description":"Apprendre \u00e0 parler en public est le moyen naturel de surmonter la timidit\u00e9. Cet accompagnement vous permettra d'\u00eatre \u00e0 l'aise en public.","robots":{"index":"index","follow":"follow","max-snippet":"max-snippet:-1","max-image-preview":"max-image-preview:large","max-video-preview":"max-video-preview:-1"},"canonical":"https:\/\/www.lauranovita.com\/lauranovita.com\/index.php\/etre-a-laise-en-public\/","og_locale":"fr_FR","og_type":"article","og_title":"coaching pour \u00eatre \u00e0 l'aise en public","og_description":"Apprendre \u00e0 parler en public est le moyen naturel de surmonter la timidit\u00e9. Cet accompagnement vous permettra d'\u00eatre \u00e0 l'aise en public.","og_url":"https:\/\/www.lauranovita.com\/lauranovita.com\/index.php\/etre-a-laise-en-public\/","og_site_name":"Laura Novita - Conseil en Image et Communication 08","article_modified_time":"2022-07-04T11:23:08+00:00","og_image":[{"url":"https:\/\/www.lauranovita.com\/lauranovita.com\/wp-content\/uploads\/2022\/05\/photo-site-internet-16.png"}],"twitter_card":"summary_large_image","twitter_misc":{"Dur\u00e9e de lecture estim\u00e9e":"3 minutes"},"schema":{"@context":"https:\/\/schema.org","@graph":[{"@type":"WebSite","@id":"https:\/\/www.lauranovita.com\/lauranovita.com\/#website","url":"https:\/\/www.lauranovita.com\/lauranovita.com\/","name":"Laura Novita - Conseil en Image et Communication 08","description":"Osez \u00eatre vous","potentialAction":[{"@type":"SearchAction","target":{"@type":"EntryPoint","urlTemplate":"https:\/\/www.lauranovita.com\/lauranovita.com\/?s={search_term_string}"},"query-input":"required name=search_term_string"}],"inLanguage":"fr-FR"},{"@type":"ImageObject","@id":"https:\/\/www.lauranovita.com\/lauranovita.com\/index.php\/etre-a-laise-en-public\/#primaryimage","inLanguage":"fr-FR","url":"https:\/\/www.lauranovita.com\/lauranovita.com\/wp-content\/uploads\/2022\/05\/photo-site-internet-16.png","contentUrl":"https:\/\/www.lauranovita.com\/lauranovita.com\/wp-content\/uploads\/2022\/05\/photo-site-internet-16.png","width":1024,"height":1024},{"@type":"WebPage","@id":"https:\/\/www.lauranovita.com\/lauranovita.com\/index.php\/etre-a-laise-en-public\/#webpage","url":"https:\/\/www.lauranovita.com\/lauranovita.com\/index.php\/etre-a-laise-en-public\/","name":"coaching pour \u00eatre \u00e0 l'aise en public","isPartOf":{"@id":"https:\/\/www.lauranovita.com\/lauranovita.com\/#website"},"primaryImageOfPage":{"@id":"https:\/\/www.lauranovita.com\/lauranovita.com\/index.php\/etre-a-laise-en-public\/#primaryimage"},"datePublished":"2022-07-04T11:20:38+00:00","dateModified":"2022-07-04T11:23:08+00:00","description":"Apprendre \u00e0 parler en public est le moyen naturel de surmonter la timidit\u00e9. Cet accompagnement vous permettra d'\u00eatre \u00e0 l'aise en public.","breadcrumb":{"@id":"https:\/\/www.lauranovita.com\/lauranovita.com\/index.php\/etre-a-laise-en-public\/#breadcrumb"},"inLanguage":"fr-FR","potentialAction":[{"@type":"ReadAction","target":["https:\/\/www.lauranovita.com\/lauranovita.com\/index.php\/etre-a-laise-en-public\/"]}]},{"@type":"BreadcrumbList","@id":"https:\/\/www.lauranovita.com\/lauranovita.com\/index.php\/etre-a-laise-en-public\/#breadcrumb","itemListElement":[{"@type":"ListItem","position":1,"name":"Accueil","item":"https:\/\/www.lauranovita.com\/lauranovita.com\/"},{"@type":"ListItem","position":2,"name":"Etre \u00e0 l&rsquo;aise en public"}]}]}},"_links":{"self":[{"href":"https:\/\/www.lauranovita.com\/lauranovita.com\/index.php\/wp-json\/wp\/v2\/pages\/4647"}],"collection":[{"href":"https:\/\/www.lauranovita.com\/lauranovita.com\/index.php\/wp-json\/wp\/v2\/pages"}],"about":[{"href":"https:\/\/www.lauranovita.com\/lauranovita.com\/index.php\/wp-json\/wp\/v2\/types\/page"}],"author":[{"embeddable":true,"href":"https:\/\/www.lauranovita.com\/lauranovita.com\/index.php\/wp-json\/wp\/v2\/users\/1"}],"replies":[{"embeddable":true,"href":"https:\/\/www.lauranovita.com\/lauranovita.com\/index.php\/wp-json\/wp\/v2\/comments?post=4647"}],"version-history":[{"count":47,"href":"https:\/\/www.lauranovita.com\/lauranovita.com\/index.php\/wp-json\/wp\/v2\/pages\/4647\/revisions"}],"predecessor-version":[{"id":5189,"href":"https:\/\/www.lauranovita.com\/lauranovita.com\/index.php\/wp-json\/wp\/v2\/pages\/4647\/revisions\/5189"}],"wp:attachment":[{"href":"https:\/\/www.lauranovita.com\/lauranovita.com\/index.php\/wp-json\/wp\/v2\/media?parent=4647"}],"curies":[{"name":"wp","href":"https:\/\/api.w.org\/{rel}","templated":true}]}}