{"id":4840,"date":"2022-05-23T20:39:25","date_gmt":"2022-05-23T18:39:25","guid":{"rendered":"https:\/\/www.lauranovita.com\/lauranovita.com\/?page_id=4840"},"modified":"2022-05-23T20:39:26","modified_gmt":"2022-05-23T18:39:26","slug":"ateliers-et-formations-image-soi-et-communication","status":"publish","type":"page","link":"https:\/\/www.lauranovita.com\/lauranovita.com\/index.php\/ateliers-et-formations-image-soi-et-communication\/","title":{"rendered":"Ateliers et formations"},"content":{"rendered":"\n<div class=\"wp-block-columns\">\n<div class=\"wp-block-column\">\n<figure class=\"wp-block-image size-large\"><img loading=\"lazy\" width=\"1024\" height=\"521\" src=\"https:\/\/www.lauranovita.com\/lauranovita.com\/wp-content\/uploads\/2022\/05\/woman-taking-notes-during-team-meeting-2-1024x521.jpg\" alt=\"ateliers et formations en image de soi et communication\" class=\"wp-image-4951\" srcset=\"https:\/\/www.lauranovita.com\/lauranovita.com\/wp-content\/uploads\/2022\/05\/woman-taking-notes-during-team-meeting-2-1024x521.jpg 1024w, https:\/\/www.lauranovita.com\/lauranovita.com\/wp-content\/uploads\/2022\/05\/woman-taking-notes-during-team-meeting-2-300x153.jpg 300w, https:\/\/www.lauranovita.com\/lauranovita.com\/wp-content\/uploads\/2022\/05\/woman-taking-notes-during-team-meeting-2-768x391.jpg 768w, https:\/\/www.lauranovita.com\/lauranovita.com\/wp-content\/uploads\/2022\/05\/woman-taking-notes-during-team-meeting-2-1536x781.jpg 1536w, https:\/\/www.lauranovita.com\/lauranovita.com\/wp-content\/uploads\/2022\/05\/woman-taking-notes-during-team-meeting-2-2048x1041.jpg 2048w, https:\/\/www.lauranovita.com\/lauranovita.com\/wp-content\/uploads\/2022\/05\/woman-taking-notes-during-team-meeting-2-920x468.jpg 920w, https:\/\/www.lauranovita.com\/lauranovita.com\/wp-content\/uploads\/2022\/05\/woman-taking-notes-during-team-meeting-2-230x117.jpg 230w, https:\/\/www.lauranovita.com\/lauranovita.com\/wp-content\/uploads\/2022\/05\/woman-taking-notes-during-team-meeting-2-350x178.jpg 350w, https:\/\/www.lauranovita.com\/lauranovita.com\/wp-content\/uploads\/2022\/05\/woman-taking-notes-during-team-meeting-2-480x244.jpg 480w\" sizes=\"(max-width: 1024px) 100vw, 1024px\" \/><\/figure>\n<\/div>\n\n\n\n<div class=\"wp-block-column\">\n<p class=\"has-text-align-center\">Parce que notre image est \u00e9troitement li\u00e9e \u00e0 notre r\u00e9ussite. Parce que le charisme s\u2019acqui\u00e8re et se d\u00e9veloppe. Parce que la performance d\u2019une entreprise passe par le bien-\u00eatre de ses employ\u00e9s. Parce que la confiance en soi passe par l\u2019image de soi et la mani\u00e8re de communiquer avec son entourage. Parce que la p\u00e9rennit\u00e9 d\u2019une entreprise passe par une bonne communication interpersonnelle.\u00a0<strong>Les ateliers et formations en image de soi et Communication sont des outils d\u00e9di\u00e9s aux entreprises d\u00e9sireuses de d\u00e9velopper leurs employ\u00e9s dans le but d\u2019am\u00e9liorer leurs performances.<\/strong><\/p>\n<\/div>\n<\/div>\n\n\n\n<h2><a href=\"https:\/\/www.lauranovita.com\/lauranovita.com\/?page_id=4515&amp;preview=true\">Atelier sur l&rsquo;image de soi<\/a><\/h2>\n\n\n\n<h2><a href=\"https:\/\/www.lauranovita.com\/lauranovita.com\/?page_id=4917&amp;preview=true\">Formations en communication et leadership<\/a><\/h2>\n","protected":false},"excerpt":{"rendered":"<p>Parce que notre image est \u00e9troitement li\u00e9e \u00e0 notre r\u00e9ussite. Parce que le charisme s\u2019acqui\u00e8re et se [&hellip;]<\/p>\n","protected":false},"author":1,"featured_media":0,"parent":0,"menu_order":0,"comment_status":"closed","ping_status":"closed","template":"page-templates\/page_fullwidth.php","meta":[],"yoast_head":"<!-- This site is optimized with the Yoast SEO plugin v18.4.1 - https:\/\/yoast.com\/wordpress\/plugins\/seo\/ -->\n<title>Ateliers et formations image soi et communication<\/title>\n<meta name=\"description\" content=\"La p\u00e9rennit\u00e9 d\u2019une entreprise passe par une bonne communication interpersonnelle et le bien-\u00eatre de ses employ\u00e9s.\" \/>\n<meta name=\"robots\" content=\"index, follow, max-snippet:-1, max-image-preview:large, max-video-preview:-1\" \/>\n<link rel=\"canonical\" href=\"https:\/\/www.lauranovita.com\/lauranovita.com\/index.php\/ateliers-et-formations-image-soi-et-communication\/\" \/>\n<meta property=\"og:locale\" content=\"fr_FR\" \/>\n<meta property=\"og:type\" content=\"article\" \/>\n<meta property=\"og:title\" content=\"Ateliers et formations image soi et communication\" \/>\n<meta property=\"og:description\" content=\"La p\u00e9rennit\u00e9 d\u2019une entreprise passe par une bonne communication interpersonnelle et le bien-\u00eatre de ses employ\u00e9s.\" \/>\n<meta property=\"og:url\" content=\"https:\/\/www.lauranovita.com\/lauranovita.com\/index.php\/ateliers-et-formations-image-soi-et-communication\/\" \/>\n<meta property=\"og:site_name\" content=\"Laura Novita - Conseil en Image et Communication 08\" \/>\n<meta property=\"article:modified_time\" content=\"2022-05-23T18:39:26+00:00\" \/>\n<meta property=\"og:image\" content=\"https:\/\/www.lauranovita.com\/lauranovita.com\/wp-content\/uploads\/2022\/05\/woman-taking-notes-during-team-meeting-2-1024x521.jpg\" \/>\n<meta name=\"twitter:card\" content=\"summary_large_image\" \/>\n<meta name=\"twitter:label1\" content=\"Dur\u00e9e de lecture estim\u00e9e\" \/>\n\t<meta name=\"twitter:data1\" content=\"1 minute\" \/>\n<script type=\"application\/ld+json\" class=\"yoast-schema-graph\">{\"@context\":\"https:\/\/schema.org\",\"@graph\":[{\"@type\":\"WebSite\",\"@id\":\"https:\/\/www.lauranovita.com\/lauranovita.com\/#website\",\"url\":\"https:\/\/www.lauranovita.com\/lauranovita.com\/\",\"name\":\"Laura Novita - Conseil en Image et Communication 08\",\"description\":\"Osez \u00eatre vous\",\"potentialAction\":[{\"@type\":\"SearchAction\",\"target\":{\"@type\":\"EntryPoint\",\"urlTemplate\":\"https:\/\/www.lauranovita.com\/lauranovita.com\/?s={search_term_string}\"},\"query-input\":\"required name=search_term_string\"}],\"inLanguage\":\"fr-FR\"},{\"@type\":\"ImageObject\",\"@id\":\"https:\/\/www.lauranovita.com\/lauranovita.com\/index.php\/ateliers-et-formations-image-soi-et-communication\/#primaryimage\",\"inLanguage\":\"fr-FR\",\"url\":\"https:\/\/www.lauranovita.com\/lauranovita.com\/wp-content\/uploads\/2022\/05\/woman-taking-notes-during-team-meeting-2-1024x521.jpg\",\"contentUrl\":\"https:\/\/www.lauranovita.com\/lauranovita.com\/wp-content\/uploads\/2022\/05\/woman-taking-notes-during-team-meeting-2-1024x521.jpg\"},{\"@type\":\"WebPage\",\"@id\":\"https:\/\/www.lauranovita.com\/lauranovita.com\/index.php\/ateliers-et-formations-image-soi-et-communication\/#webpage\",\"url\":\"https:\/\/www.lauranovita.com\/lauranovita.com\/index.php\/ateliers-et-formations-image-soi-et-communication\/\",\"name\":\"Ateliers et formations image soi et communication\",\"isPartOf\":{\"@id\":\"https:\/\/www.lauranovita.com\/lauranovita.com\/#website\"},\"primaryImageOfPage\":{\"@id\":\"https:\/\/www.lauranovita.com\/lauranovita.com\/index.php\/ateliers-et-formations-image-soi-et-communication\/#primaryimage\"},\"datePublished\":\"2022-05-23T18:39:25+00:00\",\"dateModified\":\"2022-05-23T18:39:26+00:00\",\"description\":\"La p\u00e9rennit\u00e9 d\u2019une entreprise passe par une bonne communication interpersonnelle et le bien-\u00eatre de ses employ\u00e9s.\",\"breadcrumb\":{\"@id\":\"https:\/\/www.lauranovita.com\/lauranovita.com\/index.php\/ateliers-et-formations-image-soi-et-communication\/#breadcrumb\"},\"inLanguage\":\"fr-FR\",\"potentialAction\":[{\"@type\":\"ReadAction\",\"target\":[\"https:\/\/www.lauranovita.com\/lauranovita.com\/index.php\/ateliers-et-formations-image-soi-et-communication\/\"]}]},{\"@type\":\"BreadcrumbList\",\"@id\":\"https:\/\/www.lauranovita.com\/lauranovita.com\/index.php\/ateliers-et-formations-image-soi-et-communication\/#breadcrumb\",\"itemListElement\":[{\"@type\":\"ListItem\",\"position\":1,\"name\":\"Accueil\",\"item\":\"https:\/\/www.lauranovita.com\/lauranovita.com\/\"},{\"@type\":\"ListItem\",\"position\":2,\"name\":\"Ateliers et formations\"}]}]}<\/script>\n<!-- \/ Yoast SEO plugin. -->","yoast_head_json":{"title":"Ateliers et formations image soi et communication","description":"La p\u00e9rennit\u00e9 d\u2019une entreprise passe par une bonne communication interpersonnelle et le bien-\u00eatre de ses employ\u00e9s.","robots":{"index":"index","follow":"follow","max-snippet":"max-snippet:-1","max-image-preview":"max-image-preview:large","max-video-preview":"max-video-preview:-1"},"canonical":"https:\/\/www.lauranovita.com\/lauranovita.com\/index.php\/ateliers-et-formations-image-soi-et-communication\/","og_locale":"fr_FR","og_type":"article","og_title":"Ateliers et formations image soi et communication","og_description":"La p\u00e9rennit\u00e9 d\u2019une entreprise passe par une bonne communication interpersonnelle et le bien-\u00eatre de ses employ\u00e9s.","og_url":"https:\/\/www.lauranovita.com\/lauranovita.com\/index.php\/ateliers-et-formations-image-soi-et-communication\/","og_site_name":"Laura Novita - Conseil en Image et Communication 08","article_modified_time":"2022-05-23T18:39:26+00:00","og_image":[{"url":"https:\/\/www.lauranovita.com\/lauranovita.com\/wp-content\/uploads\/2022\/05\/woman-taking-notes-during-team-meeting-2-1024x521.jpg"}],"twitter_card":"summary_large_image","twitter_misc":{"Dur\u00e9e de lecture estim\u00e9e":"1 minute"},"schema":{"@context":"https:\/\/schema.org","@graph":[{"@type":"WebSite","@id":"https:\/\/www.lauranovita.com\/lauranovita.com\/#website","url":"https:\/\/www.lauranovita.com\/lauranovita.com\/","name":"Laura Novita - Conseil en Image et Communication 08","description":"Osez \u00eatre vous","potentialAction":[{"@type":"SearchAction","target":{"@type":"EntryPoint","urlTemplate":"https:\/\/www.lauranovita.com\/lauranovita.com\/?s={search_term_string}"},"query-input":"required name=search_term_string"}],"inLanguage":"fr-FR"},{"@type":"ImageObject","@id":"https:\/\/www.lauranovita.com\/lauranovita.com\/index.php\/ateliers-et-formations-image-soi-et-communication\/#primaryimage","inLanguage":"fr-FR","url":"https:\/\/www.lauranovita.com\/lauranovita.com\/wp-content\/uploads\/2022\/05\/woman-taking-notes-during-team-meeting-2-1024x521.jpg","contentUrl":"https:\/\/www.lauranovita.com\/lauranovita.com\/wp-content\/uploads\/2022\/05\/woman-taking-notes-during-team-meeting-2-1024x521.jpg"},{"@type":"WebPage","@id":"https:\/\/www.lauranovita.com\/lauranovita.com\/index.php\/ateliers-et-formations-image-soi-et-communication\/#webpage","url":"https:\/\/www.lauranovita.com\/lauranovita.com\/index.php\/ateliers-et-formations-image-soi-et-communication\/","name":"Ateliers et formations image soi et communication","isPartOf":{"@id":"https:\/\/www.lauranovita.com\/lauranovita.com\/#website"},"primaryImageOfPage":{"@id":"https:\/\/www.lauranovita.com\/lauranovita.com\/index.php\/ateliers-et-formations-image-soi-et-communication\/#primaryimage"},"datePublished":"2022-05-23T18:39:25+00:00","dateModified":"2022-05-23T18:39:26+00:00","description":"La p\u00e9rennit\u00e9 d\u2019une entreprise passe par une bonne communication interpersonnelle et le bien-\u00eatre de ses employ\u00e9s.","breadcrumb":{"@id":"https:\/\/www.lauranovita.com\/lauranovita.com\/index.php\/ateliers-et-formations-image-soi-et-communication\/#breadcrumb"},"inLanguage":"fr-FR","potentialAction":[{"@type":"ReadAction","target":["https:\/\/www.lauranovita.com\/lauranovita.com\/index.php\/ateliers-et-formations-image-soi-et-communication\/"]}]},{"@type":"BreadcrumbList","@id":"https:\/\/www.lauranovita.com\/lauranovita.com\/index.php\/ateliers-et-formations-image-soi-et-communication\/#breadcrumb","itemListElement":[{"@type":"ListItem","position":1,"name":"Accueil","item":"https:\/\/www.lauranovita.com\/lauranovita.com\/"},{"@type":"ListItem","position":2,"name":"Ateliers et formations"}]}]}},"_links":{"self":[{"href":"https:\/\/www.lauranovita.com\/lauranovita.com\/index.php\/wp-json\/wp\/v2\/pages\/4840"}],"collection":[{"href":"https:\/\/www.lauranovita.com\/lauranovita.com\/index.php\/wp-json\/wp\/v2\/pages"}],"about":[{"href":"https:\/\/www.lauranovita.com\/lauranovita.com\/index.php\/wp-json\/wp\/v2\/types\/page"}],"author":[{"embeddable":true,"href":"https:\/\/www.lauranovita.com\/lauranovita.com\/index.php\/wp-json\/wp\/v2\/users\/1"}],"replies":[{"embeddable":true,"href":"https:\/\/www.lauranovita.com\/lauranovita.com\/index.php\/wp-json\/wp\/v2\/comments?post=4840"}],"version-history":[{"count":8,"href":"https:\/\/www.lauranovita.com\/lauranovita.com\/index.php\/wp-json\/wp\/v2\/pages\/4840\/revisions"}],"predecessor-version":[{"id":5030,"href":"https:\/\/www.lauranovita.com\/lauranovita.com\/index.php\/wp-json\/wp\/v2\/pages\/4840\/revisions\/5030"}],"wp:attachment":[{"href":"https:\/\/www.lauranovita.com\/lauranovita.com\/index.php\/wp-json\/wp\/v2\/media?parent=4840"}],"curies":[{"name":"wp","href":"https:\/\/api.w.org\/{rel}","templated":true}]}}