{"id":4917,"date":"2022-05-23T20:11:32","date_gmt":"2022-05-23T18:11:32","guid":{"rendered":"https:\/\/www.lauranovita.com\/lauranovita.com\/?page_id=4917"},"modified":"2022-05-23T20:32:32","modified_gmt":"2022-05-23T18:32:32","slug":"formations-en-communication-et-leadership","status":"publish","type":"page","link":"https:\/\/www.lauranovita.com\/lauranovita.com\/index.php\/formations-en-communication-et-leadership\/","title":{"rendered":"Formations en communication et leadership"},"content":{"rendered":"\n<h2 class=\"has-text-color\" style=\"color:#10069f;font-size:50px\">Formations en communication et leadership<\/h2>\n\n\n\n<div style=\"height:10px\" aria-hidden=\"true\" class=\"wp-block-spacer\"><\/div>\n\n\n\n<p class=\"has-text-align-center\" style=\"font-size:18px\"><b>A travers des mises en situations, des jeux de r\u00f4le et des auto-\u00e9valuations, les participants-es sont amen\u00e9s-es \u00e0 r\u00e9fl\u00e9chir \u00e0 des situations d\u00e9j\u00e0 v\u00e9cues.<\/b><strong><b> <\/b>Les formations en communication et leadership permettent de prendre du recul sur sa mani\u00e8re<strong> de fonctionner au quotidien.<\/strong> C&rsquo;est un moment riche de connaissances et d&rsquo;exp\u00e9riences. <\/strong><\/p>\n\n\n\n<div style=\"height:20px\" aria-hidden=\"true\" class=\"wp-block-spacer\"><\/div>\n\n\n\n<h3 style=\"font-size:26px\"><em><strong>Quelques exemples de programme de formation&#8230; <\/strong><\/em><\/h3>\n\n\n\n<h4 class=\"has-text-color\" style=\"color:#10069f;font-size:28px\">Am\u00e9liorer son leadership gr\u00e2ce \u00e0 une meilleure communication<\/h4>\n\n\n\n<div class=\"wp-block-image\"><figure class=\"alignleft size-thumbnail\"><img loading=\"lazy\" width=\"150\" height=\"150\" src=\"https:\/\/www.lauranovita.com\/lauranovita.com\/wp-content\/uploads\/2022\/05\/photo-site-internet-13-150x150.png\" alt=\"Formation en communication et leadership \/ am\u00e9liorer sa communication\" class=\"wp-image-4607\" srcset=\"https:\/\/www.lauranovita.com\/lauranovita.com\/wp-content\/uploads\/2022\/05\/photo-site-internet-13-150x150.png 150w, https:\/\/www.lauranovita.com\/lauranovita.com\/wp-content\/uploads\/2022\/05\/photo-site-internet-13-300x300.png 300w, https:\/\/www.lauranovita.com\/lauranovita.com\/wp-content\/uploads\/2022\/05\/photo-site-internet-13.png 1024w, https:\/\/www.lauranovita.com\/lauranovita.com\/wp-content\/uploads\/2022\/05\/photo-site-internet-13-768x768.png 768w, https:\/\/www.lauranovita.com\/lauranovita.com\/wp-content\/uploads\/2022\/05\/photo-site-internet-13-920x920.png 920w, https:\/\/www.lauranovita.com\/lauranovita.com\/wp-content\/uploads\/2022\/05\/photo-site-internet-13-230x230.png 230w, https:\/\/www.lauranovita.com\/lauranovita.com\/wp-content\/uploads\/2022\/05\/photo-site-internet-13-350x350.png 350w, https:\/\/www.lauranovita.com\/lauranovita.com\/wp-content\/uploads\/2022\/05\/photo-site-internet-13-480x480.png 480w\" sizes=\"(max-width: 150px) 100vw, 150px\" \/><\/figure><\/div>\n\n\n\n<p><mark style=\"background-color:rgba(0, 0, 0, 0);color:#fa6e16\" class=\"has-inline-color\"><strong>Objectif <\/strong>:<\/mark> <mark style=\"background-color:rgba(0, 0, 0, 0);color:#fa6e16\" class=\"has-inline-color\">Mieux comprendre son interlocuteur pour am\u00e9liorer ses \u00e9changes<\/mark><\/p>\n\n\n\n<p><strong>Th\u00e9matiques abord\u00e9es<\/strong> : les fondamentaux de la communication et du langage non-verbal \/ mieux se connaitre dans sa communication et ses comportements \/ comprendre les attitudes et attentes de son interlocuteur  \/ optimiser son \u00e9coute \/ optimiser ses n\u00e9gociations<\/p>\n\n\n\n<div style=\"height:10px\" aria-hidden=\"true\" class=\"wp-block-spacer\"><\/div>\n\n\n\n<h4 class=\"has-text-color\" style=\"color:#10069f;font-size:28px\">Optimiser ses \u00e9changes gr\u00e2ce \u00e0 l&rsquo;\u00e9coute active<\/h4>\n\n\n\n<div class=\"wp-block-image\"><figure class=\"alignleft size-thumbnail\"><img loading=\"lazy\" width=\"150\" height=\"150\" src=\"https:\/\/www.lauranovita.com\/lauranovita.com\/wp-content\/uploads\/2022\/05\/photo-site-internet-11-150x150.png\" alt=\"Formation en communication \npersonne en situation d'\u00e9coute \" class=\"wp-image-4586\" srcset=\"https:\/\/www.lauranovita.com\/lauranovita.com\/wp-content\/uploads\/2022\/05\/photo-site-internet-11-150x150.png 150w, https:\/\/www.lauranovita.com\/lauranovita.com\/wp-content\/uploads\/2022\/05\/photo-site-internet-11-300x300.png 300w, https:\/\/www.lauranovita.com\/lauranovita.com\/wp-content\/uploads\/2022\/05\/photo-site-internet-11.png 1024w, https:\/\/www.lauranovita.com\/lauranovita.com\/wp-content\/uploads\/2022\/05\/photo-site-internet-11-768x768.png 768w, https:\/\/www.lauranovita.com\/lauranovita.com\/wp-content\/uploads\/2022\/05\/photo-site-internet-11-920x920.png 920w, https:\/\/www.lauranovita.com\/lauranovita.com\/wp-content\/uploads\/2022\/05\/photo-site-internet-11-230x230.png 230w, https:\/\/www.lauranovita.com\/lauranovita.com\/wp-content\/uploads\/2022\/05\/photo-site-internet-11-350x350.png 350w, https:\/\/www.lauranovita.com\/lauranovita.com\/wp-content\/uploads\/2022\/05\/photo-site-internet-11-480x480.png 480w\" sizes=\"(max-width: 150px) 100vw, 150px\" \/><\/figure><\/div>\n\n\n\n<p class=\"has-text-color\" style=\"color:#fa6e16\"><strong>Objectif <\/strong>: Utiliser l&rsquo;\u00e9coute active pour s&rsquo;adapter \u00e0 son interlocuteur et am\u00e9liorer ses aptitudes relationnelles<\/p>\n\n\n\n<p><strong>Th\u00e9matiques abord\u00e9es <\/strong>: les fondamentaux de la communication \/ les techniques de l&rsquo;\u00e9coute active \/ les \u00e9cueils et les attitudes de porter \/ les attitudes \u00e0 adopter<\/p>\n\n\n\n<div style=\"height:10px\" aria-hidden=\"true\" class=\"wp-block-spacer\"><\/div>\n\n\n\n<h4 class=\"has-text-color\" style=\"color:#10069f;font-size:28px\">D\u00e9velopper sa confiance en soi pour manager avec assertivit\u00e9 <\/h4>\n\n\n\n<div class=\"wp-block-image\"><figure class=\"alignleft size-thumbnail\"><img loading=\"lazy\" width=\"150\" height=\"150\" src=\"https:\/\/www.lauranovita.com\/lauranovita.com\/wp-content\/uploads\/2022\/05\/photo-site-internet-14-150x150.png\" alt=\"Formation en communication et leadership\n manager avec assertivit\u00e9\" class=\"wp-image-4610\" srcset=\"https:\/\/www.lauranovita.com\/lauranovita.com\/wp-content\/uploads\/2022\/05\/photo-site-internet-14-150x150.png 150w, https:\/\/www.lauranovita.com\/lauranovita.com\/wp-content\/uploads\/2022\/05\/photo-site-internet-14-300x300.png 300w, https:\/\/www.lauranovita.com\/lauranovita.com\/wp-content\/uploads\/2022\/05\/photo-site-internet-14.png 1024w, https:\/\/www.lauranovita.com\/lauranovita.com\/wp-content\/uploads\/2022\/05\/photo-site-internet-14-768x768.png 768w, https:\/\/www.lauranovita.com\/lauranovita.com\/wp-content\/uploads\/2022\/05\/photo-site-internet-14-920x920.png 920w, https:\/\/www.lauranovita.com\/lauranovita.com\/wp-content\/uploads\/2022\/05\/photo-site-internet-14-230x230.png 230w, https:\/\/www.lauranovita.com\/lauranovita.com\/wp-content\/uploads\/2022\/05\/photo-site-internet-14-350x350.png 350w, https:\/\/www.lauranovita.com\/lauranovita.com\/wp-content\/uploads\/2022\/05\/photo-site-internet-14-480x480.png 480w\" sizes=\"(max-width: 150px) 100vw, 150px\" \/><\/figure><\/div>\n\n\n\n<p class=\"has-text-color\" style=\"color:#fa6e16\"><strong>Objectif <\/strong>: D\u00e9velopper ses aptitudes relationnelles et renforcer sa confiance en soi<\/p>\n\n\n\n<p><strong>Th\u00e9matiques abord\u00e9es <\/strong>: pouvoir et influence en entreprise \/ la communication interpersonnelle, ses enjeux et ses freins \/ s&rsquo;affirmer positivement \/  n\u00e9gocier et argumenter<\/p>\n\n\n\n<div style=\"height:10px\" aria-hidden=\"true\" class=\"wp-block-spacer\"><\/div>\n\n\n\n<h4 class=\"has-text-color\" style=\"color:#10069f;font-size:28px\">Gagner en assurance gr\u00e2ce \u00e0 la prise de parole en public<\/h4>\n\n\n\n<div class=\"wp-block-image\"><figure class=\"alignleft size-thumbnail\"><img loading=\"lazy\" width=\"150\" height=\"150\" src=\"https:\/\/www.lauranovita.com\/lauranovita.com\/wp-content\/uploads\/2022\/05\/photo-site-internet-12-150x150.png\" alt=\"personne en train de parler \u00e0 un public\" class=\"wp-image-4598\" srcset=\"https:\/\/www.lauranovita.com\/lauranovita.com\/wp-content\/uploads\/2022\/05\/photo-site-internet-12-150x150.png 150w, https:\/\/www.lauranovita.com\/lauranovita.com\/wp-content\/uploads\/2022\/05\/photo-site-internet-12-300x300.png 300w, https:\/\/www.lauranovita.com\/lauranovita.com\/wp-content\/uploads\/2022\/05\/photo-site-internet-12.png 1024w, https:\/\/www.lauranovita.com\/lauranovita.com\/wp-content\/uploads\/2022\/05\/photo-site-internet-12-768x768.png 768w, https:\/\/www.lauranovita.com\/lauranovita.com\/wp-content\/uploads\/2022\/05\/photo-site-internet-12-920x920.png 920w, https:\/\/www.lauranovita.com\/lauranovita.com\/wp-content\/uploads\/2022\/05\/photo-site-internet-12-230x230.png 230w, https:\/\/www.lauranovita.com\/lauranovita.com\/wp-content\/uploads\/2022\/05\/photo-site-internet-12-350x350.png 350w, https:\/\/www.lauranovita.com\/lauranovita.com\/wp-content\/uploads\/2022\/05\/photo-site-internet-12-480x480.png 480w\" sizes=\"(max-width: 150px) 100vw, 150px\" \/><\/figure><\/div>\n\n\n\n<p class=\"has-text-color\" style=\"color:#fa6e16\"><strong>Objectif <\/strong>: Structurer ses expos\u00e9s et ma\u00eetriser les techniques de communication pour captiver son auditoire <\/p>\n\n\n\n<p><strong>Th\u00e9matiques abord\u00e9es <\/strong>: apprendre \u00e0 g\u00e9rer son stress \/ pr\u00e9parer son discours \/ cadrer son intervention et ma\u00eetriser le temps \/ le langage non-verbal de l&rsquo;orateur<\/p>\n\n\n\n<div style=\"height:40px\" aria-hidden=\"true\" class=\"wp-block-spacer\"><\/div>\n\n\n\n<div class=\"wp-block-columns\">\n<div class=\"wp-block-column\" style=\"flex-basis:66.66%\">\n<p class=\"has-text-color has-medium-font-size\" style=\"color:#fa6e16\"><strong>Les formations propos\u00e9es sont enti\u00e8rement personnalis\u00e9es. Je m&rsquo;adapte aux besoins sp\u00e9cifiques des participants et de l&rsquo;entreprise pour vous proposer un programme qui r\u00e9pond \u00e0 vos attentes.<\/strong><\/p>\n<\/div>\n\n\n\n<div class=\"wp-block-column is-vertically-aligned-center\" style=\"flex-basis:33.33%\">\n<div class=\"wp-container-1 wp-block-buttons\">\n<div class=\"wp-block-button\"><a class=\"wp-block-button__link has-background\" style=\"background-color:#10069f\">DEMANDEZ UN DEVIS<\/a><\/div>\n<\/div>\n<\/div>\n<\/div>\n\n\n\n<div style=\"height:10px\" aria-hidden=\"true\" class=\"wp-block-spacer\"><\/div>\n\n\n<div class=\"yoast-breadcrumbs\"><span><span><a href=\"https:\/\/www.lauranovita.com\/lauranovita.com\/\">Accueil<\/a> &raquo; <span class=\"breadcrumb_last\" aria-current=\"page\">Formations en communication et leadership<\/span><\/span><\/span><\/div>","protected":false},"excerpt":{"rendered":"<p>Formations en communication et leadership A travers des mises en situations, des jeux de r\u00f4le et des [&hellip;]<\/p>\n","protected":false},"author":1,"featured_media":0,"parent":0,"menu_order":0,"comment_status":"closed","ping_status":"closed","template":"page-templates\/page_fullwidth.php","meta":[],"yoast_head":"<!-- This site is optimized with the Yoast SEO plugin v18.4.1 - https:\/\/yoast.com\/wordpress\/plugins\/seo\/ -->\n<title>formations en communication et leadership<\/title>\n<meta name=\"description\" content=\"A travers des mises en situations, des jeux de r\u00f4le et des auto-\u00e9valuations, les participants-es am\u00e9liorent leur mani\u00e8re de communiquer.\" \/>\n<meta name=\"robots\" content=\"index, follow, max-snippet:-1, max-image-preview:large, max-video-preview:-1\" \/>\n<link rel=\"canonical\" href=\"https:\/\/www.lauranovita.com\/lauranovita.com\/index.php\/formations-en-communication-et-leadership\/\" \/>\n<meta property=\"og:locale\" content=\"fr_FR\" \/>\n<meta property=\"og:type\" content=\"article\" \/>\n<meta property=\"og:title\" content=\"formations en communication et leadership\" \/>\n<meta property=\"og:description\" content=\"A travers des mises en situations, des jeux de r\u00f4le et des auto-\u00e9valuations, les participants-es am\u00e9liorent leur mani\u00e8re de communiquer.\" \/>\n<meta property=\"og:url\" content=\"https:\/\/www.lauranovita.com\/lauranovita.com\/index.php\/formations-en-communication-et-leadership\/\" \/>\n<meta property=\"og:site_name\" content=\"Laura Novita - Conseil en Image et Communication 08\" \/>\n<meta property=\"article:modified_time\" content=\"2022-05-23T18:32:32+00:00\" \/>\n<meta property=\"og:image\" content=\"https:\/\/www.lauranovita.com\/lauranovita.com\/wp-content\/uploads\/2022\/05\/photo-site-internet-13-150x150.png\" \/>\n<meta name=\"twitter:card\" content=\"summary_large_image\" \/>\n<meta name=\"twitter:label1\" content=\"Dur\u00e9e de lecture estim\u00e9e\" \/>\n\t<meta name=\"twitter:data1\" content=\"3 minutes\" \/>\n<script type=\"application\/ld+json\" class=\"yoast-schema-graph\">{\"@context\":\"https:\/\/schema.org\",\"@graph\":[{\"@type\":\"WebSite\",\"@id\":\"https:\/\/www.lauranovita.com\/lauranovita.com\/#website\",\"url\":\"https:\/\/www.lauranovita.com\/lauranovita.com\/\",\"name\":\"Laura Novita - Conseil en Image et Communication 08\",\"description\":\"Osez \u00eatre vous\",\"potentialAction\":[{\"@type\":\"SearchAction\",\"target\":{\"@type\":\"EntryPoint\",\"urlTemplate\":\"https:\/\/www.lauranovita.com\/lauranovita.com\/?s={search_term_string}\"},\"query-input\":\"required name=search_term_string\"}],\"inLanguage\":\"fr-FR\"},{\"@type\":\"ImageObject\",\"@id\":\"https:\/\/www.lauranovita.com\/lauranovita.com\/index.php\/formations-en-communication-et-leadership\/#primaryimage\",\"inLanguage\":\"fr-FR\",\"url\":\"https:\/\/www.lauranovita.com\/lauranovita.com\/wp-content\/uploads\/2022\/05\/photo-site-internet-13.png\",\"contentUrl\":\"https:\/\/www.lauranovita.com\/lauranovita.com\/wp-content\/uploads\/2022\/05\/photo-site-internet-13.png\",\"width\":1024,\"height\":1024},{\"@type\":\"WebPage\",\"@id\":\"https:\/\/www.lauranovita.com\/lauranovita.com\/index.php\/formations-en-communication-et-leadership\/#webpage\",\"url\":\"https:\/\/www.lauranovita.com\/lauranovita.com\/index.php\/formations-en-communication-et-leadership\/\",\"name\":\"formations en communication et leadership\",\"isPartOf\":{\"@id\":\"https:\/\/www.lauranovita.com\/lauranovita.com\/#website\"},\"primaryImageOfPage\":{\"@id\":\"https:\/\/www.lauranovita.com\/lauranovita.com\/index.php\/formations-en-communication-et-leadership\/#primaryimage\"},\"datePublished\":\"2022-05-23T18:11:32+00:00\",\"dateModified\":\"2022-05-23T18:32:32+00:00\",\"description\":\"A travers des mises en situations, des jeux de r\u00f4le et des auto-\u00e9valuations, les participants-es am\u00e9liorent leur mani\u00e8re de communiquer.\",\"breadcrumb\":{\"@id\":\"https:\/\/www.lauranovita.com\/lauranovita.com\/index.php\/formations-en-communication-et-leadership\/#breadcrumb\"},\"inLanguage\":\"fr-FR\",\"potentialAction\":[{\"@type\":\"ReadAction\",\"target\":[\"https:\/\/www.lauranovita.com\/lauranovita.com\/index.php\/formations-en-communication-et-leadership\/\"]}]},{\"@type\":\"BreadcrumbList\",\"@id\":\"https:\/\/www.lauranovita.com\/lauranovita.com\/index.php\/formations-en-communication-et-leadership\/#breadcrumb\",\"itemListElement\":[{\"@type\":\"ListItem\",\"position\":1,\"name\":\"Accueil\",\"item\":\"https:\/\/www.lauranovita.com\/lauranovita.com\/\"},{\"@type\":\"ListItem\",\"position\":2,\"name\":\"Formations en communication et leadership\"}]}]}<\/script>\n<!-- \/ Yoast SEO plugin. -->","yoast_head_json":{"title":"formations en communication et leadership","description":"A travers des mises en situations, des jeux de r\u00f4le et des auto-\u00e9valuations, les participants-es am\u00e9liorent leur mani\u00e8re de communiquer.","robots":{"index":"index","follow":"follow","max-snippet":"max-snippet:-1","max-image-preview":"max-image-preview:large","max-video-preview":"max-video-preview:-1"},"canonical":"https:\/\/www.lauranovita.com\/lauranovita.com\/index.php\/formations-en-communication-et-leadership\/","og_locale":"fr_FR","og_type":"article","og_title":"formations en communication et leadership","og_description":"A travers des mises en situations, des jeux de r\u00f4le et des auto-\u00e9valuations, les participants-es am\u00e9liorent leur mani\u00e8re de communiquer.","og_url":"https:\/\/www.lauranovita.com\/lauranovita.com\/index.php\/formations-en-communication-et-leadership\/","og_site_name":"Laura Novita - Conseil en Image et Communication 08","article_modified_time":"2022-05-23T18:32:32+00:00","og_image":[{"url":"https:\/\/www.lauranovita.com\/lauranovita.com\/wp-content\/uploads\/2022\/05\/photo-site-internet-13-150x150.png"}],"twitter_card":"summary_large_image","twitter_misc":{"Dur\u00e9e de lecture estim\u00e9e":"3 minutes"},"schema":{"@context":"https:\/\/schema.org","@graph":[{"@type":"WebSite","@id":"https:\/\/www.lauranovita.com\/lauranovita.com\/#website","url":"https:\/\/www.lauranovita.com\/lauranovita.com\/","name":"Laura Novita - Conseil en Image et Communication 08","description":"Osez \u00eatre vous","potentialAction":[{"@type":"SearchAction","target":{"@type":"EntryPoint","urlTemplate":"https:\/\/www.lauranovita.com\/lauranovita.com\/?s={search_term_string}"},"query-input":"required name=search_term_string"}],"inLanguage":"fr-FR"},{"@type":"ImageObject","@id":"https:\/\/www.lauranovita.com\/lauranovita.com\/index.php\/formations-en-communication-et-leadership\/#primaryimage","inLanguage":"fr-FR","url":"https:\/\/www.lauranovita.com\/lauranovita.com\/wp-content\/uploads\/2022\/05\/photo-site-internet-13.png","contentUrl":"https:\/\/www.lauranovita.com\/lauranovita.com\/wp-content\/uploads\/2022\/05\/photo-site-internet-13.png","width":1024,"height":1024},{"@type":"WebPage","@id":"https:\/\/www.lauranovita.com\/lauranovita.com\/index.php\/formations-en-communication-et-leadership\/#webpage","url":"https:\/\/www.lauranovita.com\/lauranovita.com\/index.php\/formations-en-communication-et-leadership\/","name":"formations en communication et leadership","isPartOf":{"@id":"https:\/\/www.lauranovita.com\/lauranovita.com\/#website"},"primaryImageOfPage":{"@id":"https:\/\/www.lauranovita.com\/lauranovita.com\/index.php\/formations-en-communication-et-leadership\/#primaryimage"},"datePublished":"2022-05-23T18:11:32+00:00","dateModified":"2022-05-23T18:32:32+00:00","description":"A travers des mises en situations, des jeux de r\u00f4le et des auto-\u00e9valuations, les participants-es am\u00e9liorent leur mani\u00e8re de communiquer.","breadcrumb":{"@id":"https:\/\/www.lauranovita.com\/lauranovita.com\/index.php\/formations-en-communication-et-leadership\/#breadcrumb"},"inLanguage":"fr-FR","potentialAction":[{"@type":"ReadAction","target":["https:\/\/www.lauranovita.com\/lauranovita.com\/index.php\/formations-en-communication-et-leadership\/"]}]},{"@type":"BreadcrumbList","@id":"https:\/\/www.lauranovita.com\/lauranovita.com\/index.php\/formations-en-communication-et-leadership\/#breadcrumb","itemListElement":[{"@type":"ListItem","position":1,"name":"Accueil","item":"https:\/\/www.lauranovita.com\/lauranovita.com\/"},{"@type":"ListItem","position":2,"name":"Formations en communication et leadership"}]}]}},"_links":{"self":[{"href":"https:\/\/www.lauranovita.com\/lauranovita.com\/index.php\/wp-json\/wp\/v2\/pages\/4917"}],"collection":[{"href":"https:\/\/www.lauranovita.com\/lauranovita.com\/index.php\/wp-json\/wp\/v2\/pages"}],"about":[{"href":"https:\/\/www.lauranovita.com\/lauranovita.com\/index.php\/wp-json\/wp\/v2\/types\/page"}],"author":[{"embeddable":true,"href":"https:\/\/www.lauranovita.com\/lauranovita.com\/index.php\/wp-json\/wp\/v2\/users\/1"}],"replies":[{"embeddable":true,"href":"https:\/\/www.lauranovita.com\/lauranovita.com\/index.php\/wp-json\/wp\/v2\/comments?post=4917"}],"version-history":[{"count":22,"href":"https:\/\/www.lauranovita.com\/lauranovita.com\/index.php\/wp-json\/wp\/v2\/pages\/4917\/revisions"}],"predecessor-version":[{"id":4953,"href":"https:\/\/www.lauranovita.com\/lauranovita.com\/index.php\/wp-json\/wp\/v2\/pages\/4917\/revisions\/4953"}],"wp:attachment":[{"href":"https:\/\/www.lauranovita.com\/lauranovita.com\/index.php\/wp-json\/wp\/v2\/media?parent=4917"}],"curies":[{"name":"wp","href":"https:\/\/api.w.org\/{rel}","templated":true}]}}