{"id":881,"date":"2020-03-19T15:38:30","date_gmt":"2020-03-19T14:38:30","guid":{"rendered":"https:\/\/www.lauranovita.com\/lauranovita.com\/?page_id=881"},"modified":"2022-05-25T19:01:20","modified_gmt":"2022-05-25T17:01:20","slug":"conseil-en-image-ardennes","status":"publish","type":"page","link":"https:\/\/www.lauranovita.com\/lauranovita.com\/index.php\/conseil-en-image-ardennes\/","title":{"rendered":"Image personnelle"},"content":{"rendered":"\n<p class=\"has-text-color\" style=\"color:#5d5d5d\"><strong>L&rsquo;image que l&rsquo;on a de soi est importante pour notre confiance en soi<\/strong>. Une veste adapt\u00e9e \u00e0 notre morphologie mettra notre silhouette en valeur, nous nous sentirons plus joli-e et nous serons d&rsquo;attaque pour affronter une journ\u00e9e bien charg\u00e9e. Lorsque nous faisons l&rsquo;effort de nous appr\u00eater, n&rsquo;est-ce pas tout d&rsquo;abord pour nous-m\u00eame ? Comment vous sentez vous dans vos v\u00eatements ? Est-ce que votre look vous ressemble ? Est-ce que vous osez sortir de votre zone de confort pour adopter un look plus affirm\u00e9 ? <\/p>\n\n\n\n<p class=\"has-text-color has-normal-font-size\" style=\"color:#10069f\"><strong>Le but du Conseil en Image est de vous accompagner, vous rendre ind\u00e9pendant-e, vous permettre d&rsquo;appr\u00e9cier au plus juste votre corps et de vous donner les clefs pour faire que votre image vous ressemble ! <\/strong><\/p>\n\n\n\n<p class=\"has-text-color\" style=\"color:#ffffff;font-size:5px\">SDFD<\/p>\n\n\n\n<div class=\"wp-block-columns\">\n<div class=\"wp-block-column\">\n<p class=\"has-text-align-center\" style=\"font-size:23px\"> <strong><a href=\"https:\/\/www.lauranovita.com\/lauranovita.com\/?page_id=29\">Les s\u00e9ances individuelles<\/a><\/strong> <\/p>\n\n\n\n<p class=\"has-text-align-center\" style=\"font-size:23px\"> <a href=\"https:\/\/www.lauranovita.com\/lauranovita.com\/index.php\/ateliers\/\"><strong>Les ateliers <\/strong><\/a> <\/p>\n<\/div>\n\n\n\n<div class=\"wp-block-column\">\n<p class=\"has-text-align-center\" style=\"font-size:23px\"> <a href=\"https:\/\/www.lauranovita.com\/lauranovita.com\/index.php\/e-conseil-en-image-en-ligne\/\"><strong>L&rsquo;e-relooking<\/strong><\/a> <\/p>\n\n\n\n<p class=\"has-text-align-center\" style=\"font-size:23px\"> <strong><a href=\"https:\/\/www.lauranovita.com\/lauranovita.com\/index.php\/cadeaux\/\">Les cadeaux<\/a> <\/strong><\/p>\n<\/div>\n<\/div>\n\n\n\n<figure class=\"wp-block-gallery has-nested-images columns-4 is-cropped\">\n<figure class=\"wp-block-image size-large\"><img loading=\"lazy\" width=\"768\" height=\"1024\" data-id=\"808\"  src=\"https:\/\/www.lauranovita.com\/lauranovita.com\/wp-content\/uploads\/2020\/03\/2-768x1024.jpg\" alt=\"\" class=\"wp-image-808\" srcset=\"https:\/\/www.lauranovita.com\/lauranovita.com\/wp-content\/uploads\/2020\/03\/2-768x1024.jpg 768w, https:\/\/www.lauranovita.com\/lauranovita.com\/wp-content\/uploads\/2020\/03\/2-225x300.jpg 225w, https:\/\/www.lauranovita.com\/lauranovita.com\/wp-content\/uploads\/2020\/03\/2-830x1107.jpg 830w, https:\/\/www.lauranovita.com\/lauranovita.com\/wp-content\/uploads\/2020\/03\/2-230x307.jpg 230w, https:\/\/www.lauranovita.com\/lauranovita.com\/wp-content\/uploads\/2020\/03\/2-350x467.jpg 350w, https:\/\/www.lauranovita.com\/lauranovita.com\/wp-content\/uploads\/2020\/03\/2-480x640.jpg 480w\" sizes=\"(max-width: 768px) 100vw, 768px\" \/><\/figure>\n\n\n\n<figure class=\"wp-block-image size-large\"><img loading=\"lazy\" width=\"1024\" height=\"603\" data-id=\"839\"  src=\"https:\/\/www.lauranovita.com\/lauranovita.com\/wp-content\/uploads\/2020\/03\/IMG_0497-2-1-1024x603.jpg\" alt=\"\" class=\"wp-image-839\" srcset=\"https:\/\/www.lauranovita.com\/lauranovita.com\/wp-content\/uploads\/2020\/03\/IMG_0497-2-1-1024x603.jpg 1024w, https:\/\/www.lauranovita.com\/lauranovita.com\/wp-content\/uploads\/2020\/03\/IMG_0497-2-1-300x177.jpg 300w, https:\/\/www.lauranovita.com\/lauranovita.com\/wp-content\/uploads\/2020\/03\/IMG_0497-2-1-768x452.jpg 768w, https:\/\/www.lauranovita.com\/lauranovita.com\/wp-content\/uploads\/2020\/03\/IMG_0497-2-1-830x489.jpg 830w, https:\/\/www.lauranovita.com\/lauranovita.com\/wp-content\/uploads\/2020\/03\/IMG_0497-2-1-230x135.jpg 230w, https:\/\/www.lauranovita.com\/lauranovita.com\/wp-content\/uploads\/2020\/03\/IMG_0497-2-1-350x206.jpg 350w, https:\/\/www.lauranovita.com\/lauranovita.com\/wp-content\/uploads\/2020\/03\/IMG_0497-2-1-480x283.jpg 480w\" sizes=\"(max-width: 1024px) 100vw, 1024px\" \/><\/figure>\n\n\n\n<figure class=\"wp-block-image size-large\"><img loading=\"lazy\" width=\"1024\" height=\"768\" data-id=\"822\"  src=\"https:\/\/www.lauranovita.com\/lauranovita.com\/wp-content\/uploads\/2020\/03\/IMG_1372-1-1024x768.jpg\" alt=\"\" class=\"wp-image-822\" srcset=\"https:\/\/www.lauranovita.com\/lauranovita.com\/wp-content\/uploads\/2020\/03\/IMG_1372-1-1024x768.jpg 1024w, https:\/\/www.lauranovita.com\/lauranovita.com\/wp-content\/uploads\/2020\/03\/IMG_1372-1-300x225.jpg 300w, https:\/\/www.lauranovita.com\/lauranovita.com\/wp-content\/uploads\/2020\/03\/IMG_1372-1-768x576.jpg 768w, https:\/\/www.lauranovita.com\/lauranovita.com\/wp-content\/uploads\/2020\/03\/IMG_1372-1-830x623.jpg 830w, https:\/\/www.lauranovita.com\/lauranovita.com\/wp-content\/uploads\/2020\/03\/IMG_1372-1-230x173.jpg 230w, https:\/\/www.lauranovita.com\/lauranovita.com\/wp-content\/uploads\/2020\/03\/IMG_1372-1-350x263.jpg 350w, https:\/\/www.lauranovita.com\/lauranovita.com\/wp-content\/uploads\/2020\/03\/IMG_1372-1-480x360.jpg 480w\" sizes=\"(max-width: 1024px) 100vw, 1024px\" \/><\/figure>\n<\/figure>\n\n\n\n<figure class=\"wp-block-embed is-type-video is-provider-youtube wp-block-embed-youtube wp-embed-aspect-16-9 wp-has-aspect-ratio\"><div class=\"wp-block-embed__wrapper\">\n<iframe loading=\"lazy\" title=\"&quot;LOOK, STYLE ET BEAUT\u00c9&quot; avec Laura NOVITA interview\u00e9e par Maggy VALLIER de C\u00e9l\u00e9ritup.\" width=\"1170\" height=\"658\" src=\"https:\/\/www.youtube.com\/embed\/RyiGV11fUr4?feature=oembed\" frameborder=\"0\" allow=\"accelerometer; autoplay; clipboard-write; encrypted-media; gyroscope; picture-in-picture\" allowfullscreen><\/iframe>\n<\/div><\/figure>\n","protected":false},"excerpt":{"rendered":"<p>L&rsquo;image que l&rsquo;on a de soi est importante pour notre confiance en soi. Une veste adapt\u00e9e \u00e0 [&hellip;]<\/p>\n","protected":false},"author":1,"featured_media":0,"parent":0,"menu_order":0,"comment_status":"closed","ping_status":"closed","template":"","meta":[],"yoast_head":"<!-- This site is optimized with the Yoast SEO plugin v18.4.1 - https:\/\/yoast.com\/wordpress\/plugins\/seo\/ -->\n<title>Conseil en Image, Ardennes 08<\/title>\n<meta name=\"description\" content=\"Vous souhaitez recevoir des conseils sur votre style vestimentaire, les couleurs pour faire en sorte que votre image vous ressemble ?\" \/>\n<meta name=\"robots\" content=\"index, follow, max-snippet:-1, max-image-preview:large, max-video-preview:-1\" \/>\n<link rel=\"canonical\" href=\"https:\/\/www.lauranovita.com\/lauranovita.com\/index.php\/conseil-en-image-ardennes\/\" \/>\n<meta property=\"og:locale\" content=\"fr_FR\" \/>\n<meta property=\"og:type\" content=\"article\" \/>\n<meta property=\"og:title\" content=\"Conseil en Image, Ardennes 08\" \/>\n<meta property=\"og:description\" content=\"Vous souhaitez recevoir des conseils sur votre style vestimentaire, les couleurs pour faire en sorte que votre image vous ressemble ?\" \/>\n<meta property=\"og:url\" content=\"https:\/\/www.lauranovita.com\/lauranovita.com\/index.php\/conseil-en-image-ardennes\/\" \/>\n<meta property=\"og:site_name\" content=\"Laura Novita - Conseil en Image et Communication 08\" \/>\n<meta property=\"article:modified_time\" content=\"2022-05-25T17:01:20+00:00\" \/>\n<meta property=\"og:image\" content=\"https:\/\/www.lauranovita.com\/lauranovita.com\/wp-content\/uploads\/2020\/03\/2-768x1024.jpg\" \/>\n<meta name=\"twitter:card\" content=\"summary_large_image\" \/>\n<meta name=\"twitter:label1\" content=\"Dur\u00e9e de lecture estim\u00e9e\" \/>\n\t<meta name=\"twitter:data1\" content=\"2 minutes\" \/>\n<script type=\"application\/ld+json\" class=\"yoast-schema-graph\">{\"@context\":\"https:\/\/schema.org\",\"@graph\":[{\"@type\":\"WebSite\",\"@id\":\"https:\/\/www.lauranovita.com\/lauranovita.com\/#website\",\"url\":\"https:\/\/www.lauranovita.com\/lauranovita.com\/\",\"name\":\"Laura Novita - Conseil en Image et Communication 08\",\"description\":\"Osez \u00eatre vous\",\"potentialAction\":[{\"@type\":\"SearchAction\",\"target\":{\"@type\":\"EntryPoint\",\"urlTemplate\":\"https:\/\/www.lauranovita.com\/lauranovita.com\/?s={search_term_string}\"},\"query-input\":\"required name=search_term_string\"}],\"inLanguage\":\"fr-FR\"},{\"@type\":\"ImageObject\",\"@id\":\"https:\/\/www.lauranovita.com\/lauranovita.com\/index.php\/conseil-en-image-ardennes\/#primaryimage\",\"inLanguage\":\"fr-FR\",\"url\":\"https:\/\/www.lauranovita.com\/lauranovita.com\/wp-content\/uploads\/2020\/03\/2.jpg\",\"contentUrl\":\"https:\/\/www.lauranovita.com\/lauranovita.com\/wp-content\/uploads\/2020\/03\/2.jpg\",\"width\":2724,\"height\":3634},{\"@type\":\"WebPage\",\"@id\":\"https:\/\/www.lauranovita.com\/lauranovita.com\/index.php\/conseil-en-image-ardennes\/#webpage\",\"url\":\"https:\/\/www.lauranovita.com\/lauranovita.com\/index.php\/conseil-en-image-ardennes\/\",\"name\":\"Conseil en Image, Ardennes 08\",\"isPartOf\":{\"@id\":\"https:\/\/www.lauranovita.com\/lauranovita.com\/#website\"},\"primaryImageOfPage\":{\"@id\":\"https:\/\/www.lauranovita.com\/lauranovita.com\/index.php\/conseil-en-image-ardennes\/#primaryimage\"},\"datePublished\":\"2020-03-19T14:38:30+00:00\",\"dateModified\":\"2022-05-25T17:01:20+00:00\",\"description\":\"Vous souhaitez recevoir des conseils sur votre style vestimentaire, les couleurs pour faire en sorte que votre image vous ressemble ?\",\"breadcrumb\":{\"@id\":\"https:\/\/www.lauranovita.com\/lauranovita.com\/index.php\/conseil-en-image-ardennes\/#breadcrumb\"},\"inLanguage\":\"fr-FR\",\"potentialAction\":[{\"@type\":\"ReadAction\",\"target\":[\"https:\/\/www.lauranovita.com\/lauranovita.com\/index.php\/conseil-en-image-ardennes\/\"]}]},{\"@type\":\"BreadcrumbList\",\"@id\":\"https:\/\/www.lauranovita.com\/lauranovita.com\/index.php\/conseil-en-image-ardennes\/#breadcrumb\",\"itemListElement\":[{\"@type\":\"ListItem\",\"position\":1,\"name\":\"Accueil\",\"item\":\"https:\/\/www.lauranovita.com\/lauranovita.com\/\"},{\"@type\":\"ListItem\",\"position\":2,\"name\":\"Image personnelle\"}]}]}<\/script>\n<!-- \/ Yoast SEO plugin. -->","yoast_head_json":{"title":"Conseil en Image, Ardennes 08","description":"Vous souhaitez recevoir des conseils sur votre style vestimentaire, les couleurs pour faire en sorte que votre image vous ressemble ?","robots":{"index":"index","follow":"follow","max-snippet":"max-snippet:-1","max-image-preview":"max-image-preview:large","max-video-preview":"max-video-preview:-1"},"canonical":"https:\/\/www.lauranovita.com\/lauranovita.com\/index.php\/conseil-en-image-ardennes\/","og_locale":"fr_FR","og_type":"article","og_title":"Conseil en Image, Ardennes 08","og_description":"Vous souhaitez recevoir des conseils sur votre style vestimentaire, les couleurs pour faire en sorte que votre image vous ressemble ?","og_url":"https:\/\/www.lauranovita.com\/lauranovita.com\/index.php\/conseil-en-image-ardennes\/","og_site_name":"Laura Novita - Conseil en Image et Communication 08","article_modified_time":"2022-05-25T17:01:20+00:00","og_image":[{"url":"https:\/\/www.lauranovita.com\/lauranovita.com\/wp-content\/uploads\/2020\/03\/2-768x1024.jpg"}],"twitter_card":"summary_large_image","twitter_misc":{"Dur\u00e9e de lecture estim\u00e9e":"2 minutes"},"schema":{"@context":"https:\/\/schema.org","@graph":[{"@type":"WebSite","@id":"https:\/\/www.lauranovita.com\/lauranovita.com\/#website","url":"https:\/\/www.lauranovita.com\/lauranovita.com\/","name":"Laura Novita - Conseil en Image et Communication 08","description":"Osez \u00eatre vous","potentialAction":[{"@type":"SearchAction","target":{"@type":"EntryPoint","urlTemplate":"https:\/\/www.lauranovita.com\/lauranovita.com\/?s={search_term_string}"},"query-input":"required name=search_term_string"}],"inLanguage":"fr-FR"},{"@type":"ImageObject","@id":"https:\/\/www.lauranovita.com\/lauranovita.com\/index.php\/conseil-en-image-ardennes\/#primaryimage","inLanguage":"fr-FR","url":"https:\/\/www.lauranovita.com\/lauranovita.com\/wp-content\/uploads\/2020\/03\/2.jpg","contentUrl":"https:\/\/www.lauranovita.com\/lauranovita.com\/wp-content\/uploads\/2020\/03\/2.jpg","width":2724,"height":3634},{"@type":"WebPage","@id":"https:\/\/www.lauranovita.com\/lauranovita.com\/index.php\/conseil-en-image-ardennes\/#webpage","url":"https:\/\/www.lauranovita.com\/lauranovita.com\/index.php\/conseil-en-image-ardennes\/","name":"Conseil en Image, Ardennes 08","isPartOf":{"@id":"https:\/\/www.lauranovita.com\/lauranovita.com\/#website"},"primaryImageOfPage":{"@id":"https:\/\/www.lauranovita.com\/lauranovita.com\/index.php\/conseil-en-image-ardennes\/#primaryimage"},"datePublished":"2020-03-19T14:38:30+00:00","dateModified":"2022-05-25T17:01:20+00:00","description":"Vous souhaitez recevoir des conseils sur votre style vestimentaire, les couleurs pour faire en sorte que votre image vous ressemble ?","breadcrumb":{"@id":"https:\/\/www.lauranovita.com\/lauranovita.com\/index.php\/conseil-en-image-ardennes\/#breadcrumb"},"inLanguage":"fr-FR","potentialAction":[{"@type":"ReadAction","target":["https:\/\/www.lauranovita.com\/lauranovita.com\/index.php\/conseil-en-image-ardennes\/"]}]},{"@type":"BreadcrumbList","@id":"https:\/\/www.lauranovita.com\/lauranovita.com\/index.php\/conseil-en-image-ardennes\/#breadcrumb","itemListElement":[{"@type":"ListItem","position":1,"name":"Accueil","item":"https:\/\/www.lauranovita.com\/lauranovita.com\/"},{"@type":"ListItem","position":2,"name":"Image personnelle"}]}]}},"_links":{"self":[{"href":"https:\/\/www.lauranovita.com\/lauranovita.com\/index.php\/wp-json\/wp\/v2\/pages\/881"}],"collection":[{"href":"https:\/\/www.lauranovita.com\/lauranovita.com\/index.php\/wp-json\/wp\/v2\/pages"}],"about":[{"href":"https:\/\/www.lauranovita.com\/lauranovita.com\/index.php\/wp-json\/wp\/v2\/types\/page"}],"author":[{"embeddable":true,"href":"https:\/\/www.lauranovita.com\/lauranovita.com\/index.php\/wp-json\/wp\/v2\/users\/1"}],"replies":[{"embeddable":true,"href":"https:\/\/www.lauranovita.com\/lauranovita.com\/index.php\/wp-json\/wp\/v2\/comments?post=881"}],"version-history":[{"count":36,"href":"https:\/\/www.lauranovita.com\/lauranovita.com\/index.php\/wp-json\/wp\/v2\/pages\/881\/revisions"}],"predecessor-version":[{"id":5038,"href":"https:\/\/www.lauranovita.com\/lauranovita.com\/index.php\/wp-json\/wp\/v2\/pages\/881\/revisions\/5038"}],"wp:attachment":[{"href":"https:\/\/www.lauranovita.com\/lauranovita.com\/index.php\/wp-json\/wp\/v2\/media?parent=881"}],"curies":[{"name":"wp","href":"https:\/\/api.w.org\/{rel}","templated":true}]}}